{"id":17523,"date":"2015-03-19T13:21:01","date_gmt":"2015-03-19T13:21:01","guid":{"rendered":"http:\/\/www.starsislandlapalma.es\/?page_id=17523"},"modified":"2021-10-27T12:09:10","modified_gmt":"2021-10-27T12:09:10","slug":"der-himmel-buchung-starlight-der-himmel-buchung-starlight","status":"publish","type":"page","link":"https:\/\/www.starsislandlapalma.es\/de\/die-insel\/der-himmel-buchung-starlight-der-himmel-buchung-starlight\/","title":{"rendered":"Der Himmel (Buchung Starlight)"},"content":{"rendered":"<p>[vc_row css_animation=&#8220;&#8220; row_type=&#8220;row&#8220; use_row_as_full_screen_section=&#8220;no&#8220; type=&#8220;grid&#8220; angled_section=&#8220;no&#8220; text_align=&#8220;left&#8220; background_image_as_pattern=&#8220;without_pattern&#8220; padding_top=&#8220;50&#8243;][vc_column][vc_column_text]<\/p>\n<h2 style=\"text-align: center;\">Der Himmel (Buchung Starlight)<\/h2>\n<p>[\/vc_column_text][vc_separator type=&#8220;small&#8220; position=&#8220;center&#8220; up=&#8220;20&#8243; down=&#8220;30&#8243;][vc_separator type=&#8220;transparent&#8220; up=&#8220;50&#8243; down=&#8220;20&#8243;][vc_column_text]<\/p>\n<p style=\"text-align: justify;\">Einzigartige Umweltfaktoren trugen zur Ernennung der Insel La Palma zum <strong>Weltbiosph\u00e4renreservat durch die UNESCO ei. Rund ein Drittel der Inselfl\u00e4che wurde als ein gesch\u00fctzter Naturraum eingestuft.<\/strong> Das beste Beispiel gibt diesbez\u00fcglich der Nationalpark La Caldera de Taburiente ab, dessen Form und Beschaffenheit sich im Laufe von Jahrmillionen entwickelte und in dem heute eine kontrastreiche Pflanzenwelt in zahlreichen Mikroklimas zu bestaunen ist. Auf dem h\u00f6chsten Punkt, oberhalb des charakteristischen Wolkenfalls auf rund 2.400 m.\u00fc.M., befindet sich das international renommierte Observatorium Roque de Los Muchachos. Hier herrschen ausgezeichnete klimatische Bedingungen und optimale Voraussetzungen f\u00fcr die n\u00e4chtliche Beobachtung der Himmelsk\u00f6rper: eine nahezu reine Atmosph\u00e4re, die ohne Luftwirbel und durch den Atlantik stabilisiert tiefe Einblicke in das Universum erlaubt. Dieses Observatorium z\u00e4hlt weltweit zu den besten Einrichtungen f\u00fcr die Sternbeobachtung. Ein im Jahr 2007 extra f\u00fcr die Arbeit an den Teleskopen erlassenes Gesetz zum Schutz des Nachthimmels garantiert den Astrophysikern langfristig optimale <strong>Bedingungen f\u00fcr ihre wissenschaftlichen Arbeiten. Im Jahr 2012 entstand auf dieser Basis die touristische Initiative Starlight<\/strong>, die seitdem auch den interessierten Besuchern zur Seite steht, um ihnen den au\u00dferordentlichen Sternenhimmel \u00fcber La Palma zu erkl\u00e4ren und entsprechende Information an die Hand zu geben.<\/p>\n<p>[\/vc_column_text][vc_separator type=&#8220;transparent&#8220; up=&#8220;20&#8243; down=&#8220;20&#8243;]<blockquote class=' with_quote_icon' style=''><i class='fa fa-quote-right' style=''><\/i><h5 class='blockquote-text' style=''>Das Recht auf einen nicht verseuchten Himmel, der erlaubt, die Betrachtung des Firmaments ungetr\u00fcbt zu genie\u03b2en, muss als unver\u00e4u\u03b2erliches Recht der Menschheit gesehen werden vergleichbar mit Menschenrechten wie z.B. sozialen, kulturellen etc Umfelds...<\/h5><\/blockquote>[vc_separator type=&#8220;full_width&#8220; up=&#8220;30&#8243; down=&#8220;20&#8243;][vc_row_inner row_type=&#8220;row&#8220; type=&#8220;full_width&#8220; text_align=&#8220;center&#8220; css_animation=&#8220;&#8220;][vc_column_inner][vc_column_text]<\/p>\n<h3 style=\"text-align: center;\">Das himmelschutzgesetz<\/h3>\n<p>[\/vc_column_text][vc_separator type=&#8220;small&#8220; position=&#8220;center&#8220; up=&#8220;20&#8243; down=&#8220;30&#8243;][vc_column_text]<\/p>\n<p style=\"text-align: justify;\"><strong>La Palma ist einer der ersten Orte auf der Welt<\/strong>, in denen das im Jahr 1988 erlassene Gesetz zum Schutz des Nachthimmels gilt. Seitdem herrschen auf der Insel optimale Bedingungen, um Sternbeobachtungen durchzuf\u00fchren. Das Gesetz regelt die Entstehung potentieller St\u00f6rfaktoren, wie eine helle Nachtausleuchtung der Insel, elektrostatische Verunreinigungen der Atmosph\u00e4re sowie die Freizone von Flugrouten, um optimale Bedingungen zur wissenschaftlichen Beobachtung des Universums zu gew\u00e4hrleisten.<\/p>\n<p style=\"text-align: justify;\">Studie zur Bestimmung der realen Lichtverschmutzung des Nachthimmels durch <strong>Antonio Gonz\u00e1lez<\/strong> (<a href=\"http:\/\/www.cielos-lapalma.es\/\" target=\"_blank\" rel=\"noopener\">Cielos-LaPalma.com<\/a>) f\u00fcr die Inselregierung Cabildo Insular de La Palma. An Aussichtspunkten und Bereichen astronomischen Interesses. Messungen werden durch SQM (Sky Quality Meter) realisiert. Messungen zwischen M\u00e4rz und April 2013. Die visuelle Grenzhelligkeit (MALE) einer Person mit durchschnittlichem Sehverm\u00f6gen an einem dunklen Standort bei guter Nachtsicht wird mit dem Faktor 6 angegeben. Liegt der Faktor darunter, k\u00f6nnen Ausleuchtungen am Standort der Grund sein. Der Sky Quality Meter (SQM) bietet Werte in einer logarithmischen Gr\u00f6\u00dfenskala von Magnituden pro Quadratbogensekunde. Ihre Werte reichen von 16 bis 22, wobei letzterer Wert f\u00fcr dunkle Nachthimmel ohne Lichtverschmutzung steht.<\/p>\n<p>[\/vc_column_text][vc_separator type=&#8220;transparent&#8220; up=&#8220;30&#8243; down=&#8220;30&#8243;][\/vc_column_inner][\/vc_row_inner][\/vc_column][\/vc_row][vc_row css_animation=&#8220;&#8220; row_type=&#8220;row&#8220; use_row_as_full_screen_section=&#8220;no&#8220; type=&#8220;full_width&#8220; angled_section=&#8220;no&#8220; text_align=&#8220;center&#8220; background_image=&#8220;15408&#8243; background_image_as_pattern=&#8220;without_pattern&#8220;][vc_column][vc_separator type=&#8220;transparent&#8220; up=&#8220;45&#8243; down=&#8220;0&#8243;][vc_column_text]<\/p>\n<h2 style=\"text-align: center;\"><span style=\"color: #ffffff;\">BESUCHEN SIE DAS OBSERVATORIUM<\/span><\/h2>\n<p>[\/vc_column_text][vc_separator type=&#8220;small&#8220; position=&#8220;center&#8220; color=&#8220;#ffffff&#8220; up=&#8220;24&#8243; down=&#8220;29&#8243;][vc_column_text]<\/p>\n<h6 style=\"text-align: center;\"><span style=\"color: #ffffff;\">Das Observatorium vom Roque de Los Muchachos steht interessierten Besuchern offen.<\/span><\/h6>\n<h6 style=\"text-align: center;\"><span style=\"color: #ffffff;\">Nutzen Sie diese Gelegenheit und genie\u00dfen Sie die Sterne von einem der privilegiertesten Orte der Erde f\u00fcr die astronomische Observation. <\/span><\/h6>\n<p>[\/vc_column_text][vc_separator type=&#8220;transparent&#8220; up=&#8220;31&#8243; down=&#8220;0&#8243;][vc_row_inner row_type=&#8220;row&#8220; type=&#8220;full_width&#8220; text_align=&#8220;center&#8220; css_animation=&#8220;&#8220;][vc_column_inner width=&#8220;1\/3&#8243;]<a  itemprop=\"url\" href=\"http:\/\/www.starsislandlapalma.es\/observatorio-astrofisico\/visitas-guiadas\/reserva-particulares\/index_en.html\" target=\"_blank\" data-hover-background-color=#005769 data-hover-border-color=#005769 data-hover-color=#ffffff class=\"qbutton  small center default\" style=\"color: #000000; border-color: #ffffff; background-color: #ffffff;\">PRIVATE RESERVIERUNG<\/a>[\/vc_column_inner][vc_column_inner width=&#8220;1\/3&#8243;]<a  itemprop=\"url\" href=\"https:\/\/www.iac.es\/es\/observatorios-de-canarias\/observatorio-del-roque-de-los-muchachos\/visitas?lang=en\" target=\"_blank\" data-hover-background-color=#005769 data-hover-border-color=#005769 data-hover-color=#ffffff class=\"qbutton  small center default\" style=\"color: #000000; border-color: #ffffff; background-color: #ffffff;\">RESERVIERUNG BILDUNGSZENTREN<\/a>[\/vc_column_inner][vc_column_inner width=&#8220;1\/3&#8243;]<a  itemprop=\"url\" href=\"https:\/\/www.iac.es\/en\/outreach\/attention-to-the-media\/form-for-requesting-a-visit-for-communications-media\" target=\"_blank\" data-hover-background-color=#005769 data-hover-border-color=#005769 data-hover-color=#ffffff class=\"qbutton  small center default\" style=\"color: #000000; border-color: #ffffff; background-color: #ffffff;\">RESERVIERUNG MEDIEN &amp; PRESSE<\/a>[\/vc_column_inner][\/vc_row_inner][vc_separator type=&#8220;transparent&#8220; up=&#8220;121&#8243; down=&#8220;0&#8243;][\/vc_column][\/vc_row]<\/p>\n","protected":false},"excerpt":{"rendered":"<p>[vc_row css_animation=&#8220;&#8220; row_type=&#8220;row&#8220; use_row_as_full_screen_section=&#8220;no&#8220; type=&#8220;grid&#8220; angled_section=&#8220;no&#8220; text_align=&#8220;left&#8220; background_image_as_pattern=&#8220;without_pattern&#8220; padding_top=&#8220;50&#8243;][vc_column][vc_column_text] Der Himmel (Buchung Starlight) [\/vc_column_text][vc_separator type=&#8220;small&#8220; position=&#8220;center&#8220; up=&#8220;20&#8243; down=&#8220;30&#8243;][vc_separator type=&#8220;transparent&#8220; up=&#8220;50&#8243; down=&#8220;20&#8243;][vc_column_text] Einzigartige Umweltfaktoren trugen zur Ernennung der Insel La Palma zum Weltbiosph\u00e4renreservat durch die UNESCO ei. Rund ein Drittel der Inselfl\u00e4che wurde als ein gesch\u00fctzter&#8230;<\/p>\n","protected":false},"author":1,"featured_media":0,"parent":17516,"menu_order":0,"comment_status":"open","ping_status":"closed","template":"full_width.php","meta":{"footnotes":""},"yoast_head":"<!-- This site is optimized with the Yoast SEO plugin v24.5 - https:\/\/yoast.com\/wordpress\/plugins\/seo\/ -->\n<title>Der Himmel (Buchung Starlight) &#8902; Stars Island La Palma<\/title>\n<meta name=\"robots\" content=\"index, follow, max-snippet:-1, max-image-preview:large, max-video-preview:-1\" \/>\n<link rel=\"canonical\" href=\"https:\/\/www.starsislandlapalma.es\/de\/die-insel\/der-himmel-buchung-starlight-der-himmel-buchung-starlight\/\" \/>\n<meta property=\"og:locale\" content=\"de_DE\" \/>\n<meta property=\"og:type\" content=\"article\" \/>\n<meta property=\"og:title\" content=\"Der Himmel (Buchung Starlight) &#8902; Stars Island La Palma\" \/>\n<meta property=\"og:description\" content=\"[vc_row css_animation=&#8220;&#8220; row_type=&#8220;row&#8220; use_row_as_full_screen_section=&#8220;no&#8220; type=&#8220;grid&#8220; angled_section=&#8220;no&#8220; text_align=&#8220;left&#8220; background_image_as_pattern=&#8220;without_pattern&#8220; padding_top=&#8220;50&#8243;][vc_column][vc_column_text] Der Himmel (Buchung Starlight) [\/vc_column_text][vc_separator type=&#8220;small&#8220; position=&#8220;center&#8220; up=&#8220;20&#8243; down=&#8220;30&#8243;][vc_separator type=&#8220;transparent&#8220; up=&#8220;50&#8243; down=&#8220;20&#8243;][vc_column_text] Einzigartige Umweltfaktoren trugen zur Ernennung der Insel La Palma zum Weltbiosph\u00e4renreservat durch die UNESCO ei. Rund ein Drittel der Inselfl\u00e4che wurde als ein gesch\u00fctzter...\" \/>\n<meta property=\"og:url\" content=\"https:\/\/www.starsislandlapalma.es\/de\/die-insel\/der-himmel-buchung-starlight-der-himmel-buchung-starlight\/\" \/>\n<meta property=\"og:site_name\" content=\"Stars Island La Palma\" \/>\n<meta property=\"article:publisher\" content=\"https:\/\/www.facebook.com\/pages\/Starsisland-La-Palma\/210888162375006?ref=hl\" \/>\n<meta property=\"article:modified_time\" content=\"2021-10-27T12:09:10+00:00\" \/>\n<meta name=\"twitter:label1\" content=\"Gesch\u00e4tzte Lesezeit\" \/>\n\t<meta name=\"twitter:data1\" content=\"4\u00a0Minuten\" \/>\n<script type=\"application\/ld+json\" class=\"yoast-schema-graph\">{\"@context\":\"https:\/\/schema.org\",\"@graph\":[{\"@type\":\"WebPage\",\"@id\":\"https:\/\/www.starsislandlapalma.es\/de\/die-insel\/der-himmel-buchung-starlight-der-himmel-buchung-starlight\/\",\"url\":\"https:\/\/www.starsislandlapalma.es\/de\/die-insel\/der-himmel-buchung-starlight-der-himmel-buchung-starlight\/\",\"name\":\"Der Himmel (Buchung Starlight) &#8902; Stars Island La Palma\",\"isPartOf\":{\"@id\":\"https:\/\/www.starsislandlapalma.es\/#website\"},\"datePublished\":\"2015-03-19T13:21:01+00:00\",\"dateModified\":\"2021-10-27T12:09:10+00:00\",\"breadcrumb\":{\"@id\":\"https:\/\/www.starsislandlapalma.es\/de\/die-insel\/der-himmel-buchung-starlight-der-himmel-buchung-starlight\/#breadcrumb\"},\"inLanguage\":\"de\",\"potentialAction\":[{\"@type\":\"ReadAction\",\"target\":[\"https:\/\/www.starsislandlapalma.es\/de\/die-insel\/der-himmel-buchung-starlight-der-himmel-buchung-starlight\/\"]}]},{\"@type\":\"BreadcrumbList\",\"@id\":\"https:\/\/www.starsislandlapalma.es\/de\/die-insel\/der-himmel-buchung-starlight-der-himmel-buchung-starlight\/#breadcrumb\",\"itemListElement\":[{\"@type\":\"ListItem\",\"position\":1,\"name\":\"Portada\",\"item\":\"https:\/\/www.starsislandlapalma.es\/de\/\"},{\"@type\":\"ListItem\",\"position\":2,\"name\":\"Die Insel\",\"item\":\"https:\/\/www.starsislandlapalma.es\/de\/die-insel\/\"},{\"@type\":\"ListItem\",\"position\":3,\"name\":\"Der Himmel (Buchung Starlight)\"}]},{\"@type\":\"WebSite\",\"@id\":\"https:\/\/www.starsislandlapalma.es\/#website\",\"url\":\"https:\/\/www.starsislandlapalma.es\/\",\"name\":\"Stars Island La Palma\",\"description\":\"La Palma, el lugar perfecto para disfrutar del universo. Primera Reserva Starlight del mundo, en 2012 se reconoce como Destino Tur\u00edstico Starlight\",\"publisher\":{\"@id\":\"https:\/\/www.starsislandlapalma.es\/#organization\"},\"potentialAction\":[{\"@type\":\"SearchAction\",\"target\":{\"@type\":\"EntryPoint\",\"urlTemplate\":\"https:\/\/www.starsislandlapalma.es\/?s={search_term_string}\"},\"query-input\":{\"@type\":\"PropertyValueSpecification\",\"valueRequired\":true,\"valueName\":\"search_term_string\"}}],\"inLanguage\":\"de\"},{\"@type\":\"Organization\",\"@id\":\"https:\/\/www.starsislandlapalma.es\/#organization\",\"name\":\"Star Island La Palma\",\"url\":\"https:\/\/www.starsislandlapalma.es\/\",\"logo\":{\"@type\":\"ImageObject\",\"inLanguage\":\"de\",\"@id\":\"https:\/\/www.starsislandlapalma.es\/#\/schema\/logo\/image\/\",\"url\":\"https:\/\/www.starsislandlapalma.es\/wp-content\/uploads\/2022\/01\/logo_starisland.png\",\"contentUrl\":\"https:\/\/www.starsislandlapalma.es\/wp-content\/uploads\/2022\/01\/logo_starisland.png\",\"width\":172,\"height\":139,\"caption\":\"Star Island La Palma\"},\"image\":{\"@id\":\"https:\/\/www.starsislandlapalma.es\/#\/schema\/logo\/image\/\"},\"sameAs\":[\"https:\/\/www.facebook.com\/pages\/Starsisland-La-Palma\/210888162375006?ref=hl\",\"https:\/\/x.com\/starsislandlapa\",\"https:\/\/www.pinterest.com\/astroturismo\/\",\"https:\/\/www.youtube.com\/channel\/UCV7sju1ggcBpJG39HQCBtsA\"]}]}<\/script>\n<!-- \/ Yoast SEO plugin. -->","yoast_head_json":{"title":"Der Himmel (Buchung Starlight) &#8902; Stars Island La Palma","robots":{"index":"index","follow":"follow","max-snippet":"max-snippet:-1","max-image-preview":"max-image-preview:large","max-video-preview":"max-video-preview:-1"},"canonical":"https:\/\/www.starsislandlapalma.es\/de\/die-insel\/der-himmel-buchung-starlight-der-himmel-buchung-starlight\/","og_locale":"de_DE","og_type":"article","og_title":"Der Himmel (Buchung Starlight) &#8902; Stars Island La Palma","og_description":"[vc_row css_animation=&#8220;&#8220; row_type=&#8220;row&#8220; use_row_as_full_screen_section=&#8220;no&#8220; type=&#8220;grid&#8220; angled_section=&#8220;no&#8220; text_align=&#8220;left&#8220; background_image_as_pattern=&#8220;without_pattern&#8220; padding_top=&#8220;50&#8243;][vc_column][vc_column_text] Der Himmel (Buchung Starlight) [\/vc_column_text][vc_separator type=&#8220;small&#8220; position=&#8220;center&#8220; up=&#8220;20&#8243; down=&#8220;30&#8243;][vc_separator type=&#8220;transparent&#8220; up=&#8220;50&#8243; down=&#8220;20&#8243;][vc_column_text] Einzigartige Umweltfaktoren trugen zur Ernennung der Insel La Palma zum Weltbiosph\u00e4renreservat durch die UNESCO ei. Rund ein Drittel der Inselfl\u00e4che wurde als ein gesch\u00fctzter...","og_url":"https:\/\/www.starsislandlapalma.es\/de\/die-insel\/der-himmel-buchung-starlight-der-himmel-buchung-starlight\/","og_site_name":"Stars Island La Palma","article_publisher":"https:\/\/www.facebook.com\/pages\/Starsisland-La-Palma\/210888162375006?ref=hl","article_modified_time":"2021-10-27T12:09:10+00:00","twitter_misc":{"Gesch\u00e4tzte Lesezeit":"4\u00a0Minuten"},"schema":{"@context":"https:\/\/schema.org","@graph":[{"@type":"WebPage","@id":"https:\/\/www.starsislandlapalma.es\/de\/die-insel\/der-himmel-buchung-starlight-der-himmel-buchung-starlight\/","url":"https:\/\/www.starsislandlapalma.es\/de\/die-insel\/der-himmel-buchung-starlight-der-himmel-buchung-starlight\/","name":"Der Himmel (Buchung Starlight) &#8902; Stars Island La Palma","isPartOf":{"@id":"https:\/\/www.starsislandlapalma.es\/#website"},"datePublished":"2015-03-19T13:21:01+00:00","dateModified":"2021-10-27T12:09:10+00:00","breadcrumb":{"@id":"https:\/\/www.starsislandlapalma.es\/de\/die-insel\/der-himmel-buchung-starlight-der-himmel-buchung-starlight\/#breadcrumb"},"inLanguage":"de","potentialAction":[{"@type":"ReadAction","target":["https:\/\/www.starsislandlapalma.es\/de\/die-insel\/der-himmel-buchung-starlight-der-himmel-buchung-starlight\/"]}]},{"@type":"BreadcrumbList","@id":"https:\/\/www.starsislandlapalma.es\/de\/die-insel\/der-himmel-buchung-starlight-der-himmel-buchung-starlight\/#breadcrumb","itemListElement":[{"@type":"ListItem","position":1,"name":"Portada","item":"https:\/\/www.starsislandlapalma.es\/de\/"},{"@type":"ListItem","position":2,"name":"Die Insel","item":"https:\/\/www.starsislandlapalma.es\/de\/die-insel\/"},{"@type":"ListItem","position":3,"name":"Der Himmel (Buchung Starlight)"}]},{"@type":"WebSite","@id":"https:\/\/www.starsislandlapalma.es\/#website","url":"https:\/\/www.starsislandlapalma.es\/","name":"Stars Island La Palma","description":"La Palma, el lugar perfecto para disfrutar del universo. Primera Reserva Starlight del mundo, en 2012 se reconoce como Destino Tur\u00edstico Starlight","publisher":{"@id":"https:\/\/www.starsislandlapalma.es\/#organization"},"potentialAction":[{"@type":"SearchAction","target":{"@type":"EntryPoint","urlTemplate":"https:\/\/www.starsislandlapalma.es\/?s={search_term_string}"},"query-input":{"@type":"PropertyValueSpecification","valueRequired":true,"valueName":"search_term_string"}}],"inLanguage":"de"},{"@type":"Organization","@id":"https:\/\/www.starsislandlapalma.es\/#organization","name":"Star Island La Palma","url":"https:\/\/www.starsislandlapalma.es\/","logo":{"@type":"ImageObject","inLanguage":"de","@id":"https:\/\/www.starsislandlapalma.es\/#\/schema\/logo\/image\/","url":"https:\/\/www.starsislandlapalma.es\/wp-content\/uploads\/2022\/01\/logo_starisland.png","contentUrl":"https:\/\/www.starsislandlapalma.es\/wp-content\/uploads\/2022\/01\/logo_starisland.png","width":172,"height":139,"caption":"Star Island La Palma"},"image":{"@id":"https:\/\/www.starsislandlapalma.es\/#\/schema\/logo\/image\/"},"sameAs":["https:\/\/www.facebook.com\/pages\/Starsisland-La-Palma\/210888162375006?ref=hl","https:\/\/x.com\/starsislandlapa","https:\/\/www.pinterest.com\/astroturismo\/","https:\/\/www.youtube.com\/channel\/UCV7sju1ggcBpJG39HQCBtsA"]}]}},"_links":{"self":[{"href":"https:\/\/www.starsislandlapalma.es\/de\/wp-json\/wp\/v2\/pages\/17523\/"}],"collection":[{"href":"https:\/\/www.starsislandlapalma.es\/de\/wp-json\/wp\/v2\/pages\/"}],"about":[{"href":"https:\/\/www.starsislandlapalma.es\/de\/wp-json\/wp\/v2\/types\/page\/"}],"author":[{"embeddable":true,"href":"https:\/\/www.starsislandlapalma.es\/de\/wp-json\/wp\/v2\/users\/1\/"}],"replies":[{"embeddable":true,"href":"https:\/\/www.starsislandlapalma.es\/de\/wp-json\/wp\/v2\/comments\/?post=17523"}],"version-history":[{"count":0,"href":"https:\/\/www.starsislandlapalma.es\/de\/wp-json\/wp\/v2\/pages\/17523\/revisions\/"}],"up":[{"embeddable":true,"href":"https:\/\/www.starsislandlapalma.es\/de\/wp-json\/wp\/v2\/pages\/17516\/"}],"wp:attachment":[{"href":"https:\/\/www.starsislandlapalma.es\/de\/wp-json\/wp\/v2\/media\/?parent=17523"}],"curies":[{"name":"wp","href":"https:\/\/api.w.org\/{rel}","templated":true}]}}