{"id":17571,"date":"2015-03-19T15:07:59","date_gmt":"2015-03-19T15:07:59","guid":{"rendered":"http:\/\/www.starsislandlapalma.es\/?page_id=17571"},"modified":"2015-03-19T16:43:22","modified_gmt":"2015-03-19T16:43:22","slug":"ort-der-astronomischen-interessen","status":"publish","type":"page","link":"https:\/\/www.starsislandlapalma.es\/de\/wandern-und-beobachten\/ort-der-astronomischen-interessen\/","title":{"rendered":"Ort der astronomischen Interessen"},"content":{"rendered":"<p>[vc_row row_type=&#8220;row&#8220; type=&#8220;grid&#8220; text_align=&#8220;left&#8220; padding_top=&#8220;87&#8243; padding_bottom=&#8220;0&#8243; background_color=&#8220;#ffffff&#8220;][vc_column width=&#8220;1\/1&#8243;][vc_column_text]<\/p>\n<h4 style=\"text-align: center;\">Wenn f\u00fcr den Allgemein-Tourismus ein Netz von astronomischen Aussichtspunkte und Orte geeignet f\u00fcr den Genuss des Himmels angeboten wird, so stehen auch f\u00fcr spezialisierte Personen, etwas h\u00f6her liegende Orte, wo der Himmel v\u00f6llig dunkel ist, zur Verf\u00fcgung. Auf diese Weise entstand der <em>&#8222;Ort der astronomischen Interessen&#8220;<\/em> (L.I.A.). In einigen F\u00e4llen, an dunklen Orten, wie vorgenannt, in anderen, sind es gemeinsame Punkte, Standorte von Sonnenuhren oder arch\u00e4ologische Fundorte, die in astronomischer Beziehung stehen.<\/h4>\n<p>[\/vc_column_text][vc_separator type=&#8220;transparent&#8220; position=&#8220;center&#8220; up=&#8220;31&#8243; down=&#8220;19&#8243;][\/vc_column][\/vc_row][vc_row row_type=&#8220;row&#8220; type=&#8220;grid&#8220; text_align=&#8220;left&#8220; padding_top=&#8220;77&#8243; background_color=&#8220;#ffffff&#8220; padding_bottom=&#8220;48&#8243;][vc_column width=&#8220;1\/3&#8243;][vc_row_inner row_type=&#8220;row&#8220; type=&#8220;full_width&#8220; text_align=&#8220;right&#8220;][vc_column_inner width=&#8220;1\/1&#8243;][vc_single_image image=&#8220;16437&#8243; img_link_target=&#8220;_self&#8220; qode_css_animation=&#8220;element_from_left&#8220; transition_delay=&#8220;0.3&#8243; img_size=&#8220;347&#215;347&#8243; alignment=&#8220;center&#8220; border_color=&#8220;grey&#8220;][vc_separator type=&#8220;transparent&#8220; position=&#8220;center&#8220; up=&#8220;21&#8243; down=&#8220;0&#8243;][\/vc_column_inner][\/vc_row_inner][\/vc_column][vc_column width=&#8220;2\/3&#8243;][vc_separator type=&#8220;transparent&#8220; position=&#8220;center&#8220; up=&#8220;12&#8243; down=&#8220;0&#8243;][vc_column_text]<\/p>\n<h2 style=\"text-align: left;\">Arch\u00e4oastronomie<\/h2>\n<p>[\/vc_column_text][vc_separator type=&#8220;small&#8220; position=&#8220;left&#8220; down=&#8220;38&#8243; up=&#8220;7&#8243;][vc_column_text]<\/p>\n<p style=\"text-align: justify;\">Seite einigen Jahren arbeitet man auf La Palma <strong>daran die Verbindung der \u00f6rtlichen Arch\u00e4ologie mit der Astronomie zu verstehen.<\/strong> Es sind Beweise vorhanden, dass die ersten Bewohner, <strong>die Awara, in ihrer Kultur die Sonne, den Mond und andere Sterne anbeteten.<\/strong> Es werden die Standorte und Steinanh\u00e4ufungen erforscht, die mit den wichtigsten Bewegungen der Gestirne, der Sonne und des Mondes in Verbindung stehen k\u00f6nnten.<\/p>\n<p>[\/vc_column_text][vc_separator type=&#8220;transparent&#8220; position=&#8220;center&#8220; up=&#8220;41&#8243; down=&#8220;0&#8243;]<a  itemprop=\"url\" href=\"http:\/\/www.starsislandlapalma.es\/de\/wandern-und-beobachten\/ort-der-astronomischen-interessen\/archaoastronomie\" target=\"_self\"  class=\"qbutton  default\" style=\"\">Mehr Info<\/a>[vc_separator type=&#8220;transparent&#8220; position=&#8220;center&#8220; up=&#8220;59&#8243; down=&#8220;0&#8243;][\/vc_column][\/vc_row][vc_row row_type=&#8220;row&#8220; type=&#8220;grid&#8220; text_align=&#8220;left&#8220; padding_top=&#8220;87&#8243; background_image_as_pattern=&#8220;without_pattern&#8220;][vc_column width=&#8220;2\/3&#8243;][vc_separator type=&#8220;transparent&#8220; position=&#8220;center&#8220; up=&#8220;12&#8243; down=&#8220;0&#8243;][vc_column_text]<\/p>\n<h2 style=\"text-align: left;\">Sonnenuhren<\/h2>\n<p>[\/vc_column_text][vc_separator type=&#8220;small&#8220; position=&#8220;left&#8220; down=&#8220;38&#8243; up=&#8220;7&#8243;][vc_column_text]<\/p>\n<p style=\"text-align: justify;\">Es gibt zahlreiche Sonnenuhren auf der Insel La Palma, die sowohl an \u00f6ffentlichen Geb\u00e4uden als auch an privaten H\u00e4usern installiert sind. Hier ist eine Liste einiger dieser Sonnenuhren:<\/p>\n<p>[\/vc_column_text][vc_separator type=&#8220;transparent&#8220; position=&#8220;center&#8220; up=&#8220;41&#8243; down=&#8220;0&#8243;]<a  itemprop=\"url\" href=\"sonnenuhren\" target=\"_self\"  class=\"qbutton  default\" style=\"\">Mehr Info<\/a>[vc_separator type=&#8220;transparent&#8220; position=&#8220;center&#8220; up=&#8220;20&#8243; down=&#8220;0&#8243;][\/vc_column][vc_column width=&#8220;1\/3&#8243;][vc_row_inner row_type=&#8220;row&#8220; type=&#8220;full_width&#8220; text_align=&#8220;right&#8220;][vc_column_inner width=&#8220;1\/1&#8243;][vc_single_image image=&#8220;16453&#8243; img_link_target=&#8220;_self&#8220; qode_css_animation=&#8220;element_from_right&#8220; transition_delay=&#8220;0.3&#8243; img_size=&#8220;347&#215;347&#8243; alignment=&#8220;center&#8220; border_color=&#8220;grey&#8220;][vc_separator type=&#8220;transparent&#8220; position=&#8220;center&#8220; up=&#8220;21&#8243; down=&#8220;0&#8243;][\/vc_column_inner][\/vc_row_inner][\/vc_column][\/vc_row][vc_row row_type=&#8220;row&#8220; type=&#8220;grid&#8220; text_align=&#8220;left&#8220; padding_top=&#8220;77&#8243; background_color=&#8220;#ffffff&#8220; padding_bottom=&#8220;48&#8243;][vc_column width=&#8220;1\/3&#8243;][vc_row_inner row_type=&#8220;row&#8220; type=&#8220;full_width&#8220; text_align=&#8220;right&#8220;][vc_column_inner width=&#8220;1\/1&#8243;][vc_single_image image=&#8220;16454&#8243; img_link_target=&#8220;_self&#8220; qode_css_animation=&#8220;element_from_left&#8220; transition_delay=&#8220;0.3&#8243; img_size=&#8220;347&#215;347&#8243; alignment=&#8220;center&#8220; border_color=&#8220;grey&#8220;][vc_separator type=&#8220;transparent&#8220; position=&#8220;center&#8220; up=&#8220;21&#8243; down=&#8220;0&#8243;][\/vc_column_inner][\/vc_row_inner][\/vc_column][vc_column width=&#8220;2\/3&#8243;][vc_separator type=&#8220;transparent&#8220; position=&#8220;center&#8220; up=&#8220;12&#8243; down=&#8220;0&#8243;][vc_column_text]<\/p>\n<h2 style=\"text-align: left;\">Weitere Sehensw\u00fcrdigkeiten f\u00fcr das Interesse an Astronomie<\/h2>\n<p>[\/vc_column_text][vc_separator type=&#8220;small&#8220; position=&#8220;left&#8220; down=&#8220;38&#8243; up=&#8220;7&#8243;][vc_column_text]<\/p>\n<p style=\"text-align: justify;\">Obwohl zahlreiche Astronomische Aussichtspunkte auf der Insel eingerichtet wurden, gibt es dar\u00fcber hinaus noch <strong>weitere Sehensw\u00fcrdigkeiten, die durch ihren Bezug zur Astronomie von besonderem Interesse sind<\/strong>. Wenn Sie zu der folgenden Auflistung noch andere durch ihre Qualit\u00e4ten zur Sternbeobachtung taugliche Standorte bzw. themenverwandte Vorschl\u00e4ge haben, laden wir Sie herzlich dazu ein, <a title=\"Kontakt\" href=\"http:\/\/www.starsislandlapalma.es\/de\/kontakt\/\">uns diese \u00fcber unsere Webseite mitzuteilen<\/a>. Wir bedanken uns schon jetzt f\u00fcr Ihre Mitarbeit.<\/p>\n<p>[\/vc_column_text][vc_separator type=&#8220;transparent&#8220; position=&#8220;center&#8220; up=&#8220;41&#8243; down=&#8220;0&#8243;]<a  itemprop=\"url\" href=\"http:\/\/www.starsislandlapalma.es\/?p=17623\" target=\"_self\"  class=\"qbutton  default\" style=\"\">Mehr Info<\/a>[vc_separator type=&#8220;transparent&#8220; position=&#8220;center&#8220; up=&#8220;59&#8243; down=&#8220;0&#8243;][\/vc_column][\/vc_row][vc_row row_type=&#8220;row&#8220; type=&#8220;full_width&#8220; text_align=&#8220;center&#8220; background_image=&#8220;15408&#8243; section_height=&#8220;500&#8243; background_image_as_pattern=&#8220;without_pattern&#8220;][vc_column width=&#8220;1\/1&#8243;][vc_separator type=&#8220;transparent&#8220; position=&#8220;center&#8220; up=&#8220;45&#8243; down=&#8220;0&#8243;][vc_column_text]<\/p>\n<h2 style=\"text-align: center;\"><span style=\"color: #ffffff;\">BESUCHEN SIE DAS OBSERVATORIUM<\/span><\/h2>\n<p>[\/vc_column_text][vc_separator type=&#8220;small&#8220; position=&#8220;center&#8220; down=&#8220;29&#8243; up=&#8220;24&#8243; color=&#8220;#ffffff&#8220;][vc_column_text]<\/p>\n<h6 style=\"text-align: center;\"><span style=\"color: #ffffff;\">Das Observatorium vom Roque de Los Muchachos steht interessierten Besuchern offen.<\/span><\/h6>\n<h6 style=\"text-align: center;\"><span style=\"color: #ffffff;\">Nutzen Sie diese Gelegenheit und genie\u00dfen Sie die Sterne von einem der privilegiertesten Orte der Erde f\u00fcr die astronomische Observation. <\/span><\/h6>\n<p>[\/vc_column_text][vc_separator type=&#8220;transparent&#8220; position=&#8220;center&#8220; up=&#8220;31&#8243; down=&#8220;0&#8243;][vc_row_inner row_type=&#8220;row&#8220; type=&#8220;full_width&#8220; text_align=&#8220;center&#8220;][vc_column_inner width=&#8220;1\/3&#8243;]<a  itemprop=\"url\" href=\"http:\/\/www.starsislandlapalma.es\/observatorio-astrofisico\/visitas-guiadas\/reserva-particulares\/index_en.html\" target=\"_blank\" data-hover-background-color=#005769 data-hover-border-color=#005769 data-hover-color=#ffffff class=\"qbutton  small center default\" style=\"color: #000000; border-color: #ffffff; background-color: #ffffff;\">PRIVATE RESERVIERUNG<\/a>[\/vc_column_inner][vc_column_inner width=&#8220;1\/3&#8243;]<a  itemprop=\"url\" href=\"https:\/\/www.iac.es\/es\/observatorios-de-canarias\/observatorio-del-roque-de-los-muchachos\/visitas?lang=en\" target=\"_blank\" data-hover-background-color=#005769 data-hover-border-color=#005769 data-hover-color=#ffffff class=\"qbutton  small center default\" style=\"color: #000000; border-color: #ffffff; background-color: #ffffff;\">RESERVIERUNG BILDUNGSZENTREN<\/a>[\/vc_column_inner][vc_column_inner width=&#8220;1\/3&#8243;]<a  itemprop=\"url\" href=\"http:\/\/www.iac.es\/eno.php?op1=2&amp;op2=420&amp;op3=57&amp;lang=en\" target=\"_blank\" data-hover-background-color=#005769 data-hover-border-color=#005769 data-hover-color=#ffffff class=\"qbutton  small center default\" style=\"color: #000000; border-color: #ffffff; background-color: #ffffff;\">RESERVIERUNG MEDIEN &amp; PRESSE<\/a>[\/vc_column_inner][\/vc_row_inner][vc_separator type=&#8220;transparent&#8220; position=&#8220;center&#8220; up=&#8220;121&#8243; down=&#8220;0&#8243;][\/vc_column][\/vc_row]<\/p>\n","protected":false},"excerpt":{"rendered":"<p>[vc_row row_type=&#8220;row&#8220; type=&#8220;grid&#8220; text_align=&#8220;left&#8220; padding_top=&#8220;87&#8243; padding_bottom=&#8220;0&#8243; background_color=&#8220;#ffffff&#8220;][vc_column width=&#8220;1\/1&#8243;][vc_column_text] Wenn f\u00fcr den Allgemein-Tourismus ein Netz von astronomischen Aussichtspunkte und Orte geeignet f\u00fcr den Genuss des Himmels angeboten wird, so stehen auch f\u00fcr spezialisierte Personen, etwas h\u00f6her liegende Orte, wo der Himmel v\u00f6llig dunkel ist, zur Verf\u00fcgung&#8230;.<\/p>\n","protected":false},"author":1,"featured_media":0,"parent":17565,"menu_order":0,"comment_status":"closed","ping_status":"closed","template":"full_width.php","meta":{"footnotes":""},"yoast_head":"<!-- This site is optimized with the Yoast SEO plugin v24.5 - https:\/\/yoast.com\/wordpress\/plugins\/seo\/ -->\n<title>Ort der astronomischen Interessen &#8902; Stars Island La Palma<\/title>\n<meta name=\"robots\" content=\"index, follow, max-snippet:-1, max-image-preview:large, max-video-preview:-1\" \/>\n<link rel=\"canonical\" href=\"https:\/\/www.starsislandlapalma.es\/de\/wandern-und-beobachten\/ort-der-astronomischen-interessen\/\" \/>\n<meta property=\"og:locale\" content=\"de_DE\" \/>\n<meta property=\"og:type\" content=\"article\" \/>\n<meta property=\"og:title\" content=\"Ort der astronomischen Interessen &#8902; Stars Island La Palma\" \/>\n<meta property=\"og:description\" content=\"[vc_row row_type=&#8220;row&#8220; type=&#8220;grid&#8220; text_align=&#8220;left&#8220; padding_top=&#8220;87&#8243; padding_bottom=&#8220;0&#8243; background_color=&#8220;#ffffff&#8220;][vc_column width=&#8220;1\/1&#8243;][vc_column_text] Wenn f\u00fcr den Allgemein-Tourismus ein Netz von astronomischen Aussichtspunkte und Orte geeignet f\u00fcr den Genuss des Himmels angeboten wird, so stehen auch f\u00fcr spezialisierte Personen, etwas h\u00f6her liegende Orte, wo der Himmel v\u00f6llig dunkel ist, zur Verf\u00fcgung....\" \/>\n<meta property=\"og:url\" content=\"https:\/\/www.starsislandlapalma.es\/de\/wandern-und-beobachten\/ort-der-astronomischen-interessen\/\" \/>\n<meta property=\"og:site_name\" content=\"Stars Island La Palma\" \/>\n<meta property=\"article:publisher\" content=\"https:\/\/www.facebook.com\/pages\/Starsisland-La-Palma\/210888162375006?ref=hl\" \/>\n<meta property=\"article:modified_time\" content=\"2015-03-19T16:43:22+00:00\" \/>\n<meta name=\"twitter:label1\" content=\"Gesch\u00e4tzte Lesezeit\" \/>\n\t<meta name=\"twitter:data1\" content=\"5\u00a0Minuten\" \/>\n<script type=\"application\/ld+json\" class=\"yoast-schema-graph\">{\"@context\":\"https:\/\/schema.org\",\"@graph\":[{\"@type\":\"WebPage\",\"@id\":\"https:\/\/www.starsislandlapalma.es\/de\/wandern-und-beobachten\/ort-der-astronomischen-interessen\/\",\"url\":\"https:\/\/www.starsislandlapalma.es\/de\/wandern-und-beobachten\/ort-der-astronomischen-interessen\/\",\"name\":\"Ort der astronomischen Interessen &#8902; Stars Island La Palma\",\"isPartOf\":{\"@id\":\"https:\/\/www.starsislandlapalma.es\/#website\"},\"datePublished\":\"2015-03-19T15:07:59+00:00\",\"dateModified\":\"2015-03-19T16:43:22+00:00\",\"breadcrumb\":{\"@id\":\"https:\/\/www.starsislandlapalma.es\/de\/wandern-und-beobachten\/ort-der-astronomischen-interessen\/#breadcrumb\"},\"inLanguage\":\"de\",\"potentialAction\":[{\"@type\":\"ReadAction\",\"target\":[\"https:\/\/www.starsislandlapalma.es\/de\/wandern-und-beobachten\/ort-der-astronomischen-interessen\/\"]}]},{\"@type\":\"BreadcrumbList\",\"@id\":\"https:\/\/www.starsislandlapalma.es\/de\/wandern-und-beobachten\/ort-der-astronomischen-interessen\/#breadcrumb\",\"itemListElement\":[{\"@type\":\"ListItem\",\"position\":1,\"name\":\"Portada\",\"item\":\"https:\/\/www.starsislandlapalma.es\/de\/\"},{\"@type\":\"ListItem\",\"position\":2,\"name\":\"Wandern und beobachten\",\"item\":\"https:\/\/www.starsislandlapalma.es\/de\/wandern-und-beobachten\/\"},{\"@type\":\"ListItem\",\"position\":3,\"name\":\"Ort der astronomischen Interessen\"}]},{\"@type\":\"WebSite\",\"@id\":\"https:\/\/www.starsislandlapalma.es\/#website\",\"url\":\"https:\/\/www.starsislandlapalma.es\/\",\"name\":\"Stars Island La Palma\",\"description\":\"La Palma, el lugar perfecto para disfrutar del universo. Primera Reserva Starlight del mundo, en 2012 se reconoce como Destino Tur\u00edstico Starlight\",\"publisher\":{\"@id\":\"https:\/\/www.starsislandlapalma.es\/#organization\"},\"potentialAction\":[{\"@type\":\"SearchAction\",\"target\":{\"@type\":\"EntryPoint\",\"urlTemplate\":\"https:\/\/www.starsislandlapalma.es\/?s={search_term_string}\"},\"query-input\":{\"@type\":\"PropertyValueSpecification\",\"valueRequired\":true,\"valueName\":\"search_term_string\"}}],\"inLanguage\":\"de\"},{\"@type\":\"Organization\",\"@id\":\"https:\/\/www.starsislandlapalma.es\/#organization\",\"name\":\"Star Island La Palma\",\"url\":\"https:\/\/www.starsislandlapalma.es\/\",\"logo\":{\"@type\":\"ImageObject\",\"inLanguage\":\"de\",\"@id\":\"https:\/\/www.starsislandlapalma.es\/#\/schema\/logo\/image\/\",\"url\":\"https:\/\/www.starsislandlapalma.es\/wp-content\/uploads\/2022\/01\/logo_starisland.png\",\"contentUrl\":\"https:\/\/www.starsislandlapalma.es\/wp-content\/uploads\/2022\/01\/logo_starisland.png\",\"width\":172,\"height\":139,\"caption\":\"Star Island La Palma\"},\"image\":{\"@id\":\"https:\/\/www.starsislandlapalma.es\/#\/schema\/logo\/image\/\"},\"sameAs\":[\"https:\/\/www.facebook.com\/pages\/Starsisland-La-Palma\/210888162375006?ref=hl\",\"https:\/\/x.com\/starsislandlapa\",\"https:\/\/www.pinterest.com\/astroturismo\/\",\"https:\/\/www.youtube.com\/channel\/UCV7sju1ggcBpJG39HQCBtsA\"]}]}<\/script>\n<!-- \/ Yoast SEO plugin. -->","yoast_head_json":{"title":"Ort der astronomischen Interessen &#8902; Stars Island La Palma","robots":{"index":"index","follow":"follow","max-snippet":"max-snippet:-1","max-image-preview":"max-image-preview:large","max-video-preview":"max-video-preview:-1"},"canonical":"https:\/\/www.starsislandlapalma.es\/de\/wandern-und-beobachten\/ort-der-astronomischen-interessen\/","og_locale":"de_DE","og_type":"article","og_title":"Ort der astronomischen Interessen &#8902; Stars Island La Palma","og_description":"[vc_row row_type=&#8220;row&#8220; type=&#8220;grid&#8220; text_align=&#8220;left&#8220; padding_top=&#8220;87&#8243; padding_bottom=&#8220;0&#8243; background_color=&#8220;#ffffff&#8220;][vc_column width=&#8220;1\/1&#8243;][vc_column_text] Wenn f\u00fcr den Allgemein-Tourismus ein Netz von astronomischen Aussichtspunkte und Orte geeignet f\u00fcr den Genuss des Himmels angeboten wird, so stehen auch f\u00fcr spezialisierte Personen, etwas h\u00f6her liegende Orte, wo der Himmel v\u00f6llig dunkel ist, zur Verf\u00fcgung....","og_url":"https:\/\/www.starsislandlapalma.es\/de\/wandern-und-beobachten\/ort-der-astronomischen-interessen\/","og_site_name":"Stars Island La Palma","article_publisher":"https:\/\/www.facebook.com\/pages\/Starsisland-La-Palma\/210888162375006?ref=hl","article_modified_time":"2015-03-19T16:43:22+00:00","twitter_misc":{"Gesch\u00e4tzte Lesezeit":"5\u00a0Minuten"},"schema":{"@context":"https:\/\/schema.org","@graph":[{"@type":"WebPage","@id":"https:\/\/www.starsislandlapalma.es\/de\/wandern-und-beobachten\/ort-der-astronomischen-interessen\/","url":"https:\/\/www.starsislandlapalma.es\/de\/wandern-und-beobachten\/ort-der-astronomischen-interessen\/","name":"Ort der astronomischen Interessen &#8902; Stars Island La Palma","isPartOf":{"@id":"https:\/\/www.starsislandlapalma.es\/#website"},"datePublished":"2015-03-19T15:07:59+00:00","dateModified":"2015-03-19T16:43:22+00:00","breadcrumb":{"@id":"https:\/\/www.starsislandlapalma.es\/de\/wandern-und-beobachten\/ort-der-astronomischen-interessen\/#breadcrumb"},"inLanguage":"de","potentialAction":[{"@type":"ReadAction","target":["https:\/\/www.starsislandlapalma.es\/de\/wandern-und-beobachten\/ort-der-astronomischen-interessen\/"]}]},{"@type":"BreadcrumbList","@id":"https:\/\/www.starsislandlapalma.es\/de\/wandern-und-beobachten\/ort-der-astronomischen-interessen\/#breadcrumb","itemListElement":[{"@type":"ListItem","position":1,"name":"Portada","item":"https:\/\/www.starsislandlapalma.es\/de\/"},{"@type":"ListItem","position":2,"name":"Wandern und beobachten","item":"https:\/\/www.starsislandlapalma.es\/de\/wandern-und-beobachten\/"},{"@type":"ListItem","position":3,"name":"Ort der astronomischen Interessen"}]},{"@type":"WebSite","@id":"https:\/\/www.starsislandlapalma.es\/#website","url":"https:\/\/www.starsislandlapalma.es\/","name":"Stars Island La Palma","description":"La Palma, el lugar perfecto para disfrutar del universo. Primera Reserva Starlight del mundo, en 2012 se reconoce como Destino Tur\u00edstico Starlight","publisher":{"@id":"https:\/\/www.starsislandlapalma.es\/#organization"},"potentialAction":[{"@type":"SearchAction","target":{"@type":"EntryPoint","urlTemplate":"https:\/\/www.starsislandlapalma.es\/?s={search_term_string}"},"query-input":{"@type":"PropertyValueSpecification","valueRequired":true,"valueName":"search_term_string"}}],"inLanguage":"de"},{"@type":"Organization","@id":"https:\/\/www.starsislandlapalma.es\/#organization","name":"Star Island La Palma","url":"https:\/\/www.starsislandlapalma.es\/","logo":{"@type":"ImageObject","inLanguage":"de","@id":"https:\/\/www.starsislandlapalma.es\/#\/schema\/logo\/image\/","url":"https:\/\/www.starsislandlapalma.es\/wp-content\/uploads\/2022\/01\/logo_starisland.png","contentUrl":"https:\/\/www.starsislandlapalma.es\/wp-content\/uploads\/2022\/01\/logo_starisland.png","width":172,"height":139,"caption":"Star Island La Palma"},"image":{"@id":"https:\/\/www.starsislandlapalma.es\/#\/schema\/logo\/image\/"},"sameAs":["https:\/\/www.facebook.com\/pages\/Starsisland-La-Palma\/210888162375006?ref=hl","https:\/\/x.com\/starsislandlapa","https:\/\/www.pinterest.com\/astroturismo\/","https:\/\/www.youtube.com\/channel\/UCV7sju1ggcBpJG39HQCBtsA"]}]}},"_links":{"self":[{"href":"https:\/\/www.starsislandlapalma.es\/de\/wp-json\/wp\/v2\/pages\/17571\/"}],"collection":[{"href":"https:\/\/www.starsislandlapalma.es\/de\/wp-json\/wp\/v2\/pages\/"}],"about":[{"href":"https:\/\/www.starsislandlapalma.es\/de\/wp-json\/wp\/v2\/types\/page\/"}],"author":[{"embeddable":true,"href":"https:\/\/www.starsislandlapalma.es\/de\/wp-json\/wp\/v2\/users\/1\/"}],"replies":[{"embeddable":true,"href":"https:\/\/www.starsislandlapalma.es\/de\/wp-json\/wp\/v2\/comments\/?post=17571"}],"version-history":[{"count":0,"href":"https:\/\/www.starsislandlapalma.es\/de\/wp-json\/wp\/v2\/pages\/17571\/revisions\/"}],"up":[{"embeddable":true,"href":"https:\/\/www.starsislandlapalma.es\/de\/wp-json\/wp\/v2\/pages\/17565\/"}],"wp:attachment":[{"href":"https:\/\/www.starsislandlapalma.es\/de\/wp-json\/wp\/v2\/media\/?parent=17571"}],"curies":[{"name":"wp","href":"https:\/\/api.w.org\/{rel}","templated":true}]}}