{"id":17618,"date":"2015-03-19T16:38:00","date_gmt":"2015-03-19T16:38:00","guid":{"rendered":"http:\/\/www.starsislandlapalma.es\/?page_id=17618"},"modified":"2020-07-30T08:14:46","modified_gmt":"2020-07-30T08:14:46","slug":"sonnenuhren","status":"publish","type":"page","link":"https:\/\/www.starsislandlapalma.es\/de\/wandern-und-beobachten\/ort-der-astronomischen-interessen\/sonnenuhren\/","title":{"rendered":"Sonnenuhren"},"content":{"rendered":"<p>[vc_row type=&#8220;grid&#8220; padding_top=&#8220;60&#8243;][vc_column width=&#8220;1\/3&#8243;][vc_raw_html]JTNDaWZyYW1lJTIwc3JjJTNEJTIyaHR0cHMlM0ElMkYlMkZ3d3cuZ29vZ2xlLmNvbSUyRm1hcHMlMkZkJTJGdSUyRjQlMkZlbWJlZCUzRm1pZCUzRDFtbnVtdndFUlZ6UEFYQnlZWHZXOUZaNUNWaGxrbDhwSiUyMiUyMHdpZHRoJTNEJTIyMTAwJTI1JTIyJTIwaGVpZ2h0JTNEJTIyNDgwJTIyJTNFJTNDJTJGaWZyYW1lJTNF[\/vc_raw_html][\/vc_column][vc_column width=&#8220;2\/3&#8243;][vc_row_inner][vc_column_inner width=&#8220;1\/2&#8243;][vc_gallery type=&#8220;flexslider_slide&#8220; interval=&#8220;3&#8243; images=&#8220;16461,16462&#8243; img_size=&#8220;347&#215;200&#8243;][vc_separator type=&#8220;transparent&#8220; up=&#8220;12&#8243; down=&#8220;0&#8243;][vc_column_text]<\/p>\n<h3 style=\"text-align: left;\">Kirche Iglesia de Nuestra Se\u00f1ora de Las Nieves (S\/C de La Palma)<\/h3>\n<p>[\/vc_column_text][vc_separator type=&#8220;small&#8220; position=&#8220;left&#8220; up=&#8220;7&#8243; down=&#8220;38&#8243;][vc_column_text]<\/p>\n<p style=\"text-align: justify;\">Diese aus Tea-Holz gefertigte Sonnenuhr ist schr\u00e4g vertikal montiert und besteht aus zwei Bereichen (morgens und abends) mit den Ma\u00dfen 73,5 x 73,5 cm. Es handelt sich hierbei um einen Nachbau, der am 5. August 2012 die Originaluhr ersetzt, die bereits vor 1740 installiert wurde und als \u00e4lteste Sonnenuhr auf den Kanaren galt. Erhalten geblieben ist lediglich der Bereich der Uhr, der in \u00f6stlicher Richtung zeigt.<\/p>\n<p>[\/vc_column_text][\/vc_column_inner][vc_column_inner width=&#8220;1\/2&#8243;][vc_gallery type=&#8220;flexslider_slide&#8220; interval=&#8220;3&#8243; images=&#8220;16464,16465&#8243; img_size=&#8220;347&#215;200&#8243;][vc_separator type=&#8220;transparent&#8220; up=&#8220;12&#8243; down=&#8220;0&#8243;][vc_column_text]<\/p>\n<h3 style=\"text-align: left;\">Kirch Iglesia de San Francisco (S\/C de La Palma)<\/h3>\n<p>[\/vc_column_text][vc_separator type=&#8220;small&#8220; position=&#8220;left&#8220; up=&#8220;7&#8243; down=&#8220;38&#8243;][vc_column_text]<\/p>\n<p style=\"text-align: justify;\">Eine aus Tea-Holz gefertigte Sonnenuhr, die vertikal montiert in Richtung Mittagskreis ausgerichtet ist. Ihre Ma\u00dfe sind 108 x 108 cm. Bei dieser Sonnenuhr handelt es sich um einen Nachbau, der am 22. Juni 2012 die Originaluhr ersetzte, die zu Beginn des 18. Jahrhunderts vom irischen H\u00e4ndler Teobaldo Macghee installiert wurde. Urspr\u00fcnglich schm\u00fcckte diese Sonnenuhr etwa 250 Jahre lang den Haupteingang der Kirche Iglesia de San Francisco, bis sie in der zweiten H\u00e4lfte des 20. Jahrhunderts abgeh\u00e4ngt worden ist.<\/p>\n<p>[\/vc_column_text][\/vc_column_inner][\/vc_row_inner][vc_separator type=&#8220;transparent&#8220; up=&#8220;59&#8243; down=&#8220;0&#8243;][\/vc_column][\/vc_row][vc_row type=&#8220;grid&#8220;][vc_column width=&#8220;1\/3&#8243;][\/vc_column][vc_column width=&#8220;2\/3&#8243;][vc_row_inner][vc_column_inner width=&#8220;1\/2&#8243;][vc_gallery type=&#8220;flexslider_slide&#8220; interval=&#8220;3&#8243; images=&#8220;16466,16467&#8243; img_size=&#8220;347&#215;200&#8243;][vc_separator type=&#8220;transparent&#8220; up=&#8220;12&#8243; down=&#8220;0&#8243;][vc_column_text]<\/p>\n<h3 style=\"text-align: left;\">Puerto de Tazacorte<\/h3>\n<p>[\/vc_column_text][vc_separator type=&#8220;small&#8220; position=&#8220;left&#8220; up=&#8220;7&#8243; down=&#8220;38&#8243;][vc_column_text]<\/p>\n<p style=\"text-align: justify;\">Diese \u00e4quatorial ausgerichtete Sonnenuhr mit Kalenderangabe befindet sich auf der Uferpromenade und ist aus Beton und rostfreiem Edelstahl gefertigt. Zwei Bereiche teilen das Zifferblatt auf geben den Blick auf die offenen Ringe frei, die im Mittelpunkt auf einem Durchmesser von 288 y 348 cm den Sonnenstand zeigen. Der Designer Rafael Soler Gay\u00e1 konzipierte die Uhr im Jahre 2002. Zur Zeit wird diese Sonnenuhr general\u00fcberholt.<\/p>\n<p>[\/vc_column_text][\/vc_column_inner][vc_column_inner width=&#8220;1\/2&#8243;][vc_single_image image=&#8220;16463&#8243; img_size=&#8220;347&#215;200&#8243;][vc_separator type=&#8220;transparent&#8220; up=&#8220;12&#8243; down=&#8220;0&#8243;][vc_column_text]<\/p>\n<h3 style=\"text-align: left;\">Playa Puerto Naos<\/h3>\n<p>[\/vc_column_text][vc_separator type=&#8220;small&#8220; position=&#8220;left&#8220; up=&#8220;7&#8243; down=&#8220;38&#8243;][vc_column_text]<\/p>\n<p style=\"text-align: justify;\">Diese Sonnenuhr ist schr\u00e4g vertikal montiert. Es handelt sich um ein besonderes Einzelst\u00fcck, welches aus besonderen Materialien gefertigt und an einem besonderen Ort installiert wurde. Diese Uhr wurde direkt auf die Hausfassade eines Hauses gemalt und nutzt die Abwasserrohre als Stunden-Anzeige. Die Uhr wurde von D. Conrado Hern\u00e1ndez y \u00c1lvarez Ende des 20. Jahrhunderts gefertigt.<\/p>\n<p>[\/vc_column_text][\/vc_column_inner][\/vc_row_inner][vc_separator type=&#8220;transparent&#8220; up=&#8220;59&#8243; down=&#8220;0&#8243;][\/vc_column][\/vc_row][vc_row type=&#8220;grid&#8220;][vc_column width=&#8220;1\/3&#8243;][\/vc_column][vc_column width=&#8220;2\/3&#8243;][vc_row_inner][vc_column_inner width=&#8220;1\/2&#8243;][vc_separator type=&#8220;transparent&#8220; up=&#8220;12&#8243; down=&#8220;0&#8243;][vc_column_text]<\/p>\n<h3 style=\"text-align: left;\">Salinas de Fuencaliente<\/h3>\n<p>[\/vc_column_text][vc_separator type=&#8220;small&#8220; position=&#8220;left&#8220; up=&#8220;7&#8243; down=&#8220;38&#8243;][vc_column_text]<\/p>\n<p style=\"text-align: justify;\">Die Sonnenuhr ist noch in Bau und wird am Tage ihrer Fertigstellung einem Salzkristall \u00e4hneln und horizontal montiert werden. In ihrem Geh\u00e4use befinden sich Kacheln mit dem Motiv eines Krebstierchens, das in der Saline lebt. Als Zeiger werden die traditionellen Salzschaber dienen, mit denen in der Saline das Salz gesch\u00f6pft wird.<\/p>\n<p>[\/vc_column_text][\/vc_column_inner][vc_column_inner width=&#8220;1\/2&#8243;][vc_separator type=&#8220;transparent&#8220; up=&#8220;12&#8243; down=&#8220;0&#8243;][vc_column_text]<\/p>\n<h3 style=\"text-align: left;\">Weitere<\/h3>\n<p>[\/vc_column_text][vc_separator type=&#8220;small&#8220; position=&#8220;left&#8220; up=&#8220;7&#8243; down=&#8220;38&#8243;][vc_column_text]<\/p>\n<p style=\"text-align: justify;\">Die Sonnenuhr ist ein elementares Dekor und gleichzeitig ein interessantes Lehrst\u00fcck f\u00fcr das Verst\u00e4ndnis der Verh\u00e4ltnism\u00e4\u00dfigkeit zwischen den Sonnenst\u00e4nden und der Zeitmessung. Daher finden sich hier und da auf der Insel einige andere Exemplare an Schulgeb\u00e4uden oder Privath\u00e4usern (an der Verbindungsstrasse zwischen San Jos\u00e9 und Las Ledas in der Gemeinde Bre\u00f1a Baja) oder auch an touristisch erschlossenen G\u00e4steh\u00e4usern, die an dem AstroTourismus-Programm der Insel La Palma teilnehmen. Obwohl es sich bei dem Zeitmesser an dem astronomischen Aussichtspunkt am Vulkan San Antonio nicht um eine Sonnenuhr handelt, ist in diesem Kontext interessante zu erw\u00e4hnen, dass hier der Sonnenschatten den Jahreszeitenwechsel anzeigt. Die Anzeigetafel am Aussichtspunkt h\u00e4lt weitere Informationen bereit.<\/p>\n<p>[\/vc_column_text][\/vc_column_inner][\/vc_row_inner][vc_separator type=&#8220;transparent&#8220; up=&#8220;59&#8243; down=&#8220;0&#8243;][\/vc_column][\/vc_row][vc_row type=&#8220;grid&#8220;][vc_column][vc_separator type=&#8220;transparent&#8220; up=&#8220;12&#8243; down=&#8220;0&#8243;]<a  itemprop=\"url\" href=\"http:\/\/www.starsislandlapalma.es\/de\/wandern-und-beobachten\/ort-der-astronomischen-interessen\/\" target=\"_self\"  class=\"qbutton  default\" style=\"\">ZUR\u00dcCKKEHREN<\/a>[vc_separator type=&#8220;transparent&#8220; up=&#8220;59&#8243; down=&#8220;0&#8243;][\/vc_column][\/vc_row][vc_row text_align=&#8220;center&#8220; background_image=&#8220;15408&#8243;][vc_column][vc_separator type=&#8220;transparent&#8220; up=&#8220;45&#8243; down=&#8220;0&#8243;][vc_column_text]<\/p>\n<h2 style=\"text-align: center;\"><span style=\"color: #ffffff;\">BESUCHEN SIE DAS OBSERVATORIUM<\/span><\/h2>\n<p>[\/vc_column_text][vc_separator type=&#8220;small&#8220; color=&#8220;#ffffff&#8220; up=&#8220;24&#8243; down=&#8220;29&#8243;][vc_column_text]<\/p>\n<h6 style=\"text-align: center;\"><span style=\"color: #ffffff;\">Das Observatorium vom Roque de Los Muchachos steht interessierten Besuchern offen.<\/span><\/h6>\n<h6 style=\"text-align: center;\"><span style=\"color: #ffffff;\">Nutzen Sie diese Gelegenheit und genie\u00dfen Sie die Sterne von einem der privilegiertesten Orte der Erde f\u00fcr die astronomische Observation. <\/span><\/h6>\n<p>[\/vc_column_text][vc_separator type=&#8220;transparent&#8220; up=&#8220;31&#8243; down=&#8220;0&#8243;][vc_row_inner text_align=&#8220;center&#8220;][vc_column_inner width=&#8220;1\/3&#8243;]<a  itemprop=\"url\" href=\"http:\/\/www.starsislandlapalma.es\/observatorio-astrofisico\/visitas-guiadas\/reserva-particulares\/index_en.html\" target=\"_blank\" data-hover-background-color=#005769 data-hover-border-color=#005769 data-hover-color=#ffffff class=\"qbutton  small center default\" style=\"color: #000000; border-color: #ffffff; background-color: #ffffff;\">PRIVATE RESERVIERUNG<\/a>[\/vc_column_inner][vc_column_inner width=&#8220;1\/3&#8243;]<a  itemprop=\"url\" href=\"https:\/\/www.iac.es\/es\/observatorios-de-canarias\/observatorio-del-roque-de-los-muchachos\/visitas?lang=en\" target=\"_blank\" data-hover-background-color=#005769 data-hover-border-color=#005769 data-hover-color=#ffffff class=\"qbutton  small center default\" style=\"color: #000000; border-color: #ffffff; background-color: #ffffff;\">RESERVIERUNG BILDUNGSZENTREN<\/a>[\/vc_column_inner][vc_column_inner width=&#8220;1\/3&#8243;]<a  itemprop=\"url\" href=\"http:\/\/www.iac.es\/eno.php?op1=2&amp;op2=420&amp;op3=57&amp;lang=en\" target=\"_blank\" data-hover-background-color=#005769 data-hover-border-color=#005769 data-hover-color=#ffffff class=\"qbutton  small center default\" style=\"color: #000000; border-color: #ffffff; background-color: #ffffff;\">RESERVIERUNG MEDIEN &amp; PRESSE<\/a>[\/vc_column_inner][\/vc_row_inner][vc_separator type=&#8220;transparent&#8220; up=&#8220;121&#8243; down=&#8220;0&#8243;][\/vc_column][\/vc_row]<\/p>\n","protected":false},"excerpt":{"rendered":"<p>[vc_row type=&#8220;grid&#8220; padding_top=&#8220;60&#8243;][vc_column width=&#8220;1\/3&#8243;][vc_raw_html]JTNDaWZyYW1lJTIwc3JjJTNEJTIyaHR0cHMlM0ElMkYlMkZ3d3cuZ29vZ2xlLmNvbSUyRm1hcHMlMkZkJTJGdSUyRjQlMkZlbWJlZCUzRm1pZCUzRDFtbnVtdndFUlZ6UEFYQnlZWHZXOUZaNUNWaGxrbDhwSiUyMiUyMHdpZHRoJTNEJTIyMTAwJTI1JTIyJTIwaGVpZ2h0JTNEJTIyNDgwJTIyJTNFJTNDJTJGaWZyYW1lJTNF[\/vc_raw_html][\/vc_column][vc_column width=&#8220;2\/3&#8243;][vc_row_inner][vc_column_inner width=&#8220;1\/2&#8243;][vc_gallery type=&#8220;flexslider_slide&#8220; interval=&#8220;3&#8243; images=&#8220;16461,16462&#8243; img_size=&#8220;347&#215;200&#8243;][vc_separator type=&#8220;transparent&#8220; up=&#8220;12&#8243; down=&#8220;0&#8243;][vc_column_text] Kirche Iglesia de Nuestra Se\u00f1ora de Las Nieves (S\/C de La Palma) [\/vc_column_text][vc_separator type=&#8220;small&#8220; position=&#8220;left&#8220; up=&#8220;7&#8243; down=&#8220;38&#8243;][vc_column_text] Diese aus Tea-Holz gefertigte Sonnenuhr ist schr\u00e4g vertikal montiert und besteht aus zwei Bereichen (morgens&#8230;<\/p>\n","protected":false},"author":1,"featured_media":0,"parent":17571,"menu_order":0,"comment_status":"open","ping_status":"open","template":"full_width.php","meta":{"footnotes":""},"yoast_head":"<!-- This site is optimized with the Yoast SEO plugin v24.5 - https:\/\/yoast.com\/wordpress\/plugins\/seo\/ -->\n<title>Sonnenuhren &#8902; Stars Island La Palma<\/title>\n<meta name=\"robots\" content=\"index, follow, max-snippet:-1, max-image-preview:large, max-video-preview:-1\" \/>\n<link rel=\"canonical\" href=\"https:\/\/www.starsislandlapalma.es\/de\/wandern-und-beobachten\/ort-der-astronomischen-interessen\/sonnenuhren\/\" \/>\n<meta property=\"og:locale\" content=\"de_DE\" \/>\n<meta property=\"og:type\" content=\"article\" \/>\n<meta property=\"og:title\" content=\"Sonnenuhren &#8902; Stars Island La Palma\" \/>\n<meta property=\"og:description\" content=\"[vc_row type=&#8220;grid&#8220; padding_top=&#8220;60&#8243;][vc_column width=&#8220;1\/3&#8243;][vc_raw_html]JTNDaWZyYW1lJTIwc3JjJTNEJTIyaHR0cHMlM0ElMkYlMkZ3d3cuZ29vZ2xlLmNvbSUyRm1hcHMlMkZkJTJGdSUyRjQlMkZlbWJlZCUzRm1pZCUzRDFtbnVtdndFUlZ6UEFYQnlZWHZXOUZaNUNWaGxrbDhwSiUyMiUyMHdpZHRoJTNEJTIyMTAwJTI1JTIyJTIwaGVpZ2h0JTNEJTIyNDgwJTIyJTNFJTNDJTJGaWZyYW1lJTNF[\/vc_raw_html][\/vc_column][vc_column width=&#8220;2\/3&#8243;][vc_row_inner][vc_column_inner width=&#8220;1\/2&#8243;][vc_gallery type=&#8220;flexslider_slide&#8220; interval=&#8220;3&#8243; images=&#8220;16461,16462&#8243; img_size=&#8220;347&#215;200&#8243;][vc_separator type=&#8220;transparent&#8220; up=&#8220;12&#8243; down=&#8220;0&#8243;][vc_column_text] Kirche Iglesia de Nuestra Se\u00f1ora de Las Nieves (S\/C de La Palma) [\/vc_column_text][vc_separator type=&#8220;small&#8220; position=&#8220;left&#8220; up=&#8220;7&#8243; down=&#8220;38&#8243;][vc_column_text] Diese aus Tea-Holz gefertigte Sonnenuhr ist schr\u00e4g vertikal montiert und besteht aus zwei Bereichen (morgens...\" \/>\n<meta property=\"og:url\" content=\"https:\/\/www.starsislandlapalma.es\/de\/wandern-und-beobachten\/ort-der-astronomischen-interessen\/sonnenuhren\/\" \/>\n<meta property=\"og:site_name\" content=\"Stars Island La Palma\" \/>\n<meta property=\"article:publisher\" content=\"https:\/\/www.facebook.com\/pages\/Starsisland-La-Palma\/210888162375006?ref=hl\" \/>\n<meta property=\"article:modified_time\" content=\"2020-07-30T08:14:46+00:00\" \/>\n<meta name=\"twitter:label1\" content=\"Gesch\u00e4tzte Lesezeit\" \/>\n\t<meta name=\"twitter:data1\" content=\"5\u00a0Minuten\" \/>\n<script type=\"application\/ld+json\" class=\"yoast-schema-graph\">{\"@context\":\"https:\/\/schema.org\",\"@graph\":[{\"@type\":\"WebPage\",\"@id\":\"https:\/\/www.starsislandlapalma.es\/de\/wandern-und-beobachten\/ort-der-astronomischen-interessen\/sonnenuhren\/\",\"url\":\"https:\/\/www.starsislandlapalma.es\/de\/wandern-und-beobachten\/ort-der-astronomischen-interessen\/sonnenuhren\/\",\"name\":\"Sonnenuhren &#8902; Stars Island La Palma\",\"isPartOf\":{\"@id\":\"https:\/\/www.starsislandlapalma.es\/#website\"},\"datePublished\":\"2015-03-19T16:38:00+00:00\",\"dateModified\":\"2020-07-30T08:14:46+00:00\",\"breadcrumb\":{\"@id\":\"https:\/\/www.starsislandlapalma.es\/de\/wandern-und-beobachten\/ort-der-astronomischen-interessen\/sonnenuhren\/#breadcrumb\"},\"inLanguage\":\"de\",\"potentialAction\":[{\"@type\":\"ReadAction\",\"target\":[\"https:\/\/www.starsislandlapalma.es\/de\/wandern-und-beobachten\/ort-der-astronomischen-interessen\/sonnenuhren\/\"]}]},{\"@type\":\"BreadcrumbList\",\"@id\":\"https:\/\/www.starsislandlapalma.es\/de\/wandern-und-beobachten\/ort-der-astronomischen-interessen\/sonnenuhren\/#breadcrumb\",\"itemListElement\":[{\"@type\":\"ListItem\",\"position\":1,\"name\":\"Portada\",\"item\":\"https:\/\/www.starsislandlapalma.es\/de\/\"},{\"@type\":\"ListItem\",\"position\":2,\"name\":\"Wandern und beobachten\",\"item\":\"https:\/\/www.starsislandlapalma.es\/de\/wandern-und-beobachten\/\"},{\"@type\":\"ListItem\",\"position\":3,\"name\":\"Ort der astronomischen Interessen\",\"item\":\"https:\/\/www.starsislandlapalma.es\/de\/wandern-und-beobachten\/ort-der-astronomischen-interessen\/\"},{\"@type\":\"ListItem\",\"position\":4,\"name\":\"Sonnenuhren\"}]},{\"@type\":\"WebSite\",\"@id\":\"https:\/\/www.starsislandlapalma.es\/#website\",\"url\":\"https:\/\/www.starsislandlapalma.es\/\",\"name\":\"Stars Island La Palma\",\"description\":\"La Palma, el lugar perfecto para disfrutar del universo. Primera Reserva Starlight del mundo, en 2012 se reconoce como Destino Tur\u00edstico Starlight\",\"publisher\":{\"@id\":\"https:\/\/www.starsislandlapalma.es\/#organization\"},\"potentialAction\":[{\"@type\":\"SearchAction\",\"target\":{\"@type\":\"EntryPoint\",\"urlTemplate\":\"https:\/\/www.starsislandlapalma.es\/?s={search_term_string}\"},\"query-input\":{\"@type\":\"PropertyValueSpecification\",\"valueRequired\":true,\"valueName\":\"search_term_string\"}}],\"inLanguage\":\"de\"},{\"@type\":\"Organization\",\"@id\":\"https:\/\/www.starsislandlapalma.es\/#organization\",\"name\":\"Star Island La Palma\",\"url\":\"https:\/\/www.starsislandlapalma.es\/\",\"logo\":{\"@type\":\"ImageObject\",\"inLanguage\":\"de\",\"@id\":\"https:\/\/www.starsislandlapalma.es\/#\/schema\/logo\/image\/\",\"url\":\"https:\/\/www.starsislandlapalma.es\/wp-content\/uploads\/2022\/01\/logo_starisland.png\",\"contentUrl\":\"https:\/\/www.starsislandlapalma.es\/wp-content\/uploads\/2022\/01\/logo_starisland.png\",\"width\":172,\"height\":139,\"caption\":\"Star Island La Palma\"},\"image\":{\"@id\":\"https:\/\/www.starsislandlapalma.es\/#\/schema\/logo\/image\/\"},\"sameAs\":[\"https:\/\/www.facebook.com\/pages\/Starsisland-La-Palma\/210888162375006?ref=hl\",\"https:\/\/x.com\/starsislandlapa\",\"https:\/\/www.pinterest.com\/astroturismo\/\",\"https:\/\/www.youtube.com\/channel\/UCV7sju1ggcBpJG39HQCBtsA\"]}]}<\/script>\n<!-- \/ Yoast SEO plugin. -->","yoast_head_json":{"title":"Sonnenuhren &#8902; Stars Island La Palma","robots":{"index":"index","follow":"follow","max-snippet":"max-snippet:-1","max-image-preview":"max-image-preview:large","max-video-preview":"max-video-preview:-1"},"canonical":"https:\/\/www.starsislandlapalma.es\/de\/wandern-und-beobachten\/ort-der-astronomischen-interessen\/sonnenuhren\/","og_locale":"de_DE","og_type":"article","og_title":"Sonnenuhren &#8902; Stars Island La Palma","og_description":"[vc_row type=&#8220;grid&#8220; padding_top=&#8220;60&#8243;][vc_column width=&#8220;1\/3&#8243;][vc_raw_html]JTNDaWZyYW1lJTIwc3JjJTNEJTIyaHR0cHMlM0ElMkYlMkZ3d3cuZ29vZ2xlLmNvbSUyRm1hcHMlMkZkJTJGdSUyRjQlMkZlbWJlZCUzRm1pZCUzRDFtbnVtdndFUlZ6UEFYQnlZWHZXOUZaNUNWaGxrbDhwSiUyMiUyMHdpZHRoJTNEJTIyMTAwJTI1JTIyJTIwaGVpZ2h0JTNEJTIyNDgwJTIyJTNFJTNDJTJGaWZyYW1lJTNF[\/vc_raw_html][\/vc_column][vc_column width=&#8220;2\/3&#8243;][vc_row_inner][vc_column_inner width=&#8220;1\/2&#8243;][vc_gallery type=&#8220;flexslider_slide&#8220; interval=&#8220;3&#8243; images=&#8220;16461,16462&#8243; img_size=&#8220;347&#215;200&#8243;][vc_separator type=&#8220;transparent&#8220; up=&#8220;12&#8243; down=&#8220;0&#8243;][vc_column_text] Kirche Iglesia de Nuestra Se\u00f1ora de Las Nieves (S\/C de La Palma) [\/vc_column_text][vc_separator type=&#8220;small&#8220; position=&#8220;left&#8220; up=&#8220;7&#8243; down=&#8220;38&#8243;][vc_column_text] Diese aus Tea-Holz gefertigte Sonnenuhr ist schr\u00e4g vertikal montiert und besteht aus zwei Bereichen (morgens...","og_url":"https:\/\/www.starsislandlapalma.es\/de\/wandern-und-beobachten\/ort-der-astronomischen-interessen\/sonnenuhren\/","og_site_name":"Stars Island La Palma","article_publisher":"https:\/\/www.facebook.com\/pages\/Starsisland-La-Palma\/210888162375006?ref=hl","article_modified_time":"2020-07-30T08:14:46+00:00","twitter_misc":{"Gesch\u00e4tzte Lesezeit":"5\u00a0Minuten"},"schema":{"@context":"https:\/\/schema.org","@graph":[{"@type":"WebPage","@id":"https:\/\/www.starsislandlapalma.es\/de\/wandern-und-beobachten\/ort-der-astronomischen-interessen\/sonnenuhren\/","url":"https:\/\/www.starsislandlapalma.es\/de\/wandern-und-beobachten\/ort-der-astronomischen-interessen\/sonnenuhren\/","name":"Sonnenuhren &#8902; Stars Island La Palma","isPartOf":{"@id":"https:\/\/www.starsislandlapalma.es\/#website"},"datePublished":"2015-03-19T16:38:00+00:00","dateModified":"2020-07-30T08:14:46+00:00","breadcrumb":{"@id":"https:\/\/www.starsislandlapalma.es\/de\/wandern-und-beobachten\/ort-der-astronomischen-interessen\/sonnenuhren\/#breadcrumb"},"inLanguage":"de","potentialAction":[{"@type":"ReadAction","target":["https:\/\/www.starsislandlapalma.es\/de\/wandern-und-beobachten\/ort-der-astronomischen-interessen\/sonnenuhren\/"]}]},{"@type":"BreadcrumbList","@id":"https:\/\/www.starsislandlapalma.es\/de\/wandern-und-beobachten\/ort-der-astronomischen-interessen\/sonnenuhren\/#breadcrumb","itemListElement":[{"@type":"ListItem","position":1,"name":"Portada","item":"https:\/\/www.starsislandlapalma.es\/de\/"},{"@type":"ListItem","position":2,"name":"Wandern und beobachten","item":"https:\/\/www.starsislandlapalma.es\/de\/wandern-und-beobachten\/"},{"@type":"ListItem","position":3,"name":"Ort der astronomischen Interessen","item":"https:\/\/www.starsislandlapalma.es\/de\/wandern-und-beobachten\/ort-der-astronomischen-interessen\/"},{"@type":"ListItem","position":4,"name":"Sonnenuhren"}]},{"@type":"WebSite","@id":"https:\/\/www.starsislandlapalma.es\/#website","url":"https:\/\/www.starsislandlapalma.es\/","name":"Stars Island La Palma","description":"La Palma, el lugar perfecto para disfrutar del universo. Primera Reserva Starlight del mundo, en 2012 se reconoce como Destino Tur\u00edstico Starlight","publisher":{"@id":"https:\/\/www.starsislandlapalma.es\/#organization"},"potentialAction":[{"@type":"SearchAction","target":{"@type":"EntryPoint","urlTemplate":"https:\/\/www.starsislandlapalma.es\/?s={search_term_string}"},"query-input":{"@type":"PropertyValueSpecification","valueRequired":true,"valueName":"search_term_string"}}],"inLanguage":"de"},{"@type":"Organization","@id":"https:\/\/www.starsislandlapalma.es\/#organization","name":"Star Island La Palma","url":"https:\/\/www.starsislandlapalma.es\/","logo":{"@type":"ImageObject","inLanguage":"de","@id":"https:\/\/www.starsislandlapalma.es\/#\/schema\/logo\/image\/","url":"https:\/\/www.starsislandlapalma.es\/wp-content\/uploads\/2022\/01\/logo_starisland.png","contentUrl":"https:\/\/www.starsislandlapalma.es\/wp-content\/uploads\/2022\/01\/logo_starisland.png","width":172,"height":139,"caption":"Star Island La Palma"},"image":{"@id":"https:\/\/www.starsislandlapalma.es\/#\/schema\/logo\/image\/"},"sameAs":["https:\/\/www.facebook.com\/pages\/Starsisland-La-Palma\/210888162375006?ref=hl","https:\/\/x.com\/starsislandlapa","https:\/\/www.pinterest.com\/astroturismo\/","https:\/\/www.youtube.com\/channel\/UCV7sju1ggcBpJG39HQCBtsA"]}]}},"_links":{"self":[{"href":"https:\/\/www.starsislandlapalma.es\/de\/wp-json\/wp\/v2\/pages\/17618\/"}],"collection":[{"href":"https:\/\/www.starsislandlapalma.es\/de\/wp-json\/wp\/v2\/pages\/"}],"about":[{"href":"https:\/\/www.starsislandlapalma.es\/de\/wp-json\/wp\/v2\/types\/page\/"}],"author":[{"embeddable":true,"href":"https:\/\/www.starsislandlapalma.es\/de\/wp-json\/wp\/v2\/users\/1\/"}],"replies":[{"embeddable":true,"href":"https:\/\/www.starsislandlapalma.es\/de\/wp-json\/wp\/v2\/comments\/?post=17618"}],"version-history":[{"count":0,"href":"https:\/\/www.starsislandlapalma.es\/de\/wp-json\/wp\/v2\/pages\/17618\/revisions\/"}],"up":[{"embeddable":true,"href":"https:\/\/www.starsislandlapalma.es\/de\/wp-json\/wp\/v2\/pages\/17571\/"}],"wp:attachment":[{"href":"https:\/\/www.starsislandlapalma.es\/de\/wp-json\/wp\/v2\/media\/?parent=17618"}],"curies":[{"name":"wp","href":"https:\/\/api.w.org\/{rel}","templated":true}]}}