{"id":17726,"date":"2015-03-19T20:24:39","date_gmt":"2015-03-19T20:24:39","guid":{"rendered":"http:\/\/www.starsislandlapalma.es\/?page_id=17726"},"modified":"2015-03-28T08:13:57","modified_gmt":"2015-03-28T08:13:57","slug":"el-carmen","status":"publish","type":"page","link":"https:\/\/www.starsislandlapalma.es\/de\/wandern-und-beobachten\/astronomischer-aussichtspunkt\/el-carmen\/","title":{"rendered":"El Carmen"},"content":{"rendered":"<p>[vc_row row_type=&#8220;row&#8220; type=&#8220;grid&#8220; text_align=&#8220;left&#8220; padding_top=&#8220;87&#8243; padding_bottom=&#8220;0&#8243; background_image_as_pattern=&#8220;without_pattern&#8220;][vc_column width=&#8220;1\/1&#8243;][vc_column_text]<\/p>\n<h2 style=\"text-align: center;\">Astronomischer Aussichtspunkt El Carmen<\/h2>\n<p>[\/vc_column_text][vc_separator type=&#8220;small&#8220; position=&#8220;center&#8220; down=&#8220;20&#8243; up=&#8220;7&#8243;][\/vc_column][\/vc_row][vc_row row_type=&#8220;row&#8220; type=&#8220;grid&#8220; text_align=&#8220;left&#8220; background_image_as_pattern=&#8220;without_pattern&#8220; padding_top=&#8220;50&#8243; padding_bottom=&#8220;10&#8243;][vc_column width=&#8220;3\/4&#8243; css=&#8220;.vc_custom_1423473714505{padding-right: 40px !important;}&#8220;][vc_column_text]<\/p>\n<h4>INFORMACTION<\/h4>\n<p>[vc_separator type=&#8217;small&#8216; position=&#8217;left&#8216; color=&#8220; thickness=&#8220; up=&#8217;8&#8242; down=&#8217;8&#8242;]<\/p>\n<ul>\n<li>Breite: <strong>28\u00ba 41\u2032 42,8\u2033 N<\/strong><\/li>\n<li>L\u00e4nge: <strong>17\u00ba 45\u2032 38,4\u2033 W<\/strong><\/li>\n<li>H\u00f6he: <strong>97,9 m.<\/strong><\/li>\n<li>Ortschaft: <strong>Santa Cruz de La Palma<\/strong><\/li>\n<\/ul>\n<p>[vc_separator type=&#8217;transparent&#8216; position=&#8217;center&#8216; color=&#8220; thickness=&#8220; up=&#8217;8&#8242; down=&#8217;8&#8242;]<\/p>\n<p style=\"text-align: justify;\"><strong>Obwohl dieser Aussichtspunkt in unmittelbarer N\u00e4he der Hauptstadt liegt, erlaubt dieser Standort eine ausgezeichnete Sicht auf den \u00f6stlichen und s\u00fcdlichen Nachthimmel.<\/strong> Von hier aus wird der antike mythologische Blick auf das Meer gerichtet, der religi\u00f6se Hintergrund der Bewohner der Kanarischen Inseln thematisiert und Hinweise auf den Stern Canopus, hellster Stern im Sternbild Kiel des Schiffs, gegeben. Von hier aus ist dar\u00fcber hinaus der Blick zum Polarstern genauso ausgeschildert wie die Lage der zirkuspolaren Konstellation, <strong>dem Gro\u00dfen B\u00e4ren und Kasiopea.<\/strong><\/p>\n<p>[\/vc_column_text][vc_separator type=&#8220;transparent&#8220; position=&#8220;center&#8220; up=&#8220;12&#8243; down=&#8220;0&#8243;]<a  itemprop=\"url\" href=\"http:\/\/www.starsislandlapalma.es\/?p=18995\" target=\"_self\"  class=\"qbutton  default\" style=\"\">LAGE<i class=\"qode_icon_font_awesome fa fa-map-marker qode_button_icon_element\" style=\"\" ><\/i><\/a>[vc_separator type=&#8220;transparent&#8220; position=&#8220;center&#8220; up=&#8220;12&#8243; down=&#8220;0&#8243;][\/vc_column][vc_column width=&#8220;1\/4&#8243; css=&#8220;.vc_custom_1423473671808{padding: 20px !important;background-color: #f8f8f8 !important;}&#8220;][vc_column_text]<\/p>\n<h4 style=\"text-align: left;\">HORIZONTE STELLARIUM<\/h4>\n<p style=\"text-align: left;\">[vc_separator type=&#8217;small&#8216; position=&#8217;left&#8216; color=&#8220; thickness=&#8220; up=&#8217;8&#8242; down=&#8217;8&#8242;]<\/p>\n<p>[\/vc_column_text][vc_separator type=&#8220;transparent&#8220; position=&#8220;center&#8220; up=&#8220;8&#8243; down=&#8220;8&#8243;]<a  itemprop=\"url\" href=\"http:\/\/www.starsislandlapalma.es\/wp-content\/uploads\/horizontes\/elcarmena.zip\" target=\"_blank\"  class=\"qbutton  small default\" style=\"\">Hohe Qualit\u00e4t (12,06 MB)<i class=\"qode_icon_font_awesome fa fa-cloud-download qode_button_icon_element\" style=\"\" ><\/i><\/a>[vc_separator type=&#8220;transparent&#8220; position=&#8220;center&#8220; up=&#8220;8&#8243; down=&#8220;8&#8243;]<a  itemprop=\"url\" href=\"http:\/\/www.starsislandlapalma.es\/wp-content\/uploads\/horizontes\/elcarmenm.zip\" target=\"_blank\"  class=\"qbutton  small default\" style=\"\">Durchschnittliche Qualit\u00e4t (6,78 MB)<i class=\"qode_icon_font_awesome fa fa-cloud-download qode_button_icon_element\" style=\"\" ><\/i><\/a>[vc_separator type=&#8220;transparent&#8220; position=&#8220;center&#8220; up=&#8220;8&#8243; down=&#8220;8&#8243;]<a  itemprop=\"url\" href=\"http:\/\/www.starsislandlapalma.es\/wp-content\/uploads\/horizontes\/elcarmenb.zip\" target=\"_blank\"  class=\"qbutton  small default\" style=\"\">Niedrige QUalit\u00e4t (2,65 MB)<i class=\"qode_icon_font_awesome fa fa-cloud-download qode_button_icon_element\" style=\"\" ><\/i><\/a>[vc_separator type=&#8220;transparent&#8220; position=&#8220;center&#8220; up=&#8220;15&#8243; down=&#8220;8&#8243;][vc_column_text]<\/p>\n<div style=\"font-size: 11px; line-height: 15px;\">Horizonte von 360\u00b0 von jedem Astronomie-Aussichtspunkt f\u00fcr das Programm Stellarium.<\/div>\n<p>[vc_separator type=&#8217;transparent&#8216; position=&#8217;center&#8216; color=&#8220; thickness=&#8220; up=&#8217;5&#8242; down=&#8217;8&#8242;]<\/p>\n<div style=\"font-size: 11px; line-height: 15px;\"><strong><a href=\"http:\/\/www.starsislandlapalma.es\/wp-content\/uploads\/horizontes\/InstruccionesStellarium-spain.pdf\" target=\"_blank\">Wenn Sie es w\u00fcnschen, k\u00f6nnen Sie die Information zur Installation hier herunterladen.\u00a0<\/a><\/strong><\/div>\n<p>[vc_separator type=&#8217;transparent&#8216; position=&#8217;center&#8216; color=&#8220; thickness=&#8220; up=&#8217;5&#8242; down=&#8217;8&#8242;]<\/p>\n<div style=\"font-size: 11px; line-height: 15px;\">Wenn Sie nicht \u00fcber das Programm Stellarem verf\u00fcgen, k\u00f6nnen Sie es unter \u00a0<strong><a href=\"http:\/\/www.stellarium.org\/\" target=\"_blank\">www.stellarium.org<\/a>\u00a0<\/strong>herunterladen<\/div>\n<p>[\/vc_column_text][\/vc_column][\/vc_row][vc_row row_type=&#8220;row&#8220; type=&#8220;full_width&#8220; text_align=&#8220;left&#8220; background_image_as_pattern=&#8220;without_pattern&#8220; background_color=&#8220;#000000&#8243; padding_top=&#8220;20&#8243; padding_bottom=&#8220;20&#8243;][vc_column width=&#8220;1\/1&#8243;][vc_single_image image=&#8220;16948&#8243; border_color=&#8220;grey&#8220; img_link_target=&#8220;_self&#8220; img_size=&#8220;1013&#215;762&#8243; alignment=&#8220;center&#8220;][\/vc_column][\/vc_row][vc_row row_type=&#8220;row&#8220; type=&#8220;grid&#8220; text_align=&#8220;left&#8220; background_image_as_pattern=&#8220;without_pattern&#8220; background_color=&#8220;#000000&#8243;][vc_column width=&#8220;1\/1&#8243;][vc_separator type=&#8220;transparent&#8220; position=&#8220;center&#8220; up=&#8220;12&#8243; down=&#8220;0&#8243;]<a  itemprop=\"url\" href=\"http:\/\/www.starsislandlapalma.es\/de\/wandern-und-beobachten\/astronomischer-aussichtspunkt\/\" target=\"_self\" data-hover-border-color=rgba(0,0,0,0.01)  class=\"qbutton  default\" style=\"border-color: #ffffff; \">ZUR\u00dcCKKEHREN<\/a>[vc_separator type=&#8220;transparent&#8220; position=&#8220;center&#8220; up=&#8220;59&#8243; down=&#8220;0&#8243;][\/vc_column][\/vc_row][vc_row row_type=&#8220;row&#8220; type=&#8220;full_width&#8220; text_align=&#8220;center&#8220; background_image=&#8220;15408&#8243; section_height=&#8220;500&#8243; background_image_as_pattern=&#8220;without_pattern&#8220;][vc_column width=&#8220;1\/1&#8243;][vc_separator type=&#8220;transparent&#8220; position=&#8220;center&#8220; up=&#8220;45&#8243; down=&#8220;0&#8243;][vc_column_text]<\/p>\n<h2 style=\"text-align: center;\"><span style=\"color: #ffffff;\">BESUCHEN SIE DAS OBSERVATORIUM<\/span><\/h2>\n<p>[\/vc_column_text][vc_separator type=&#8220;small&#8220; position=&#8220;center&#8220; down=&#8220;29&#8243; up=&#8220;24&#8243; color=&#8220;#ffffff&#8220;][vc_column_text]<\/p>\n<h6 style=\"text-align: center;\"><span style=\"color: #ffffff;\">Das Observatorium vom Roque de Los Muchachos steht interessierten Besuchern offen.<\/span><\/h6>\n<h6 style=\"text-align: center;\"><span style=\"color: #ffffff;\">Nutzen Sie diese Gelegenheit und genie\u00dfen Sie die Sterne von einem der privilegiertesten Orte der Erde f\u00fcr die astronomische Observation. <\/span><\/h6>\n<p>[\/vc_column_text][vc_separator type=&#8220;transparent&#8220; position=&#8220;center&#8220; up=&#8220;31&#8243; down=&#8220;0&#8243;][vc_row_inner row_type=&#8220;row&#8220; type=&#8220;full_width&#8220; text_align=&#8220;center&#8220;][vc_column_inner width=&#8220;1\/3&#8243;]<a  itemprop=\"url\" href=\"http:\/\/www.starsislandlapalma.es\/observatorio-astrofisico\/visitas-guiadas\/reserva-particulares\/index_en.html\" target=\"_blank\" data-hover-background-color=#005769 data-hover-border-color=#005769 data-hover-color=#ffffff class=\"qbutton  small center default\" style=\"color: #000000; border-color: #ffffff; background-color: #ffffff;\">PRIVATE RESERVIERUNG<\/a>[\/vc_column_inner][vc_column_inner width=&#8220;1\/3&#8243;]<a  itemprop=\"url\" href=\"https:\/\/www.iac.es\/es\/observatorios-de-canarias\/observatorio-del-roque-de-los-muchachos\/visitas?lang=en\" target=\"_blank\" data-hover-background-color=#005769 data-hover-border-color=#005769 data-hover-color=#ffffff class=\"qbutton  small center default\" style=\"color: #000000; border-color: #ffffff; background-color: #ffffff;\">RESERVIERUNG BILDUNGSZENTREN<\/a>[\/vc_column_inner][vc_column_inner width=&#8220;1\/3&#8243;]<a  itemprop=\"url\" href=\"http:\/\/www.iac.es\/eno.php?op1=2&amp;op2=420&amp;op3=57&amp;lang=en\" target=\"_blank\" data-hover-background-color=#005769 data-hover-border-color=#005769 data-hover-color=#ffffff class=\"qbutton  small center default\" style=\"color: #000000; border-color: #ffffff; background-color: #ffffff;\">RESERVIERUNG MEDIEN &amp; PRESSE<\/a>[\/vc_column_inner][\/vc_row_inner][vc_separator type=&#8220;transparent&#8220; position=&#8220;center&#8220; up=&#8220;121&#8243; down=&#8220;0&#8243;][\/vc_column][\/vc_row]<\/p>\n","protected":false},"excerpt":{"rendered":"<p>[vc_row row_type=&#8220;row&#8220; type=&#8220;grid&#8220; text_align=&#8220;left&#8220; padding_top=&#8220;87&#8243; padding_bottom=&#8220;0&#8243; background_image_as_pattern=&#8220;without_pattern&#8220;][vc_column width=&#8220;1\/1&#8243;][vc_column_text] Astronomischer Aussichtspunkt El Carmen [\/vc_column_text][vc_separator type=&#8220;small&#8220; position=&#8220;center&#8220; down=&#8220;20&#8243; up=&#8220;7&#8243;][\/vc_column][\/vc_row][vc_row row_type=&#8220;row&#8220; type=&#8220;grid&#8220; text_align=&#8220;left&#8220; background_image_as_pattern=&#8220;without_pattern&#8220; padding_top=&#8220;50&#8243; padding_bottom=&#8220;10&#8243;][vc_column width=&#8220;3\/4&#8243; css=&#8220;.vc_custom_1423473714505{padding-right: 40px !important;}&#8220;][vc_column_text] INFORMACTION [vc_separator type=&#8217;small&#8216; position=&#8217;left&#8216; color=&#8220; thickness=&#8220; up=&#8217;8&#8242; down=&#8217;8&#8242;] Breite: 28\u00ba 41\u2032 42,8\u2033 N L\u00e4nge: 17\u00ba 45\u2032 38,4\u2033 W&#8230;<\/p>\n","protected":false},"author":1,"featured_media":0,"parent":17569,"menu_order":0,"comment_status":"open","ping_status":"open","template":"full_width.php","meta":{"footnotes":""},"yoast_head":"<!-- This site is optimized with the Yoast SEO plugin v24.5 - https:\/\/yoast.com\/wordpress\/plugins\/seo\/ -->\n<title>El Carmen &#8902; Stars Island La Palma<\/title>\n<meta name=\"robots\" content=\"index, follow, max-snippet:-1, max-image-preview:large, max-video-preview:-1\" \/>\n<link rel=\"canonical\" href=\"https:\/\/www.starsislandlapalma.es\/de\/wandern-und-beobachten\/astronomischer-aussichtspunkt\/el-carmen\/\" \/>\n<meta property=\"og:locale\" content=\"de_DE\" \/>\n<meta property=\"og:type\" content=\"article\" \/>\n<meta property=\"og:title\" content=\"El Carmen &#8902; Stars Island La Palma\" \/>\n<meta property=\"og:description\" content=\"[vc_row row_type=&#8220;row&#8220; type=&#8220;grid&#8220; text_align=&#8220;left&#8220; padding_top=&#8220;87&#8243; padding_bottom=&#8220;0&#8243; background_image_as_pattern=&#8220;without_pattern&#8220;][vc_column width=&#8220;1\/1&#8243;][vc_column_text] Astronomischer Aussichtspunkt El Carmen [\/vc_column_text][vc_separator type=&#8220;small&#8220; position=&#8220;center&#8220; down=&#8220;20&#8243; up=&#8220;7&#8243;][\/vc_column][\/vc_row][vc_row row_type=&#8220;row&#8220; type=&#8220;grid&#8220; text_align=&#8220;left&#8220; background_image_as_pattern=&#8220;without_pattern&#8220; padding_top=&#8220;50&#8243; padding_bottom=&#8220;10&#8243;][vc_column width=&#8220;3\/4&#8243; css=&#8220;.vc_custom_1423473714505{padding-right: 40px !important;}&#8220;][vc_column_text] INFORMACTION [vc_separator type=&#8217;small&#8216; position=&#8217;left&#8216; color=&#8220; thickness=&#8220; up=&#8217;8&#8242; down=&#8217;8&#8242;] Breite: 28\u00ba 41\u2032 42,8\u2033 N L\u00e4nge: 17\u00ba 45\u2032 38,4\u2033 W...\" \/>\n<meta property=\"og:url\" content=\"https:\/\/www.starsislandlapalma.es\/de\/wandern-und-beobachten\/astronomischer-aussichtspunkt\/el-carmen\/\" \/>\n<meta property=\"og:site_name\" content=\"Stars Island La Palma\" \/>\n<meta property=\"article:publisher\" content=\"https:\/\/www.facebook.com\/pages\/Starsisland-La-Palma\/210888162375006?ref=hl\" \/>\n<meta property=\"article:modified_time\" content=\"2015-03-28T08:13:57+00:00\" \/>\n<meta name=\"twitter:label1\" content=\"Gesch\u00e4tzte Lesezeit\" \/>\n\t<meta name=\"twitter:data1\" content=\"4\u00a0Minuten\" \/>\n<script type=\"application\/ld+json\" class=\"yoast-schema-graph\">{\"@context\":\"https:\/\/schema.org\",\"@graph\":[{\"@type\":\"WebPage\",\"@id\":\"https:\/\/www.starsislandlapalma.es\/de\/wandern-und-beobachten\/astronomischer-aussichtspunkt\/el-carmen\/\",\"url\":\"https:\/\/www.starsislandlapalma.es\/de\/wandern-und-beobachten\/astronomischer-aussichtspunkt\/el-carmen\/\",\"name\":\"El Carmen &#8902; Stars Island La Palma\",\"isPartOf\":{\"@id\":\"https:\/\/www.starsislandlapalma.es\/#website\"},\"datePublished\":\"2015-03-19T20:24:39+00:00\",\"dateModified\":\"2015-03-28T08:13:57+00:00\",\"breadcrumb\":{\"@id\":\"https:\/\/www.starsislandlapalma.es\/de\/wandern-und-beobachten\/astronomischer-aussichtspunkt\/el-carmen\/#breadcrumb\"},\"inLanguage\":\"de\",\"potentialAction\":[{\"@type\":\"ReadAction\",\"target\":[\"https:\/\/www.starsislandlapalma.es\/de\/wandern-und-beobachten\/astronomischer-aussichtspunkt\/el-carmen\/\"]}]},{\"@type\":\"BreadcrumbList\",\"@id\":\"https:\/\/www.starsislandlapalma.es\/de\/wandern-und-beobachten\/astronomischer-aussichtspunkt\/el-carmen\/#breadcrumb\",\"itemListElement\":[{\"@type\":\"ListItem\",\"position\":1,\"name\":\"Portada\",\"item\":\"https:\/\/www.starsislandlapalma.es\/de\/\"},{\"@type\":\"ListItem\",\"position\":2,\"name\":\"Wandern und beobachten\",\"item\":\"https:\/\/www.starsislandlapalma.es\/de\/wandern-und-beobachten\/\"},{\"@type\":\"ListItem\",\"position\":3,\"name\":\"Astronomischer Aussichtspunkt\",\"item\":\"https:\/\/www.starsislandlapalma.es\/de\/wandern-und-beobachten\/astronomischer-aussichtspunkt\/\"},{\"@type\":\"ListItem\",\"position\":4,\"name\":\"El Carmen\"}]},{\"@type\":\"WebSite\",\"@id\":\"https:\/\/www.starsislandlapalma.es\/#website\",\"url\":\"https:\/\/www.starsislandlapalma.es\/\",\"name\":\"Stars Island La Palma\",\"description\":\"La Palma, el lugar perfecto para disfrutar del universo. Primera Reserva Starlight del mundo, en 2012 se reconoce como Destino Tur\u00edstico Starlight\",\"publisher\":{\"@id\":\"https:\/\/www.starsislandlapalma.es\/#organization\"},\"potentialAction\":[{\"@type\":\"SearchAction\",\"target\":{\"@type\":\"EntryPoint\",\"urlTemplate\":\"https:\/\/www.starsislandlapalma.es\/?s={search_term_string}\"},\"query-input\":{\"@type\":\"PropertyValueSpecification\",\"valueRequired\":true,\"valueName\":\"search_term_string\"}}],\"inLanguage\":\"de\"},{\"@type\":\"Organization\",\"@id\":\"https:\/\/www.starsislandlapalma.es\/#organization\",\"name\":\"Star Island La Palma\",\"url\":\"https:\/\/www.starsislandlapalma.es\/\",\"logo\":{\"@type\":\"ImageObject\",\"inLanguage\":\"de\",\"@id\":\"https:\/\/www.starsislandlapalma.es\/#\/schema\/logo\/image\/\",\"url\":\"https:\/\/www.starsislandlapalma.es\/wp-content\/uploads\/2022\/01\/logo_starisland.png\",\"contentUrl\":\"https:\/\/www.starsislandlapalma.es\/wp-content\/uploads\/2022\/01\/logo_starisland.png\",\"width\":172,\"height\":139,\"caption\":\"Star Island La Palma\"},\"image\":{\"@id\":\"https:\/\/www.starsislandlapalma.es\/#\/schema\/logo\/image\/\"},\"sameAs\":[\"https:\/\/www.facebook.com\/pages\/Starsisland-La-Palma\/210888162375006?ref=hl\",\"https:\/\/x.com\/starsislandlapa\",\"https:\/\/www.pinterest.com\/astroturismo\/\",\"https:\/\/www.youtube.com\/channel\/UCV7sju1ggcBpJG39HQCBtsA\"]}]}<\/script>\n<!-- \/ Yoast SEO plugin. -->","yoast_head_json":{"title":"El Carmen &#8902; Stars Island La Palma","robots":{"index":"index","follow":"follow","max-snippet":"max-snippet:-1","max-image-preview":"max-image-preview:large","max-video-preview":"max-video-preview:-1"},"canonical":"https:\/\/www.starsislandlapalma.es\/de\/wandern-und-beobachten\/astronomischer-aussichtspunkt\/el-carmen\/","og_locale":"de_DE","og_type":"article","og_title":"El Carmen &#8902; Stars Island La Palma","og_description":"[vc_row row_type=&#8220;row&#8220; type=&#8220;grid&#8220; text_align=&#8220;left&#8220; padding_top=&#8220;87&#8243; padding_bottom=&#8220;0&#8243; background_image_as_pattern=&#8220;without_pattern&#8220;][vc_column width=&#8220;1\/1&#8243;][vc_column_text] Astronomischer Aussichtspunkt El Carmen [\/vc_column_text][vc_separator type=&#8220;small&#8220; position=&#8220;center&#8220; down=&#8220;20&#8243; up=&#8220;7&#8243;][\/vc_column][\/vc_row][vc_row row_type=&#8220;row&#8220; type=&#8220;grid&#8220; text_align=&#8220;left&#8220; background_image_as_pattern=&#8220;without_pattern&#8220; padding_top=&#8220;50&#8243; padding_bottom=&#8220;10&#8243;][vc_column width=&#8220;3\/4&#8243; css=&#8220;.vc_custom_1423473714505{padding-right: 40px !important;}&#8220;][vc_column_text] INFORMACTION [vc_separator type=&#8217;small&#8216; position=&#8217;left&#8216; color=&#8220; thickness=&#8220; up=&#8217;8&#8242; down=&#8217;8&#8242;] Breite: 28\u00ba 41\u2032 42,8\u2033 N L\u00e4nge: 17\u00ba 45\u2032 38,4\u2033 W...","og_url":"https:\/\/www.starsislandlapalma.es\/de\/wandern-und-beobachten\/astronomischer-aussichtspunkt\/el-carmen\/","og_site_name":"Stars Island La Palma","article_publisher":"https:\/\/www.facebook.com\/pages\/Starsisland-La-Palma\/210888162375006?ref=hl","article_modified_time":"2015-03-28T08:13:57+00:00","twitter_misc":{"Gesch\u00e4tzte Lesezeit":"4\u00a0Minuten"},"schema":{"@context":"https:\/\/schema.org","@graph":[{"@type":"WebPage","@id":"https:\/\/www.starsislandlapalma.es\/de\/wandern-und-beobachten\/astronomischer-aussichtspunkt\/el-carmen\/","url":"https:\/\/www.starsislandlapalma.es\/de\/wandern-und-beobachten\/astronomischer-aussichtspunkt\/el-carmen\/","name":"El Carmen &#8902; Stars Island La Palma","isPartOf":{"@id":"https:\/\/www.starsislandlapalma.es\/#website"},"datePublished":"2015-03-19T20:24:39+00:00","dateModified":"2015-03-28T08:13:57+00:00","breadcrumb":{"@id":"https:\/\/www.starsislandlapalma.es\/de\/wandern-und-beobachten\/astronomischer-aussichtspunkt\/el-carmen\/#breadcrumb"},"inLanguage":"de","potentialAction":[{"@type":"ReadAction","target":["https:\/\/www.starsislandlapalma.es\/de\/wandern-und-beobachten\/astronomischer-aussichtspunkt\/el-carmen\/"]}]},{"@type":"BreadcrumbList","@id":"https:\/\/www.starsislandlapalma.es\/de\/wandern-und-beobachten\/astronomischer-aussichtspunkt\/el-carmen\/#breadcrumb","itemListElement":[{"@type":"ListItem","position":1,"name":"Portada","item":"https:\/\/www.starsislandlapalma.es\/de\/"},{"@type":"ListItem","position":2,"name":"Wandern und beobachten","item":"https:\/\/www.starsislandlapalma.es\/de\/wandern-und-beobachten\/"},{"@type":"ListItem","position":3,"name":"Astronomischer Aussichtspunkt","item":"https:\/\/www.starsislandlapalma.es\/de\/wandern-und-beobachten\/astronomischer-aussichtspunkt\/"},{"@type":"ListItem","position":4,"name":"El Carmen"}]},{"@type":"WebSite","@id":"https:\/\/www.starsislandlapalma.es\/#website","url":"https:\/\/www.starsislandlapalma.es\/","name":"Stars Island La Palma","description":"La Palma, el lugar perfecto para disfrutar del universo. Primera Reserva Starlight del mundo, en 2012 se reconoce como Destino Tur\u00edstico Starlight","publisher":{"@id":"https:\/\/www.starsislandlapalma.es\/#organization"},"potentialAction":[{"@type":"SearchAction","target":{"@type":"EntryPoint","urlTemplate":"https:\/\/www.starsislandlapalma.es\/?s={search_term_string}"},"query-input":{"@type":"PropertyValueSpecification","valueRequired":true,"valueName":"search_term_string"}}],"inLanguage":"de"},{"@type":"Organization","@id":"https:\/\/www.starsislandlapalma.es\/#organization","name":"Star Island La Palma","url":"https:\/\/www.starsislandlapalma.es\/","logo":{"@type":"ImageObject","inLanguage":"de","@id":"https:\/\/www.starsislandlapalma.es\/#\/schema\/logo\/image\/","url":"https:\/\/www.starsislandlapalma.es\/wp-content\/uploads\/2022\/01\/logo_starisland.png","contentUrl":"https:\/\/www.starsislandlapalma.es\/wp-content\/uploads\/2022\/01\/logo_starisland.png","width":172,"height":139,"caption":"Star Island La Palma"},"image":{"@id":"https:\/\/www.starsislandlapalma.es\/#\/schema\/logo\/image\/"},"sameAs":["https:\/\/www.facebook.com\/pages\/Starsisland-La-Palma\/210888162375006?ref=hl","https:\/\/x.com\/starsislandlapa","https:\/\/www.pinterest.com\/astroturismo\/","https:\/\/www.youtube.com\/channel\/UCV7sju1ggcBpJG39HQCBtsA"]}]}},"_links":{"self":[{"href":"https:\/\/www.starsislandlapalma.es\/de\/wp-json\/wp\/v2\/pages\/17726\/"}],"collection":[{"href":"https:\/\/www.starsislandlapalma.es\/de\/wp-json\/wp\/v2\/pages\/"}],"about":[{"href":"https:\/\/www.starsislandlapalma.es\/de\/wp-json\/wp\/v2\/types\/page\/"}],"author":[{"embeddable":true,"href":"https:\/\/www.starsislandlapalma.es\/de\/wp-json\/wp\/v2\/users\/1\/"}],"replies":[{"embeddable":true,"href":"https:\/\/www.starsislandlapalma.es\/de\/wp-json\/wp\/v2\/comments\/?post=17726"}],"version-history":[{"count":0,"href":"https:\/\/www.starsislandlapalma.es\/de\/wp-json\/wp\/v2\/pages\/17726\/revisions\/"}],"up":[{"embeddable":true,"href":"https:\/\/www.starsislandlapalma.es\/de\/wp-json\/wp\/v2\/pages\/17569\/"}],"wp:attachment":[{"href":"https:\/\/www.starsislandlapalma.es\/de\/wp-json\/wp\/v2\/media\/?parent=17726"}],"curies":[{"name":"wp","href":"https:\/\/api.w.org\/{rel}","templated":true}]}}