{"id":18092,"date":"2015-03-23T10:12:55","date_gmt":"2015-03-23T10:12:55","guid":{"rendered":"http:\/\/www.starsislandlapalma.es\/?page_id=18092"},"modified":"2015-03-25T09:13:32","modified_gmt":"2015-03-25T09:13:32","slug":"casa-emblematica-san-sebastian","status":"publish","type":"page","link":"https:\/\/www.starsislandlapalma.es\/de\/unternehmen-starsislands\/unterkunft\/casa-emblematica-san-sebastian\/","title":{"rendered":"Casa Emblem\u00e1tica San Sebasti\u00e1n"},"content":{"rendered":"<p>[vc_row row_type=&#8220;row&#8220; type=&#8220;grid&#8220; text_align=&#8220;left&#8220; padding_top=&#8220;87&#8243; padding_bottom=&#8220;0&#8243; background_image_as_pattern=&#8220;without_pattern&#8220;][vc_column width=&#8220;1\/1&#8243;][vc_column_text]<\/p>\n<h2 style=\"text-align: center;\">CASA EMBLEM\u00c1TICA SAN SEBASTI\u00c1N. SUITE YAIZA<\/h2>\n<p>[\/vc_column_text][vc_separator type=&#8220;small&#8220; position=&#8220;center&#8220; down=&#8220;20&#8243; up=&#8220;7&#8243;][\/vc_column][\/vc_row][vc_row row_type=&#8220;row&#8220; type=&#8220;grid&#8220; text_align=&#8220;left&#8220; padding_top=&#8220;37&#8243; background_image_as_pattern=&#8220;without_pattern&#8220;][vc_column width=&#8220;1\/2&#8243;][vc_row_inner row_type=&#8220;row&#8220; type=&#8220;full_width&#8220; text_align=&#8220;center&#8220;][vc_column_inner width=&#8220;1\/1&#8243;][vc_column_text]<\/p>\n<h4 style=\"text-align: center;\">Haus aus dem 18. Jahrhundert in der Altstadt von Santa Cruz de La Palma, mit Blick auf die Calle San Sebasti\u00e1n. Ruhig und zentral gelegen, nur vier Gehminuten von der Haupteinkaufsstra\u00dfe Calle O&#8217;Daly entfernt, die auch als &#8222;Calle Real&#8220; bezeichnet wird.<\/h4>\n<p style=\"text-align: justify;\">[vc_separator type=&#8217;transparent&#8216; position=&#8217;center&#8216; color=&#8220; thickness=&#8220; up=&#8217;10&#8216; down=&#8217;8&#8242;]<\/p>\n<p style=\"text-align: justify;\">In der oberen Altstadt von Santa Cruz de La Palma gelegen. Nur rund 100 Meter vom Teatro Circo de Marte (Stadt-Theater) entfernt und unweit der Plaza de Espa\u00f1a und dem Rathaus an der Calle O&#8217;Daly, dem Zentrum der Stadt.<\/p>\n<p style=\"text-align: justify;\">Als besondere Aufmerksamkeit an seine G\u00e4ste, bietet das Stadthaus San Sebasti\u00e1n Ihnen kostenlos die M\u00f6glichkeit an, die Anlagen des Real Club N\u00e1utico de La Palma zu nutzen, welches sich nur f\u00fcnfzehn Minuten zu Fu\u00df entfernt befindet. Der sch\u00f6ne Spaziergang dorthin f\u00fchrt durch die einzigartigen Kopfsteinpflasterstra\u00dfen von Santa Cruz de La Palma.<br \/>\nSie werden von der vorz\u00fcglichen Einrichtung des Clubs beeindruckt sein, mit zwei Schwimmbecken (eines davon ein Hallenbad), Spa, zwei Saunas und einem Restaurant.<br \/>\nAuf Wunsch k\u00f6nnen Sie auch eine Massage mit einer erfahrenen Shiatsu- und Schwedischer Massage- Therapeutin buchen.<\/p>\n<p style=\"text-align: justify;\">[vc_separator type=&#8217;transparent&#8216; position=&#8217;center&#8216; color=&#8220; thickness=&#8220; up=&#8217;8&#8242; down=&#8217;8&#8242;]<\/p>\n<h4 style=\"text-align: justify;\">Ausstattung:<\/h4>\n<p style=\"text-align: justify;\">[vc_separator type=&#8217;small&#8216; position=&#8217;left&#8216; color=&#8220; thickness=&#8220; up=&#8217;5&#8242; down=&#8217;5&#8242;]<\/p>\n<p style=\"text-align: justify;\">Das Teleskop\u00a0<strong>Orion 100ED <\/strong>\u00a0mit einem Okular-Set und einem Aufbau mit F\u00fchrungsrohr\u00a0<strong>Orion Atlas EQ-G<\/strong>\u00a0ist f\u00fcr den Transport geeignet. Die Fotokamera ist mit Adaptern und erg\u00e4nzendes Material ausgestattet. B\u00fccher und Laptop mit Information \u00fcber Astronomie und anderen Wissensbereichen.<\/p>\n<p style=\"text-align: justify;\">[vc_separator type=&#8217;small&#8216; position=&#8217;left&#8216; color=&#8220; thickness=&#8220; up=&#8217;5&#8242; down=&#8217;5&#8242;]<\/p>\n<p style=\"text-align: justify;\"><span style=\"line-height: 1.5;\"><strong>Observation auf dem Gel\u00e4nde:<\/strong> Die Unterkunft verf\u00fcgt \u00fcber Terrasse<\/span><\/p>\n<p style=\"text-align: justify;\"><strong><span style=\"line-height: 1.5;\">Andere technische Daten: <\/span><\/strong><\/p>\n<ul>\n<li style=\"text-align: justify;\"><span style=\"line-height: 1.5;\">Qualit\u00e4t des Himmels: 8 \/ 10 <\/span><\/li>\n<li style=\"text-align: justify;\"><span style=\"line-height: 1.5;\">Voraussichtliche Gr\u00f6\u00dfenordnung: 5,2\u00a0<\/span><\/li>\n<li style=\"text-align: justify;\"><span style=\"line-height: 1.5;\">Messung arcseg2 (sqm): 19,67 SQM \/ Datum der letzten Messung: 12.03.15 <\/span><\/li>\n<\/ul>\n<p style=\"text-align: justify;\"><span style=\"line-height: 1.5;\">[\/vc_column_text][vc_separator type=&#8220;transparent&#8220; position=&#8220;center&#8220; up=&#8220;35&#8243; down=&#8220;0&#8243;][vc_raw_html]JTNDJTIxLS1jYWxlbmRhcmlvJTIwcnVyYWxnZXN0LS0lM0UlMEElMEElM0NiciUyRiUzRSUzQ2JyJTJGJTNFJTBBJTNDZGl2JTIwaWQlM0QlMjI1Nzg5OTNfY29udGVuaWRvX3J1cmFsZ2VzdF8yJTIyJTNFJTNDJTJGZGl2JTNFJTBBJTNDc2NyaXB0JTIwc3JjJTNEJTIyaHR0cCUzQSUyRiUyRnd3dy5ydXJhbGdlc3QubmV0JTJGc2NyJTJGbW9kdWxvcyUyRnJlY3Vyc29zX2V4dCUyRmpzX2V4dCUyRmV4dF92MDAxLnBocCUzRmlkX2Nhc2ElM0Q1Nzg5OTMlMjZhbXAlM0JpZF9pZGlvbWElM0Q1JTI2YW1wJTNCYXNwZWN0byUzRDM2MzElMjZhbXAlM0JvcCUzRDM2MzElMjIlM0UlM0MlMkZzY3JpcHQlM0UlMEElM0NiciUyRiUzRQ==[\/vc_raw_html][\/vc_column_inner][\/vc_row_inner][vc_separator type=&#8220;transparent&#8220; position=&#8220;center&#8220; up=&#8220;20&#8243; down=&#8220;10&#8243;][vc_row_inner][vc_column_inner width=&#8220;1\/2&#8243;]<a  itemprop=\"url\" href=\"#\" target=\"_self\"  class=\"qbutton  default\" style=\"\">+34 922 430 625<i class=\"qode_icon_font_awesome fa fa-phone qode_button_icon_element\" style=\"\" ><\/i><\/a>[\/vc_column_inner][vc_column_inner width=&#8220;1\/2&#8243;]<a  itemprop=\"url\" href=\"http:\/\/alojamientoslapalma.com\/de\" target=\"_blank\"  class=\"qbutton  default\" style=\"\">Web<\/a>[\/vc_column_inner][\/vc_row_inner][vc_separator type=&#8220;transparent&#8220; position=&#8220;center&#8220; up=&#8220;80&#8243; down=&#8220;0&#8243;][\/vc_column][vc_column width=&#8220;1\/2&#8243;][vc_gallery type=&#8220;image_grid&#8220; interval=&#8220;3&#8243; onclick=&#8220;link_image&#8220; custom_links_target=&#8220;_self&#8220; column_number=&#8220;2&#8243; grayscale=&#8220;no&#8220; choose_frame=&#8220;default&#8220; img_size=&#8220;300&#215;300&#8243; images=&#8220;16015,16014,16013,16012,16011,16017&#8243;][vc_separator type=&#8220;transparent&#8220; position=&#8220;center&#8220; up=&#8220;80&#8243; down=&#8220;8&#8243;][\/vc_column][\/vc_row][vc_row row_type=&#8220;row&#8220; type=&#8220;grid&#8220; text_align=&#8220;left&#8220; background_image_as_pattern=&#8220;without_pattern&#8220;][vc_column width=&#8220;1\/1&#8243;][vc_separator type=&#8220;transparent&#8220; position=&#8220;center&#8220; up=&#8220;12&#8243; down=&#8220;0&#8243;]<a  itemprop=\"url\" href=\"http:\/\/www.starsislandlapalma.es\/de\/unternehmen-starsislands\/unterkunft\/\" target=\"_self\"  class=\"qbutton  default\" style=\"\">ZUR\u00dcCKKEHREN<\/a>[vc_separator type=&#8220;transparent&#8220; position=&#8220;center&#8220; up=&#8220;59&#8243; down=&#8220;0&#8243;][\/vc_column][\/vc_row][vc_row row_type=&#8220;row&#8220; type=&#8220;full_width&#8220; text_align=&#8220;center&#8220; background_image=&#8220;15408&#8243; section_height=&#8220;500&#8243; background_image_as_pattern=&#8220;without_pattern&#8220;][vc_column width=&#8220;1\/1&#8243;][vc_separator type=&#8220;transparent&#8220; position=&#8220;center&#8220; up=&#8220;45&#8243; down=&#8220;0&#8243;][vc_column_text]<\/span><\/p>\n<h2 style=\"text-align: center;\"><span style=\"color: #ffffff;\">BESUCHEN SIE DAS OBSERVATORIUM<\/span><\/h2>\n<p>[\/vc_column_text][vc_separator type=&#8220;small&#8220; position=&#8220;center&#8220; down=&#8220;29&#8243; up=&#8220;24&#8243; color=&#8220;#ffffff&#8220;][vc_column_text]<\/p>\n<h6 style=\"text-align: center;\"><span style=\"color: #ffffff;\">Das Observatorium vom Roque de Los Muchachos steht interessierten Besuchern offen.<\/span><\/h6>\n<h6 style=\"text-align: center;\"><span style=\"color: #ffffff;\">Nutzen Sie diese Gelegenheit und genie\u00dfen Sie die Sterne von einem der privilegiertesten Orte der Erde f\u00fcr die astronomische Observation. <\/span><\/h6>\n<p>[\/vc_column_text][vc_separator type=&#8220;transparent&#8220; position=&#8220;center&#8220; up=&#8220;31&#8243; down=&#8220;0&#8243;][vc_row_inner row_type=&#8220;row&#8220; type=&#8220;full_width&#8220; text_align=&#8220;center&#8220;][vc_column_inner width=&#8220;1\/3&#8243;]<a  itemprop=\"url\" href=\"http:\/\/www.starsislandlapalma.es\/observatorio-astrofisico\/visitas-guiadas\/reserva-particulares\/index_en.html\" target=\"_blank\" data-hover-background-color=#005769 data-hover-border-color=#005769 data-hover-color=#ffffff class=\"qbutton  small center default\" style=\"color: #000000; border-color: #ffffff; background-color: #ffffff;\">PRIVATE RESERVIERUNG<\/a>[\/vc_column_inner][vc_column_inner width=&#8220;1\/3&#8243;]<a  itemprop=\"url\" href=\"https:\/\/www.iac.es\/es\/observatorios-de-canarias\/observatorio-del-roque-de-los-muchachos\/visitas?lang=en\" target=\"_blank\" data-hover-background-color=#005769 data-hover-border-color=#005769 data-hover-color=#ffffff class=\"qbutton  small center default\" style=\"color: #000000; border-color: #ffffff; background-color: #ffffff;\">RESERVIERUNG BILDUNGSZENTREN<\/a>[\/vc_column_inner][vc_column_inner width=&#8220;1\/3&#8243;]<a  itemprop=\"url\" href=\"http:\/\/www.iac.es\/eno.php?op1=2&amp;op2=420&amp;op3=57&amp;lang=en\" target=\"_blank\" data-hover-background-color=#005769 data-hover-border-color=#005769 data-hover-color=#ffffff class=\"qbutton  small center default\" style=\"color: #000000; border-color: #ffffff; background-color: #ffffff;\">RESERVIERUNG MEDIEN &amp; PRESSE<\/a>[\/vc_column_inner][\/vc_row_inner][vc_separator type=&#8220;transparent&#8220; position=&#8220;center&#8220; up=&#8220;121&#8243; down=&#8220;0&#8243;][\/vc_column][\/vc_row]<\/p>\n","protected":false},"excerpt":{"rendered":"<p>[vc_row row_type=&#8220;row&#8220; type=&#8220;grid&#8220; text_align=&#8220;left&#8220; padding_top=&#8220;87&#8243; padding_bottom=&#8220;0&#8243; background_image_as_pattern=&#8220;without_pattern&#8220;][vc_column width=&#8220;1\/1&#8243;][vc_column_text] CASA EMBLEM\u00c1TICA SAN SEBASTI\u00c1N. SUITE YAIZA [\/vc_column_text][vc_separator type=&#8220;small&#8220; position=&#8220;center&#8220; down=&#8220;20&#8243; up=&#8220;7&#8243;][\/vc_column][\/vc_row][vc_row row_type=&#8220;row&#8220; type=&#8220;grid&#8220; text_align=&#8220;left&#8220; padding_top=&#8220;37&#8243; background_image_as_pattern=&#8220;without_pattern&#8220;][vc_column width=&#8220;1\/2&#8243;][vc_row_inner row_type=&#8220;row&#8220; type=&#8220;full_width&#8220; text_align=&#8220;center&#8220;][vc_column_inner width=&#8220;1\/1&#8243;][vc_column_text] Haus aus dem 18. Jahrhundert in der Altstadt von Santa Cruz de La Palma, mit Blick&#8230;<\/p>\n","protected":false},"author":1,"featured_media":0,"parent":17681,"menu_order":0,"comment_status":"closed","ping_status":"closed","template":"full_width.php","meta":{"footnotes":""},"yoast_head":"<!-- This site is optimized with the Yoast SEO plugin v24.5 - https:\/\/yoast.com\/wordpress\/plugins\/seo\/ -->\n<title>Casa Emblem\u00e1tica San Sebasti\u00e1n &#8902; Stars Island La Palma<\/title>\n<meta name=\"robots\" content=\"index, follow, max-snippet:-1, max-image-preview:large, max-video-preview:-1\" \/>\n<link rel=\"canonical\" href=\"https:\/\/www.starsislandlapalma.es\/de\/unternehmen-starsislands\/unterkunft\/casa-emblematica-san-sebastian\/\" \/>\n<meta property=\"og:locale\" content=\"de_DE\" \/>\n<meta property=\"og:type\" content=\"article\" \/>\n<meta property=\"og:title\" content=\"Casa Emblem\u00e1tica San Sebasti\u00e1n &#8902; Stars Island La Palma\" \/>\n<meta property=\"og:description\" content=\"[vc_row row_type=&#8220;row&#8220; type=&#8220;grid&#8220; text_align=&#8220;left&#8220; padding_top=&#8220;87&#8243; padding_bottom=&#8220;0&#8243; background_image_as_pattern=&#8220;without_pattern&#8220;][vc_column width=&#8220;1\/1&#8243;][vc_column_text] CASA EMBLEM\u00c1TICA SAN SEBASTI\u00c1N. SUITE YAIZA [\/vc_column_text][vc_separator type=&#8220;small&#8220; position=&#8220;center&#8220; down=&#8220;20&#8243; up=&#8220;7&#8243;][\/vc_column][\/vc_row][vc_row row_type=&#8220;row&#8220; type=&#8220;grid&#8220; text_align=&#8220;left&#8220; padding_top=&#8220;37&#8243; background_image_as_pattern=&#8220;without_pattern&#8220;][vc_column width=&#8220;1\/2&#8243;][vc_row_inner row_type=&#8220;row&#8220; type=&#8220;full_width&#8220; text_align=&#8220;center&#8220;][vc_column_inner width=&#8220;1\/1&#8243;][vc_column_text] Haus aus dem 18. Jahrhundert in der Altstadt von Santa Cruz de La Palma, mit Blick...\" \/>\n<meta property=\"og:url\" content=\"https:\/\/www.starsislandlapalma.es\/de\/unternehmen-starsislands\/unterkunft\/casa-emblematica-san-sebastian\/\" \/>\n<meta property=\"og:site_name\" content=\"Stars Island La Palma\" \/>\n<meta property=\"article:publisher\" content=\"https:\/\/www.facebook.com\/pages\/Starsisland-La-Palma\/210888162375006?ref=hl\" \/>\n<meta property=\"article:modified_time\" content=\"2015-03-25T09:13:32+00:00\" \/>\n<meta name=\"twitter:label1\" content=\"Gesch\u00e4tzte Lesezeit\" \/>\n\t<meta name=\"twitter:data1\" content=\"5\u00a0Minuten\" \/>\n<script type=\"application\/ld+json\" class=\"yoast-schema-graph\">{\"@context\":\"https:\/\/schema.org\",\"@graph\":[{\"@type\":\"WebPage\",\"@id\":\"https:\/\/www.starsislandlapalma.es\/de\/unternehmen-starsislands\/unterkunft\/casa-emblematica-san-sebastian\/\",\"url\":\"https:\/\/www.starsislandlapalma.es\/de\/unternehmen-starsislands\/unterkunft\/casa-emblematica-san-sebastian\/\",\"name\":\"Casa Emblem\u00e1tica San Sebasti\u00e1n &#8902; Stars Island La Palma\",\"isPartOf\":{\"@id\":\"https:\/\/www.starsislandlapalma.es\/#website\"},\"datePublished\":\"2015-03-23T10:12:55+00:00\",\"dateModified\":\"2015-03-25T09:13:32+00:00\",\"breadcrumb\":{\"@id\":\"https:\/\/www.starsislandlapalma.es\/de\/unternehmen-starsislands\/unterkunft\/casa-emblematica-san-sebastian\/#breadcrumb\"},\"inLanguage\":\"de\",\"potentialAction\":[{\"@type\":\"ReadAction\",\"target\":[\"https:\/\/www.starsislandlapalma.es\/de\/unternehmen-starsislands\/unterkunft\/casa-emblematica-san-sebastian\/\"]}]},{\"@type\":\"BreadcrumbList\",\"@id\":\"https:\/\/www.starsislandlapalma.es\/de\/unternehmen-starsislands\/unterkunft\/casa-emblematica-san-sebastian\/#breadcrumb\",\"itemListElement\":[{\"@type\":\"ListItem\",\"position\":1,\"name\":\"Portada\",\"item\":\"https:\/\/www.starsislandlapalma.es\/de\/\"},{\"@type\":\"ListItem\",\"position\":2,\"name\":\"Unternehmen Starsislands\",\"item\":\"https:\/\/www.starsislandlapalma.es\/de\/unternehmen-starsislands\/\"},{\"@type\":\"ListItem\",\"position\":3,\"name\":\"Unterkunft\",\"item\":\"https:\/\/www.starsislandlapalma.es\/de\/unternehmen-starsislands\/unterkunft\/\"},{\"@type\":\"ListItem\",\"position\":4,\"name\":\"Casa Emblem\u00e1tica San Sebasti\u00e1n\"}]},{\"@type\":\"WebSite\",\"@id\":\"https:\/\/www.starsislandlapalma.es\/#website\",\"url\":\"https:\/\/www.starsislandlapalma.es\/\",\"name\":\"Stars Island La Palma\",\"description\":\"La Palma, el lugar perfecto para disfrutar del universo. Primera Reserva Starlight del mundo, en 2012 se reconoce como Destino Tur\u00edstico Starlight\",\"publisher\":{\"@id\":\"https:\/\/www.starsislandlapalma.es\/#organization\"},\"potentialAction\":[{\"@type\":\"SearchAction\",\"target\":{\"@type\":\"EntryPoint\",\"urlTemplate\":\"https:\/\/www.starsislandlapalma.es\/?s={search_term_string}\"},\"query-input\":{\"@type\":\"PropertyValueSpecification\",\"valueRequired\":true,\"valueName\":\"search_term_string\"}}],\"inLanguage\":\"de\"},{\"@type\":\"Organization\",\"@id\":\"https:\/\/www.starsislandlapalma.es\/#organization\",\"name\":\"Star Island La Palma\",\"url\":\"https:\/\/www.starsislandlapalma.es\/\",\"logo\":{\"@type\":\"ImageObject\",\"inLanguage\":\"de\",\"@id\":\"https:\/\/www.starsislandlapalma.es\/#\/schema\/logo\/image\/\",\"url\":\"https:\/\/www.starsislandlapalma.es\/wp-content\/uploads\/2022\/01\/logo_starisland.png\",\"contentUrl\":\"https:\/\/www.starsislandlapalma.es\/wp-content\/uploads\/2022\/01\/logo_starisland.png\",\"width\":172,\"height\":139,\"caption\":\"Star Island La Palma\"},\"image\":{\"@id\":\"https:\/\/www.starsislandlapalma.es\/#\/schema\/logo\/image\/\"},\"sameAs\":[\"https:\/\/www.facebook.com\/pages\/Starsisland-La-Palma\/210888162375006?ref=hl\",\"https:\/\/x.com\/starsislandlapa\",\"https:\/\/www.pinterest.com\/astroturismo\/\",\"https:\/\/www.youtube.com\/channel\/UCV7sju1ggcBpJG39HQCBtsA\"]}]}<\/script>\n<!-- \/ Yoast SEO plugin. -->","yoast_head_json":{"title":"Casa Emblem\u00e1tica San Sebasti\u00e1n &#8902; Stars Island La Palma","robots":{"index":"index","follow":"follow","max-snippet":"max-snippet:-1","max-image-preview":"max-image-preview:large","max-video-preview":"max-video-preview:-1"},"canonical":"https:\/\/www.starsislandlapalma.es\/de\/unternehmen-starsislands\/unterkunft\/casa-emblematica-san-sebastian\/","og_locale":"de_DE","og_type":"article","og_title":"Casa Emblem\u00e1tica San Sebasti\u00e1n &#8902; Stars Island La Palma","og_description":"[vc_row row_type=&#8220;row&#8220; type=&#8220;grid&#8220; text_align=&#8220;left&#8220; padding_top=&#8220;87&#8243; padding_bottom=&#8220;0&#8243; background_image_as_pattern=&#8220;without_pattern&#8220;][vc_column width=&#8220;1\/1&#8243;][vc_column_text] CASA EMBLEM\u00c1TICA SAN SEBASTI\u00c1N. SUITE YAIZA [\/vc_column_text][vc_separator type=&#8220;small&#8220; position=&#8220;center&#8220; down=&#8220;20&#8243; up=&#8220;7&#8243;][\/vc_column][\/vc_row][vc_row row_type=&#8220;row&#8220; type=&#8220;grid&#8220; text_align=&#8220;left&#8220; padding_top=&#8220;37&#8243; background_image_as_pattern=&#8220;without_pattern&#8220;][vc_column width=&#8220;1\/2&#8243;][vc_row_inner row_type=&#8220;row&#8220; type=&#8220;full_width&#8220; text_align=&#8220;center&#8220;][vc_column_inner width=&#8220;1\/1&#8243;][vc_column_text] Haus aus dem 18. Jahrhundert in der Altstadt von Santa Cruz de La Palma, mit Blick...","og_url":"https:\/\/www.starsislandlapalma.es\/de\/unternehmen-starsislands\/unterkunft\/casa-emblematica-san-sebastian\/","og_site_name":"Stars Island La Palma","article_publisher":"https:\/\/www.facebook.com\/pages\/Starsisland-La-Palma\/210888162375006?ref=hl","article_modified_time":"2015-03-25T09:13:32+00:00","twitter_misc":{"Gesch\u00e4tzte Lesezeit":"5\u00a0Minuten"},"schema":{"@context":"https:\/\/schema.org","@graph":[{"@type":"WebPage","@id":"https:\/\/www.starsislandlapalma.es\/de\/unternehmen-starsislands\/unterkunft\/casa-emblematica-san-sebastian\/","url":"https:\/\/www.starsislandlapalma.es\/de\/unternehmen-starsislands\/unterkunft\/casa-emblematica-san-sebastian\/","name":"Casa Emblem\u00e1tica San Sebasti\u00e1n &#8902; Stars Island La Palma","isPartOf":{"@id":"https:\/\/www.starsislandlapalma.es\/#website"},"datePublished":"2015-03-23T10:12:55+00:00","dateModified":"2015-03-25T09:13:32+00:00","breadcrumb":{"@id":"https:\/\/www.starsislandlapalma.es\/de\/unternehmen-starsislands\/unterkunft\/casa-emblematica-san-sebastian\/#breadcrumb"},"inLanguage":"de","potentialAction":[{"@type":"ReadAction","target":["https:\/\/www.starsislandlapalma.es\/de\/unternehmen-starsislands\/unterkunft\/casa-emblematica-san-sebastian\/"]}]},{"@type":"BreadcrumbList","@id":"https:\/\/www.starsislandlapalma.es\/de\/unternehmen-starsislands\/unterkunft\/casa-emblematica-san-sebastian\/#breadcrumb","itemListElement":[{"@type":"ListItem","position":1,"name":"Portada","item":"https:\/\/www.starsislandlapalma.es\/de\/"},{"@type":"ListItem","position":2,"name":"Unternehmen Starsislands","item":"https:\/\/www.starsislandlapalma.es\/de\/unternehmen-starsislands\/"},{"@type":"ListItem","position":3,"name":"Unterkunft","item":"https:\/\/www.starsislandlapalma.es\/de\/unternehmen-starsislands\/unterkunft\/"},{"@type":"ListItem","position":4,"name":"Casa Emblem\u00e1tica San Sebasti\u00e1n"}]},{"@type":"WebSite","@id":"https:\/\/www.starsislandlapalma.es\/#website","url":"https:\/\/www.starsislandlapalma.es\/","name":"Stars Island La Palma","description":"La Palma, el lugar perfecto para disfrutar del universo. Primera Reserva Starlight del mundo, en 2012 se reconoce como Destino Tur\u00edstico Starlight","publisher":{"@id":"https:\/\/www.starsislandlapalma.es\/#organization"},"potentialAction":[{"@type":"SearchAction","target":{"@type":"EntryPoint","urlTemplate":"https:\/\/www.starsislandlapalma.es\/?s={search_term_string}"},"query-input":{"@type":"PropertyValueSpecification","valueRequired":true,"valueName":"search_term_string"}}],"inLanguage":"de"},{"@type":"Organization","@id":"https:\/\/www.starsislandlapalma.es\/#organization","name":"Star Island La Palma","url":"https:\/\/www.starsislandlapalma.es\/","logo":{"@type":"ImageObject","inLanguage":"de","@id":"https:\/\/www.starsislandlapalma.es\/#\/schema\/logo\/image\/","url":"https:\/\/www.starsislandlapalma.es\/wp-content\/uploads\/2022\/01\/logo_starisland.png","contentUrl":"https:\/\/www.starsislandlapalma.es\/wp-content\/uploads\/2022\/01\/logo_starisland.png","width":172,"height":139,"caption":"Star Island La Palma"},"image":{"@id":"https:\/\/www.starsislandlapalma.es\/#\/schema\/logo\/image\/"},"sameAs":["https:\/\/www.facebook.com\/pages\/Starsisland-La-Palma\/210888162375006?ref=hl","https:\/\/x.com\/starsislandlapa","https:\/\/www.pinterest.com\/astroturismo\/","https:\/\/www.youtube.com\/channel\/UCV7sju1ggcBpJG39HQCBtsA"]}]}},"_links":{"self":[{"href":"https:\/\/www.starsislandlapalma.es\/de\/wp-json\/wp\/v2\/pages\/18092\/"}],"collection":[{"href":"https:\/\/www.starsislandlapalma.es\/de\/wp-json\/wp\/v2\/pages\/"}],"about":[{"href":"https:\/\/www.starsislandlapalma.es\/de\/wp-json\/wp\/v2\/types\/page\/"}],"author":[{"embeddable":true,"href":"https:\/\/www.starsislandlapalma.es\/de\/wp-json\/wp\/v2\/users\/1\/"}],"replies":[{"embeddable":true,"href":"https:\/\/www.starsislandlapalma.es\/de\/wp-json\/wp\/v2\/comments\/?post=18092"}],"version-history":[{"count":0,"href":"https:\/\/www.starsislandlapalma.es\/de\/wp-json\/wp\/v2\/pages\/18092\/revisions\/"}],"up":[{"embeddable":true,"href":"https:\/\/www.starsislandlapalma.es\/de\/wp-json\/wp\/v2\/pages\/17681\/"}],"wp:attachment":[{"href":"https:\/\/www.starsislandlapalma.es\/de\/wp-json\/wp\/v2\/media\/?parent=18092"}],"curies":[{"name":"wp","href":"https:\/\/api.w.org\/{rel}","templated":true}]}}