{"id":18123,"date":"2015-03-23T10:33:09","date_gmt":"2015-03-23T10:33:09","guid":{"rendered":"http:\/\/www.starsislandlapalma.es\/?page_id=18123"},"modified":"2015-10-30T11:06:46","modified_gmt":"2015-10-30T11:06:46","slug":"las-tias","status":"publish","type":"page","link":"https:\/\/www.starsislandlapalma.es\/de\/unternehmen-starsislands\/unterkunft\/las-tias\/","title":{"rendered":"Las T\u00edas"},"content":{"rendered":"<p>[vc_row row_type=&#8220;row&#8220; type=&#8220;grid&#8220; text_align=&#8220;left&#8220; padding_top=&#8220;87&#8243; padding_bottom=&#8220;0&#8243; background_image_as_pattern=&#8220;without_pattern&#8220;][vc_column width=&#8220;1\/1&#8243;][vc_column_text]<\/p>\n<h2 style=\"text-align: center;\">LAS T\u00cdAS<\/h2>\n<p>[\/vc_column_text][vc_separator type=&#8220;small&#8220; position=&#8220;center&#8220; down=&#8220;20&#8243; up=&#8220;7&#8243;][\/vc_column][\/vc_row][vc_row row_type=&#8220;row&#8220; type=&#8220;grid&#8220; text_align=&#8220;left&#8220; padding_top=&#8220;37&#8243; background_image_as_pattern=&#8220;without_pattern&#8220;][vc_column width=&#8220;1\/2&#8243;][vc_row_inner row_type=&#8220;row&#8220; type=&#8220;full_width&#8220; text_align=&#8220;center&#8220;][vc_column_inner width=&#8220;1\/1&#8243;][vc_column_text]<\/p>\n<p style=\"text-align: justify;\">Die H\u00e4user in Tijarafe Palmasol, westlich von der Insel La Palma auf den Kanarischen Inseln, ein Ort von vielen Touristen f\u00fcr seine Landschaft gew\u00e4hlt,unter einer warmen Sonne am Himmel sauberer und deaktivieren Sie dasn\u00f6rdliche Hemisph\u00e4re befinden, so ein paar N\u00e4chte beobachtenSternenhimmel wunderbar.<\/p>\n<p>[\/vc_column_text][vc_separator type=&#8220;transparent&#8220; position=&#8220;center&#8220; up=&#8220;10&#8243; down=&#8220;10&#8243;][\/vc_column_inner][\/vc_row_inner][vc_row_inner][vc_column_inner width=&#8220;1\/1&#8243; css=&#8220;.vc_custom_1424943225177{padding: 20px !important;}&#8220;][vc_column_text]<\/p>\n<h4 style=\"text-align: left;\">INFORMARTIONEN<\/h4>\n<p style=\"text-align: left;\">[vc_separator type=&#8217;small&#8216; position=&#8217;left&#8216; color=&#8220; thickness=&#8220; up=&#8217;8&#8242; down=&#8217;8&#8242;]<\/p>\n<p>[\/vc_column_text][vc_separator type=&#8220;transparent&#8220; position=&#8220;center&#8220; up=&#8220;8&#8243; down=&#8220;8&#8243;][vc_column_text]<\/p>\n<ul>\n<li style=\"text-align: justify;\"><strong>Ortschaft:<\/strong>\u00a0Tijarafe<\/li>\n<li style=\"text-align: justify;\"><strong>H\u00f6he:<\/strong>\u00a01720 m.<\/li>\n<li style=\"text-align: justify;\"><strong>GPS:<\/strong>\u00a028\u00b040&#8217;42.46&#8243;N 17\u00b056&#8217;21.06&#8243;O<\/li>\n<li style=\"text-align: justify;\"><strong>Durchschnittlicher Preis:<\/strong> 60 \u20ac\/ Nacht<\/li>\n<li style=\"text-align: justify;\"><strong>Ausstattung:<\/strong>\n<ul>\n<li style=\"text-align: left;\">Astronomie-B\u00fccher in verschiedenen Sprachen<\/li>\n<li style=\"text-align: left;\">Fotokamera Canon 600D mit Wechselobjektiven.<\/li>\n<li style=\"text-align: left;\">Das TeleskopCelestron CPC 9.25 mit einem Okular-Set.<\/li>\n<li style=\"text-align: left;\">Eye To The Telescope Spiel. Asph\u00e4rische 31mm 2&#8243; und Stratus 8mm 68<\/li>\n<li style=\"text-align: left;\">Kuppel f\u00fcr das Teleskop (in Bau).<\/li>\n<\/ul>\n<\/li>\n<li style=\"text-align: justify;\"><strong>Observation auf dem Gel\u00e4nde:<\/strong>\u00a0Die Unterkunft verf\u00fcgt \u00fcber Garten und Terrasse.<\/li>\n<li style=\"text-align: justify;\"><strong>N\u00e4chste Ausleuchtung:<\/strong> Nachbarschaft (natrium)<\/li>\n<li style=\"text-align: justify;\"><strong>Andere technische Daten:<\/strong>\n<ul>\n<li style=\"text-align: justify;\">Qualit\u00e4t des Himmels: 9 \/ 10<\/li>\n<li style=\"text-align: justify;\">Voraussichtliche Gr\u00f6\u00dfenordnung: 6,3<\/li>\n<li style=\"text-align: justify;\">Messung arcseg2 (sqm): 21,40 SQM \/ Datum der letzten Messung: 01.03.14<\/li>\n<\/ul>\n<\/li>\n<\/ul>\n<p>[\/vc_column_text][vc_separator type=&#8220;transparent&#8220; position=&#8220;center&#8220; up=&#8220;35&#8243; down=&#8220;0&#8243;][\/vc_column_inner][\/vc_row_inner][vc_row_inner][vc_column_inner width=&#8220;1\/1&#8243; css=&#8220;.vc_custom_1424945199280{padding: 20px !important;background-color: #f8f8f8 !important;}&#8220;][vc_column_text]<\/p>\n<h4 style=\"text-align: left;\">HORIZONTE STELLARIUM<\/h4>\n<p style=\"text-align: left;\">[vc_separator type=&#8217;small&#8216; position=&#8217;left&#8216; color=&#8220; thickness=&#8220; up=&#8217;8&#8242; down=&#8217;8&#8242;]<\/p>\n<p>[\/vc_column_text][vc_separator type=&#8220;transparent&#8220; position=&#8220;center&#8220; up=&#8220;8&#8243; down=&#8220;8&#8243;]<a  itemprop=\"url\" href=\"http:\/\/www.starsislandlapalma.es\/wp-content\/uploads\/horizontesCasas\/CRlastiasa.zip\" target=\"_blank\"  class=\"qbutton  small default\" style=\"\">Hohe Qualit\u00e4t<i class=\"qode_icon_font_awesome fa fa-cloud-download qode_button_icon_element\" style=\"\" ><\/i><\/a>[vc_separator type=&#8220;transparent&#8220; position=&#8220;center&#8220; up=&#8220;8&#8243; down=&#8220;8&#8243;]<a  itemprop=\"url\" href=\"http:\/\/www.starsislandlapalma.es\/wp-content\/uploads\/horizontesCasas\/CRlastiasm.zip\" target=\"_blank\"  class=\"qbutton  small default\" style=\"\">Durchschnittliche Qualit\u00e4t<i class=\"qode_icon_font_awesome fa fa-cloud-download qode_button_icon_element\" style=\"\" ><\/i><\/a>[vc_separator type=&#8220;transparent&#8220; position=&#8220;center&#8220; up=&#8220;8&#8243; down=&#8220;8&#8243;]<a  itemprop=\"url\" href=\"http:\/\/www.starsislandlapalma.es\/wp-content\/uploads\/horizontesCasas\/CRlastiasb.zip\" target=\"_blank\"  class=\"qbutton  small default\" style=\"\">Niedrige QUalit\u00e4t (2,58 MB)<i class=\"qode_icon_font_awesome fa fa-cloud-download qode_button_icon_element\" style=\"\" ><\/i><\/a>[vc_separator type=&#8220;transparent&#8220; position=&#8220;center&#8220; up=&#8220;15&#8243; down=&#8220;8&#8243;][vc_column_text]<\/p>\n<div style=\"font-size: 11px; line-height: 15px;\"><strong>Horizonte von 360\u00b0 f\u00fcr das Programm Stellarium.<\/strong><\/div>\n<p>[vc_separator type=&#8217;transparent&#8216; position=&#8217;center&#8216; color=&#8220; thickness=&#8220; up=&#8217;5&#8242; down=&#8217;8&#8242;]<\/p>\n<div style=\"font-size: 11px; line-height: 15px;\"><strong><a href=\"http:\/\/www.starsislandlapalma.es\/wp-content\/uploads\/2015\/03\/Open_Stellarium.pdf\" target=\"_blank\">Wenn Sie es w\u00fcnschen, k\u00f6nnen Sie die Information zur Installation hier herunterladen<\/a><\/strong><\/div>\n<p>[vc_separator type=&#8217;transparent&#8216; position=&#8217;center&#8216; color=&#8220; thickness=&#8220; up=&#8217;5&#8242; down=&#8217;8&#8242;]<\/p>\n<div style=\"font-size: 11px; line-height: 15px;\"><strong>Wenn Sie nicht \u00fcber das Programm Stellarem verf\u00fcgen, k\u00f6nnen Sie es unter\u00a0<a href=\"http:\/\/www.stellarium.org\/\" target=\"_blank\">www.stellarium.org<\/a>\u00a0herunterladen<\/strong><\/div>\n<p>[\/vc_column_text][\/vc_column_inner][\/vc_row_inner][vc_separator type=&#8220;transparent&#8220; position=&#8220;center&#8220; up=&#8220;20&#8243; down=&#8220;10&#8243;][vc_column_text]<\/p>\n<h4>KONTAKT<\/h4>\n<p>[vc_separator type=&#8217;small&#8216; position=&#8217;left&#8216; color=&#8220; thickness=&#8220; up=&#8217;8&#8242; down=&#8217;8&#8242;][\/vc_column_text][vc_row_inner][vc_column_inner width=&#8220;1\/2&#8243;]<a  itemprop=\"url\" href=\"\" target=\"_self\"  class=\"qbutton  default\" style=\"\">+34 922 46 15 40<i class=\"qode_icon_font_awesome fa fa-phone qode_button_icon_element\" style=\"\" ><\/i><\/a>[\/vc_column_inner][vc_column_inner width=&#8220;1\/2&#8243;]<a  itemprop=\"url\" href=\"\" target=\"_self\"  class=\"qbutton  default\" style=\"\">+34 639 77 04 16 <i class=\"qode_icon_font_awesome fa fa-phone qode_button_icon_element\" style=\"\" ><\/i><\/a>[\/vc_column_inner][\/vc_row_inner][vc_separator type=&#8220;transparent&#8220; position=&#8220;center&#8220; up=&#8220;15&#8243; down=&#8220;0&#8243;][vc_row_inner][vc_column_inner width=&#8220;1\/2&#8243;]<a  itemprop=\"url\" href=\"\" target=\"_self\"  class=\"qbutton  default\" style=\"\">+34 619 15 79 49 <i class=\"qode_icon_font_awesome fa fa-phone qode_button_icon_element\" style=\"\" ><\/i><\/a>[\/vc_column_inner][vc_column_inner width=&#8220;1\/2&#8243;]<a  itemprop=\"url\" href=\"http:\/\/www.casaslastias.com\/indexa.html\" target=\"_blank\"  class=\"qbutton  default\" style=\"\">WEB<\/a>[\/vc_column_inner][\/vc_row_inner][vc_separator type=&#8220;transparent&#8220; position=&#8220;center&#8220; up=&#8220;80&#8243; down=&#8220;0&#8243;][\/vc_column][vc_column width=&#8220;1\/2&#8243;][vc_video link=&#8220;https:\/\/youtu.be\/sH-Fb1AEGHs&#8220;][vc_separator type=&#8220;transparent&#8220; position=&#8220;center&#8220; up=&#8220;10&#8243;][vc_gallery type=&#8220;image_grid&#8220; interval=&#8220;3&#8243; onclick=&#8220;link_image&#8220; custom_links_target=&#8220;_self&#8220; column_number=&#8220;2&#8243; grayscale=&#8220;no&#8220; choose_frame=&#8220;default&#8220; img_size=&#8220;300&#215;300&#8243; images=&#8220;17118,17119,17120&#8243;][vc_separator type=&#8220;transparent&#8220; position=&#8220;center&#8220; up=&#8220;80&#8243; down=&#8220;8&#8243;][\/vc_column][\/vc_row][vc_row row_type=&#8220;row&#8220; type=&#8220;grid&#8220; text_align=&#8220;left&#8220; background_image_as_pattern=&#8220;without_pattern&#8220;][vc_column width=&#8220;1\/1&#8243;][vc_separator type=&#8220;transparent&#8220; position=&#8220;center&#8220; up=&#8220;12&#8243; down=&#8220;0&#8243;]<a  itemprop=\"url\" href=\"http:\/\/www.starsislandlapalma.es\/de\/unternehmen-starsislands\/unterkunft\/\" target=\"_self\"  class=\"qbutton  default\" style=\"\">ZUR\u00dcCKKEHREN<\/a>[vc_separator type=&#8220;transparent&#8220; position=&#8220;center&#8220; up=&#8220;59&#8243; down=&#8220;0&#8243;][\/vc_column][\/vc_row][vc_row row_type=&#8220;row&#8220; type=&#8220;full_width&#8220; text_align=&#8220;center&#8220; background_image=&#8220;15408&#8243; section_height=&#8220;500&#8243; background_image_as_pattern=&#8220;without_pattern&#8220;][vc_column width=&#8220;1\/1&#8243;][vc_separator type=&#8220;transparent&#8220; position=&#8220;center&#8220; up=&#8220;45&#8243; down=&#8220;0&#8243;][vc_column_text]<\/p>\n<h2 style=\"text-align: center;\"><span style=\"color: #ffffff;\">BESUCHEN SIE DAS OBSERVATORIUM<\/span><\/h2>\n<p>[\/vc_column_text][vc_separator type=&#8220;small&#8220; position=&#8220;center&#8220; down=&#8220;29&#8243; up=&#8220;24&#8243; color=&#8220;#ffffff&#8220;][vc_column_text]<\/p>\n<h6 style=\"text-align: center;\"><span style=\"color: #ffffff;\">Das Observatorium vom Roque de Los Muchachos steht interessierten Besuchern offen.<\/span><\/h6>\n<h6 style=\"text-align: center;\"><span style=\"color: #ffffff;\">Nutzen Sie diese Gelegenheit und genie\u00dfen Sie die Sterne von einem der privilegiertesten Orte der Erde f\u00fcr die astronomische Observation. <\/span><\/h6>\n<p>[\/vc_column_text][vc_separator type=&#8220;transparent&#8220; position=&#8220;center&#8220; up=&#8220;31&#8243; down=&#8220;0&#8243;][vc_row_inner row_type=&#8220;row&#8220; type=&#8220;full_width&#8220; text_align=&#8220;center&#8220;][vc_column_inner width=&#8220;1\/3&#8243;]<a  itemprop=\"url\" href=\"http:\/\/www.starsislandlapalma.es\/observatorio-astrofisico\/visitas-guiadas\/reserva-particulares\/index_en.html\" target=\"_blank\" data-hover-background-color=#005769 data-hover-border-color=#005769 data-hover-color=#ffffff class=\"qbutton  small center default\" style=\"color: #000000; border-color: #ffffff; background-color: #ffffff;\">PRIVATE RESERVIERUNG<\/a>[\/vc_column_inner][vc_column_inner width=&#8220;1\/3&#8243;]<a  itemprop=\"url\" href=\"https:\/\/www.iac.es\/es\/observatorios-de-canarias\/observatorio-del-roque-de-los-muchachos\/visitas?lang=en\" target=\"_blank\" data-hover-background-color=#005769 data-hover-border-color=#005769 data-hover-color=#ffffff class=\"qbutton  small center default\" style=\"color: #000000; border-color: #ffffff; background-color: #ffffff;\">RESERVIERUNG BILDUNGSZENTREN<\/a>[\/vc_column_inner][vc_column_inner width=&#8220;1\/3&#8243;]<a  itemprop=\"url\" href=\"http:\/\/www.iac.es\/eno.php?op1=2&amp;op2=420&amp;op3=57&amp;lang=en\" target=\"_blank\" data-hover-background-color=#005769 data-hover-border-color=#005769 data-hover-color=#ffffff class=\"qbutton  small center default\" style=\"color: #000000; border-color: #ffffff; background-color: #ffffff;\">RESERVIERUNG MEDIEN &amp; PRESSE<\/a>[\/vc_column_inner][\/vc_row_inner][vc_separator type=&#8220;transparent&#8220; position=&#8220;center&#8220; up=&#8220;121&#8243; down=&#8220;0&#8243;][\/vc_column][\/vc_row]<\/p>\n","protected":false},"excerpt":{"rendered":"<p>[vc_row row_type=&#8220;row&#8220; type=&#8220;grid&#8220; text_align=&#8220;left&#8220; padding_top=&#8220;87&#8243; padding_bottom=&#8220;0&#8243; background_image_as_pattern=&#8220;without_pattern&#8220;][vc_column width=&#8220;1\/1&#8243;][vc_column_text] LAS T\u00cdAS [\/vc_column_text][vc_separator type=&#8220;small&#8220; position=&#8220;center&#8220; down=&#8220;20&#8243; up=&#8220;7&#8243;][\/vc_column][\/vc_row][vc_row row_type=&#8220;row&#8220; type=&#8220;grid&#8220; text_align=&#8220;left&#8220; padding_top=&#8220;37&#8243; background_image_as_pattern=&#8220;without_pattern&#8220;][vc_column width=&#8220;1\/2&#8243;][vc_row_inner row_type=&#8220;row&#8220; type=&#8220;full_width&#8220; text_align=&#8220;center&#8220;][vc_column_inner width=&#8220;1\/1&#8243;][vc_column_text] Die H\u00e4user in Tijarafe Palmasol, westlich von der Insel La Palma auf den Kanarischen Inseln, ein Ort von vielen Touristen&#8230;<\/p>\n","protected":false},"author":1,"featured_media":0,"parent":17681,"menu_order":0,"comment_status":"open","ping_status":"closed","template":"full_width.php","meta":{"footnotes":""},"yoast_head":"<!-- This site is optimized with the Yoast SEO plugin v24.5 - https:\/\/yoast.com\/wordpress\/plugins\/seo\/ -->\n<title>Las T\u00edas &#8902; Stars Island La Palma<\/title>\n<meta name=\"robots\" content=\"index, follow, max-snippet:-1, max-image-preview:large, max-video-preview:-1\" \/>\n<link rel=\"canonical\" href=\"https:\/\/www.starsislandlapalma.es\/de\/unternehmen-starsislands\/unterkunft\/las-tias\/\" \/>\n<meta property=\"og:locale\" content=\"de_DE\" \/>\n<meta property=\"og:type\" content=\"article\" \/>\n<meta property=\"og:title\" content=\"Las T\u00edas &#8902; Stars Island La Palma\" \/>\n<meta property=\"og:description\" content=\"[vc_row row_type=&#8220;row&#8220; type=&#8220;grid&#8220; text_align=&#8220;left&#8220; padding_top=&#8220;87&#8243; padding_bottom=&#8220;0&#8243; background_image_as_pattern=&#8220;without_pattern&#8220;][vc_column width=&#8220;1\/1&#8243;][vc_column_text] LAS T\u00cdAS [\/vc_column_text][vc_separator type=&#8220;small&#8220; position=&#8220;center&#8220; down=&#8220;20&#8243; up=&#8220;7&#8243;][\/vc_column][\/vc_row][vc_row row_type=&#8220;row&#8220; type=&#8220;grid&#8220; text_align=&#8220;left&#8220; padding_top=&#8220;37&#8243; background_image_as_pattern=&#8220;without_pattern&#8220;][vc_column width=&#8220;1\/2&#8243;][vc_row_inner row_type=&#8220;row&#8220; type=&#8220;full_width&#8220; text_align=&#8220;center&#8220;][vc_column_inner width=&#8220;1\/1&#8243;][vc_column_text] Die H\u00e4user in Tijarafe Palmasol, westlich von der Insel La Palma auf den Kanarischen Inseln, ein Ort von vielen Touristen...\" \/>\n<meta property=\"og:url\" content=\"https:\/\/www.starsislandlapalma.es\/de\/unternehmen-starsislands\/unterkunft\/las-tias\/\" \/>\n<meta property=\"og:site_name\" content=\"Stars Island La Palma\" \/>\n<meta property=\"article:publisher\" content=\"https:\/\/www.facebook.com\/pages\/Starsisland-La-Palma\/210888162375006?ref=hl\" \/>\n<meta property=\"article:modified_time\" content=\"2015-10-30T11:06:46+00:00\" \/>\n<meta name=\"twitter:label1\" content=\"Gesch\u00e4tzte Lesezeit\" \/>\n\t<meta name=\"twitter:data1\" content=\"5\u00a0Minuten\" \/>\n<script type=\"application\/ld+json\" class=\"yoast-schema-graph\">{\"@context\":\"https:\/\/schema.org\",\"@graph\":[{\"@type\":\"WebPage\",\"@id\":\"https:\/\/www.starsislandlapalma.es\/de\/unternehmen-starsislands\/unterkunft\/las-tias\/\",\"url\":\"https:\/\/www.starsislandlapalma.es\/de\/unternehmen-starsislands\/unterkunft\/las-tias\/\",\"name\":\"Las T\u00edas &#8902; Stars Island La Palma\",\"isPartOf\":{\"@id\":\"https:\/\/www.starsislandlapalma.es\/#website\"},\"datePublished\":\"2015-03-23T10:33:09+00:00\",\"dateModified\":\"2015-10-30T11:06:46+00:00\",\"breadcrumb\":{\"@id\":\"https:\/\/www.starsislandlapalma.es\/de\/unternehmen-starsislands\/unterkunft\/las-tias\/#breadcrumb\"},\"inLanguage\":\"de\",\"potentialAction\":[{\"@type\":\"ReadAction\",\"target\":[\"https:\/\/www.starsislandlapalma.es\/de\/unternehmen-starsislands\/unterkunft\/las-tias\/\"]}]},{\"@type\":\"BreadcrumbList\",\"@id\":\"https:\/\/www.starsislandlapalma.es\/de\/unternehmen-starsislands\/unterkunft\/las-tias\/#breadcrumb\",\"itemListElement\":[{\"@type\":\"ListItem\",\"position\":1,\"name\":\"Portada\",\"item\":\"https:\/\/www.starsislandlapalma.es\/de\/\"},{\"@type\":\"ListItem\",\"position\":2,\"name\":\"Unternehmen Starsislands\",\"item\":\"https:\/\/www.starsislandlapalma.es\/de\/unternehmen-starsislands\/\"},{\"@type\":\"ListItem\",\"position\":3,\"name\":\"Unterkunft\",\"item\":\"https:\/\/www.starsislandlapalma.es\/de\/unternehmen-starsislands\/unterkunft\/\"},{\"@type\":\"ListItem\",\"position\":4,\"name\":\"Las T\u00edas\"}]},{\"@type\":\"WebSite\",\"@id\":\"https:\/\/www.starsislandlapalma.es\/#website\",\"url\":\"https:\/\/www.starsislandlapalma.es\/\",\"name\":\"Stars Island La Palma\",\"description\":\"La Palma, el lugar perfecto para disfrutar del universo. Primera Reserva Starlight del mundo, en 2012 se reconoce como Destino Tur\u00edstico Starlight\",\"publisher\":{\"@id\":\"https:\/\/www.starsislandlapalma.es\/#organization\"},\"potentialAction\":[{\"@type\":\"SearchAction\",\"target\":{\"@type\":\"EntryPoint\",\"urlTemplate\":\"https:\/\/www.starsislandlapalma.es\/?s={search_term_string}\"},\"query-input\":{\"@type\":\"PropertyValueSpecification\",\"valueRequired\":true,\"valueName\":\"search_term_string\"}}],\"inLanguage\":\"de\"},{\"@type\":\"Organization\",\"@id\":\"https:\/\/www.starsislandlapalma.es\/#organization\",\"name\":\"Star Island La Palma\",\"url\":\"https:\/\/www.starsislandlapalma.es\/\",\"logo\":{\"@type\":\"ImageObject\",\"inLanguage\":\"de\",\"@id\":\"https:\/\/www.starsislandlapalma.es\/#\/schema\/logo\/image\/\",\"url\":\"https:\/\/www.starsislandlapalma.es\/wp-content\/uploads\/2022\/01\/logo_starisland.png\",\"contentUrl\":\"https:\/\/www.starsislandlapalma.es\/wp-content\/uploads\/2022\/01\/logo_starisland.png\",\"width\":172,\"height\":139,\"caption\":\"Star Island La Palma\"},\"image\":{\"@id\":\"https:\/\/www.starsislandlapalma.es\/#\/schema\/logo\/image\/\"},\"sameAs\":[\"https:\/\/www.facebook.com\/pages\/Starsisland-La-Palma\/210888162375006?ref=hl\",\"https:\/\/x.com\/starsislandlapa\",\"https:\/\/www.pinterest.com\/astroturismo\/\",\"https:\/\/www.youtube.com\/channel\/UCV7sju1ggcBpJG39HQCBtsA\"]}]}<\/script>\n<!-- \/ Yoast SEO plugin. -->","yoast_head_json":{"title":"Las T\u00edas &#8902; Stars Island La Palma","robots":{"index":"index","follow":"follow","max-snippet":"max-snippet:-1","max-image-preview":"max-image-preview:large","max-video-preview":"max-video-preview:-1"},"canonical":"https:\/\/www.starsislandlapalma.es\/de\/unternehmen-starsislands\/unterkunft\/las-tias\/","og_locale":"de_DE","og_type":"article","og_title":"Las T\u00edas &#8902; Stars Island La Palma","og_description":"[vc_row row_type=&#8220;row&#8220; type=&#8220;grid&#8220; text_align=&#8220;left&#8220; padding_top=&#8220;87&#8243; padding_bottom=&#8220;0&#8243; background_image_as_pattern=&#8220;without_pattern&#8220;][vc_column width=&#8220;1\/1&#8243;][vc_column_text] LAS T\u00cdAS [\/vc_column_text][vc_separator type=&#8220;small&#8220; position=&#8220;center&#8220; down=&#8220;20&#8243; up=&#8220;7&#8243;][\/vc_column][\/vc_row][vc_row row_type=&#8220;row&#8220; type=&#8220;grid&#8220; text_align=&#8220;left&#8220; padding_top=&#8220;37&#8243; background_image_as_pattern=&#8220;without_pattern&#8220;][vc_column width=&#8220;1\/2&#8243;][vc_row_inner row_type=&#8220;row&#8220; type=&#8220;full_width&#8220; text_align=&#8220;center&#8220;][vc_column_inner width=&#8220;1\/1&#8243;][vc_column_text] Die H\u00e4user in Tijarafe Palmasol, westlich von der Insel La Palma auf den Kanarischen Inseln, ein Ort von vielen Touristen...","og_url":"https:\/\/www.starsislandlapalma.es\/de\/unternehmen-starsislands\/unterkunft\/las-tias\/","og_site_name":"Stars Island La Palma","article_publisher":"https:\/\/www.facebook.com\/pages\/Starsisland-La-Palma\/210888162375006?ref=hl","article_modified_time":"2015-10-30T11:06:46+00:00","twitter_misc":{"Gesch\u00e4tzte Lesezeit":"5\u00a0Minuten"},"schema":{"@context":"https:\/\/schema.org","@graph":[{"@type":"WebPage","@id":"https:\/\/www.starsislandlapalma.es\/de\/unternehmen-starsislands\/unterkunft\/las-tias\/","url":"https:\/\/www.starsislandlapalma.es\/de\/unternehmen-starsislands\/unterkunft\/las-tias\/","name":"Las T\u00edas &#8902; Stars Island La Palma","isPartOf":{"@id":"https:\/\/www.starsislandlapalma.es\/#website"},"datePublished":"2015-03-23T10:33:09+00:00","dateModified":"2015-10-30T11:06:46+00:00","breadcrumb":{"@id":"https:\/\/www.starsislandlapalma.es\/de\/unternehmen-starsislands\/unterkunft\/las-tias\/#breadcrumb"},"inLanguage":"de","potentialAction":[{"@type":"ReadAction","target":["https:\/\/www.starsislandlapalma.es\/de\/unternehmen-starsislands\/unterkunft\/las-tias\/"]}]},{"@type":"BreadcrumbList","@id":"https:\/\/www.starsislandlapalma.es\/de\/unternehmen-starsislands\/unterkunft\/las-tias\/#breadcrumb","itemListElement":[{"@type":"ListItem","position":1,"name":"Portada","item":"https:\/\/www.starsislandlapalma.es\/de\/"},{"@type":"ListItem","position":2,"name":"Unternehmen Starsislands","item":"https:\/\/www.starsislandlapalma.es\/de\/unternehmen-starsislands\/"},{"@type":"ListItem","position":3,"name":"Unterkunft","item":"https:\/\/www.starsislandlapalma.es\/de\/unternehmen-starsislands\/unterkunft\/"},{"@type":"ListItem","position":4,"name":"Las T\u00edas"}]},{"@type":"WebSite","@id":"https:\/\/www.starsislandlapalma.es\/#website","url":"https:\/\/www.starsislandlapalma.es\/","name":"Stars Island La Palma","description":"La Palma, el lugar perfecto para disfrutar del universo. Primera Reserva Starlight del mundo, en 2012 se reconoce como Destino Tur\u00edstico Starlight","publisher":{"@id":"https:\/\/www.starsislandlapalma.es\/#organization"},"potentialAction":[{"@type":"SearchAction","target":{"@type":"EntryPoint","urlTemplate":"https:\/\/www.starsislandlapalma.es\/?s={search_term_string}"},"query-input":{"@type":"PropertyValueSpecification","valueRequired":true,"valueName":"search_term_string"}}],"inLanguage":"de"},{"@type":"Organization","@id":"https:\/\/www.starsislandlapalma.es\/#organization","name":"Star Island La Palma","url":"https:\/\/www.starsislandlapalma.es\/","logo":{"@type":"ImageObject","inLanguage":"de","@id":"https:\/\/www.starsislandlapalma.es\/#\/schema\/logo\/image\/","url":"https:\/\/www.starsislandlapalma.es\/wp-content\/uploads\/2022\/01\/logo_starisland.png","contentUrl":"https:\/\/www.starsislandlapalma.es\/wp-content\/uploads\/2022\/01\/logo_starisland.png","width":172,"height":139,"caption":"Star Island La Palma"},"image":{"@id":"https:\/\/www.starsislandlapalma.es\/#\/schema\/logo\/image\/"},"sameAs":["https:\/\/www.facebook.com\/pages\/Starsisland-La-Palma\/210888162375006?ref=hl","https:\/\/x.com\/starsislandlapa","https:\/\/www.pinterest.com\/astroturismo\/","https:\/\/www.youtube.com\/channel\/UCV7sju1ggcBpJG39HQCBtsA"]}]}},"_links":{"self":[{"href":"https:\/\/www.starsislandlapalma.es\/de\/wp-json\/wp\/v2\/pages\/18123\/"}],"collection":[{"href":"https:\/\/www.starsislandlapalma.es\/de\/wp-json\/wp\/v2\/pages\/"}],"about":[{"href":"https:\/\/www.starsislandlapalma.es\/de\/wp-json\/wp\/v2\/types\/page\/"}],"author":[{"embeddable":true,"href":"https:\/\/www.starsislandlapalma.es\/de\/wp-json\/wp\/v2\/users\/1\/"}],"replies":[{"embeddable":true,"href":"https:\/\/www.starsislandlapalma.es\/de\/wp-json\/wp\/v2\/comments\/?post=18123"}],"version-history":[{"count":0,"href":"https:\/\/www.starsislandlapalma.es\/de\/wp-json\/wp\/v2\/pages\/18123\/revisions\/"}],"up":[{"embeddable":true,"href":"https:\/\/www.starsislandlapalma.es\/de\/wp-json\/wp\/v2\/pages\/17681\/"}],"wp:attachment":[{"href":"https:\/\/www.starsislandlapalma.es\/de\/wp-json\/wp\/v2\/media\/?parent=18123"}],"curies":[{"name":"wp","href":"https:\/\/api.w.org\/{rel}","templated":true}]}}