{"id":20943,"date":"2018-02-15T15:05:02","date_gmt":"2018-02-15T15:05:02","guid":{"rendered":"http:\/\/www.starsislandlapalma.es\/das-observatorium\/besuchen-sie-das-observatorium\/reserva-particulares\/"},"modified":"2025-01-08T10:36:02","modified_gmt":"2025-01-08T10:36:02","slug":"private-reservierung","status":"publish","type":"page","link":"https:\/\/www.starsislandlapalma.es\/de\/das-observatorium\/besuchen-sie-das-observatorium\/private-reservierung\/","title":{"rendered":"Private Besuche"},"content":{"rendered":"<p>[vc_row css_animation=&#8220;&#8220; row_type=&#8220;row&#8220; use_row_as_full_screen_section=&#8220;no&#8220; type=&#8220;grid&#8220; angled_section=&#8220;no&#8220; text_align=&#8220;left&#8220; background_image_as_pattern=&#8220;without_pattern&#8220; z_index=&#8220;&#8220;][vc_column][vc_empty_space][vc_column_text]Private Besuche werden von spezialisierten F\u00fchrern, sogenannten \u201eStarlight-F\u00fchrern\u201c, geleitet.<\/p>\n<p>Personen, die das ORM besuchen m\u00f6chten, m\u00fcssen ihren Besuch im Voraus \u00fcber die Website der Starlight Foundation reservieren.<\/p>\n<p style=\"text-align: center;\"><strong><a href=\"https:\/\/fundacionstarlight.org\/noticias\/noticias\/113-guias-starlight-habilitados-para-realizar-visitas-en-el-orm.html\" target=\"_blank\" rel=\"noopener\">RESERVIEREN SIE HIER<\/a><\/strong><\/p>\n<p>Die Starlight Foundation bildet diese Fachleute in Zusammenarbeit mit dem IAC aus und qualifiziert sie mit dem Ziel, den Besuchern qualitativ hochwertige, verst\u00e4ndliche und lehrreiche Informationen \u00fcber die Anlagen, ihre Geschichte, ihre Verwendung und ihre wissenschaftlichen Ergebnisse zu geben.<\/p>\n<p>Die F\u00fchrer verf\u00fcgen auch \u00fcber ausreichende Kenntnisse \u00fcber die in den Anlagen zu beachtenden Sicherheitsma\u00dfnahmen, sodass es obligatorisch ist, ihren Empfehlungen zu folgen.<\/p>\n<p>Aufgrund der Arbeitsbedingungen in den Teleskopgeb\u00e4uden werden die Besuche in kleinen Gruppen bei Tageslicht organisiert. Die gesch\u00e4tzte Dauer eines Besuchs betr\u00e4gt 1 Stunde und 30 Minuten.<\/p>\n<p>Der Treffpunkt f\u00fcr diesen F\u00fchrer ist das Besucherzentrum. Ein Besuch des Zentrums vor dem Besuch der Teleskope wird empfohlen, da es allgemeine Informationen \u00fcber das Observatorium und einige Grundkenntnisse der Astrophysik vermittelt.[\/vc_column_text][vc_empty_space][\/vc_column][\/vc_row]<\/p>\n","protected":false},"excerpt":{"rendered":"<p>[vc_row css_animation=&#8220;&#8220; row_type=&#8220;row&#8220; use_row_as_full_screen_section=&#8220;no&#8220; type=&#8220;grid&#8220; angled_section=&#8220;no&#8220; text_align=&#8220;left&#8220; background_image_as_pattern=&#8220;without_pattern&#8220; z_index=&#8220;&#8220;][vc_column][vc_empty_space][vc_column_text]Private Besuche werden von spezialisierten F\u00fchrern, sogenannten \u201eStarlight-F\u00fchrern\u201c, geleitet. Personen, die das ORM besuchen m\u00f6chten, m\u00fcssen ihren Besuch im Voraus \u00fcber die Website der Starlight Foundation reservieren. RESERVIEREN SIE HIER Die Starlight Foundation bildet diese Fachleute in&#8230;<\/p>\n","protected":false},"author":1,"featured_media":0,"parent":18166,"menu_order":0,"comment_status":"closed","ping_status":"closed","template":"full_width.php","meta":{"footnotes":""},"yoast_head":"<!-- This site is optimized with the Yoast SEO plugin v24.5 - https:\/\/yoast.com\/wordpress\/plugins\/seo\/ -->\n<title>Private Besuche &#8902; Stars Island La Palma<\/title>\n<meta name=\"robots\" content=\"index, follow, max-snippet:-1, max-image-preview:large, max-video-preview:-1\" \/>\n<link rel=\"canonical\" href=\"https:\/\/www.starsislandlapalma.es\/de\/das-observatorium\/besuchen-sie-das-observatorium\/private-reservierung\/\" \/>\n<meta property=\"og:locale\" content=\"de_DE\" \/>\n<meta property=\"og:type\" content=\"article\" \/>\n<meta property=\"og:title\" content=\"Private Besuche &#8902; Stars Island La Palma\" \/>\n<meta property=\"og:description\" content=\"[vc_row css_animation=&#8220;&#8220; row_type=&#8220;row&#8220; use_row_as_full_screen_section=&#8220;no&#8220; type=&#8220;grid&#8220; angled_section=&#8220;no&#8220; text_align=&#8220;left&#8220; background_image_as_pattern=&#8220;without_pattern&#8220; z_index=&#8220;&#8220;][vc_column][vc_empty_space][vc_column_text]Private Besuche werden von spezialisierten F\u00fchrern, sogenannten \u201eStarlight-F\u00fchrern\u201c, geleitet. Personen, die das ORM besuchen m\u00f6chten, m\u00fcssen ihren Besuch im Voraus \u00fcber die Website der Starlight Foundation reservieren. RESERVIEREN SIE HIER Die Starlight Foundation bildet diese Fachleute in...\" \/>\n<meta property=\"og:url\" content=\"https:\/\/www.starsislandlapalma.es\/de\/das-observatorium\/besuchen-sie-das-observatorium\/private-reservierung\/\" \/>\n<meta property=\"og:site_name\" content=\"Stars Island La Palma\" \/>\n<meta property=\"article:publisher\" content=\"https:\/\/www.facebook.com\/pages\/Starsisland-La-Palma\/210888162375006?ref=hl\" \/>\n<meta property=\"article:modified_time\" content=\"2025-01-08T10:36:02+00:00\" \/>\n<meta name=\"twitter:label1\" content=\"Gesch\u00e4tzte Lesezeit\" \/>\n\t<meta name=\"twitter:data1\" content=\"1\u00a0Minute\" \/>\n<script type=\"application\/ld+json\" class=\"yoast-schema-graph\">{\"@context\":\"https:\/\/schema.org\",\"@graph\":[{\"@type\":\"WebPage\",\"@id\":\"https:\/\/www.starsislandlapalma.es\/de\/das-observatorium\/besuchen-sie-das-observatorium\/private-reservierung\/\",\"url\":\"https:\/\/www.starsislandlapalma.es\/de\/das-observatorium\/besuchen-sie-das-observatorium\/private-reservierung\/\",\"name\":\"Private Besuche &#8902; Stars Island La Palma\",\"isPartOf\":{\"@id\":\"https:\/\/www.starsislandlapalma.es\/#website\"},\"datePublished\":\"2018-02-15T15:05:02+00:00\",\"dateModified\":\"2025-01-08T10:36:02+00:00\",\"breadcrumb\":{\"@id\":\"https:\/\/www.starsislandlapalma.es\/de\/das-observatorium\/besuchen-sie-das-observatorium\/private-reservierung\/#breadcrumb\"},\"inLanguage\":\"de\",\"potentialAction\":[{\"@type\":\"ReadAction\",\"target\":[\"https:\/\/www.starsislandlapalma.es\/de\/das-observatorium\/besuchen-sie-das-observatorium\/private-reservierung\/\"]}]},{\"@type\":\"BreadcrumbList\",\"@id\":\"https:\/\/www.starsislandlapalma.es\/de\/das-observatorium\/besuchen-sie-das-observatorium\/private-reservierung\/#breadcrumb\",\"itemListElement\":[{\"@type\":\"ListItem\",\"position\":1,\"name\":\"Portada\",\"item\":\"https:\/\/www.starsislandlapalma.es\/de\/\"},{\"@type\":\"ListItem\",\"position\":2,\"name\":\"Das Observatorium\",\"item\":\"https:\/\/www.starsislandlapalma.es\/de\/das-observatorium\/\"},{\"@type\":\"ListItem\",\"position\":3,\"name\":\"Besuchen sie das Observatorium\",\"item\":\"https:\/\/www.starsislandlapalma.es\/de\/das-observatorium\/besuchen-sie-das-observatorium\/\"},{\"@type\":\"ListItem\",\"position\":4,\"name\":\"Private Besuche\"}]},{\"@type\":\"WebSite\",\"@id\":\"https:\/\/www.starsislandlapalma.es\/#website\",\"url\":\"https:\/\/www.starsislandlapalma.es\/\",\"name\":\"Stars Island La Palma\",\"description\":\"La Palma, el lugar perfecto para disfrutar del universo. Primera Reserva Starlight del mundo, en 2012 se reconoce como Destino Tur\u00edstico Starlight\",\"publisher\":{\"@id\":\"https:\/\/www.starsislandlapalma.es\/#organization\"},\"potentialAction\":[{\"@type\":\"SearchAction\",\"target\":{\"@type\":\"EntryPoint\",\"urlTemplate\":\"https:\/\/www.starsislandlapalma.es\/?s={search_term_string}\"},\"query-input\":{\"@type\":\"PropertyValueSpecification\",\"valueRequired\":true,\"valueName\":\"search_term_string\"}}],\"inLanguage\":\"de\"},{\"@type\":\"Organization\",\"@id\":\"https:\/\/www.starsislandlapalma.es\/#organization\",\"name\":\"Star Island La Palma\",\"url\":\"https:\/\/www.starsislandlapalma.es\/\",\"logo\":{\"@type\":\"ImageObject\",\"inLanguage\":\"de\",\"@id\":\"https:\/\/www.starsislandlapalma.es\/#\/schema\/logo\/image\/\",\"url\":\"https:\/\/www.starsislandlapalma.es\/wp-content\/uploads\/2022\/01\/logo_starisland.png\",\"contentUrl\":\"https:\/\/www.starsislandlapalma.es\/wp-content\/uploads\/2022\/01\/logo_starisland.png\",\"width\":172,\"height\":139,\"caption\":\"Star Island La Palma\"},\"image\":{\"@id\":\"https:\/\/www.starsislandlapalma.es\/#\/schema\/logo\/image\/\"},\"sameAs\":[\"https:\/\/www.facebook.com\/pages\/Starsisland-La-Palma\/210888162375006?ref=hl\",\"https:\/\/x.com\/starsislandlapa\",\"https:\/\/www.pinterest.com\/astroturismo\/\",\"https:\/\/www.youtube.com\/channel\/UCV7sju1ggcBpJG39HQCBtsA\"]}]}<\/script>\n<!-- \/ Yoast SEO plugin. -->","yoast_head_json":{"title":"Private Besuche &#8902; Stars Island La Palma","robots":{"index":"index","follow":"follow","max-snippet":"max-snippet:-1","max-image-preview":"max-image-preview:large","max-video-preview":"max-video-preview:-1"},"canonical":"https:\/\/www.starsislandlapalma.es\/de\/das-observatorium\/besuchen-sie-das-observatorium\/private-reservierung\/","og_locale":"de_DE","og_type":"article","og_title":"Private Besuche &#8902; Stars Island La Palma","og_description":"[vc_row css_animation=&#8220;&#8220; row_type=&#8220;row&#8220; use_row_as_full_screen_section=&#8220;no&#8220; type=&#8220;grid&#8220; angled_section=&#8220;no&#8220; text_align=&#8220;left&#8220; background_image_as_pattern=&#8220;without_pattern&#8220; z_index=&#8220;&#8220;][vc_column][vc_empty_space][vc_column_text]Private Besuche werden von spezialisierten F\u00fchrern, sogenannten \u201eStarlight-F\u00fchrern\u201c, geleitet. Personen, die das ORM besuchen m\u00f6chten, m\u00fcssen ihren Besuch im Voraus \u00fcber die Website der Starlight Foundation reservieren. RESERVIEREN SIE HIER Die Starlight Foundation bildet diese Fachleute in...","og_url":"https:\/\/www.starsislandlapalma.es\/de\/das-observatorium\/besuchen-sie-das-observatorium\/private-reservierung\/","og_site_name":"Stars Island La Palma","article_publisher":"https:\/\/www.facebook.com\/pages\/Starsisland-La-Palma\/210888162375006?ref=hl","article_modified_time":"2025-01-08T10:36:02+00:00","twitter_misc":{"Gesch\u00e4tzte Lesezeit":"1\u00a0Minute"},"schema":{"@context":"https:\/\/schema.org","@graph":[{"@type":"WebPage","@id":"https:\/\/www.starsislandlapalma.es\/de\/das-observatorium\/besuchen-sie-das-observatorium\/private-reservierung\/","url":"https:\/\/www.starsislandlapalma.es\/de\/das-observatorium\/besuchen-sie-das-observatorium\/private-reservierung\/","name":"Private Besuche &#8902; Stars Island La Palma","isPartOf":{"@id":"https:\/\/www.starsislandlapalma.es\/#website"},"datePublished":"2018-02-15T15:05:02+00:00","dateModified":"2025-01-08T10:36:02+00:00","breadcrumb":{"@id":"https:\/\/www.starsislandlapalma.es\/de\/das-observatorium\/besuchen-sie-das-observatorium\/private-reservierung\/#breadcrumb"},"inLanguage":"de","potentialAction":[{"@type":"ReadAction","target":["https:\/\/www.starsislandlapalma.es\/de\/das-observatorium\/besuchen-sie-das-observatorium\/private-reservierung\/"]}]},{"@type":"BreadcrumbList","@id":"https:\/\/www.starsislandlapalma.es\/de\/das-observatorium\/besuchen-sie-das-observatorium\/private-reservierung\/#breadcrumb","itemListElement":[{"@type":"ListItem","position":1,"name":"Portada","item":"https:\/\/www.starsislandlapalma.es\/de\/"},{"@type":"ListItem","position":2,"name":"Das Observatorium","item":"https:\/\/www.starsislandlapalma.es\/de\/das-observatorium\/"},{"@type":"ListItem","position":3,"name":"Besuchen sie das Observatorium","item":"https:\/\/www.starsislandlapalma.es\/de\/das-observatorium\/besuchen-sie-das-observatorium\/"},{"@type":"ListItem","position":4,"name":"Private Besuche"}]},{"@type":"WebSite","@id":"https:\/\/www.starsislandlapalma.es\/#website","url":"https:\/\/www.starsislandlapalma.es\/","name":"Stars Island La Palma","description":"La Palma, el lugar perfecto para disfrutar del universo. Primera Reserva Starlight del mundo, en 2012 se reconoce como Destino Tur\u00edstico Starlight","publisher":{"@id":"https:\/\/www.starsislandlapalma.es\/#organization"},"potentialAction":[{"@type":"SearchAction","target":{"@type":"EntryPoint","urlTemplate":"https:\/\/www.starsislandlapalma.es\/?s={search_term_string}"},"query-input":{"@type":"PropertyValueSpecification","valueRequired":true,"valueName":"search_term_string"}}],"inLanguage":"de"},{"@type":"Organization","@id":"https:\/\/www.starsislandlapalma.es\/#organization","name":"Star Island La Palma","url":"https:\/\/www.starsislandlapalma.es\/","logo":{"@type":"ImageObject","inLanguage":"de","@id":"https:\/\/www.starsislandlapalma.es\/#\/schema\/logo\/image\/","url":"https:\/\/www.starsislandlapalma.es\/wp-content\/uploads\/2022\/01\/logo_starisland.png","contentUrl":"https:\/\/www.starsislandlapalma.es\/wp-content\/uploads\/2022\/01\/logo_starisland.png","width":172,"height":139,"caption":"Star Island La Palma"},"image":{"@id":"https:\/\/www.starsislandlapalma.es\/#\/schema\/logo\/image\/"},"sameAs":["https:\/\/www.facebook.com\/pages\/Starsisland-La-Palma\/210888162375006?ref=hl","https:\/\/x.com\/starsislandlapa","https:\/\/www.pinterest.com\/astroturismo\/","https:\/\/www.youtube.com\/channel\/UCV7sju1ggcBpJG39HQCBtsA"]}]}},"_links":{"self":[{"href":"https:\/\/www.starsislandlapalma.es\/de\/wp-json\/wp\/v2\/pages\/20943\/"}],"collection":[{"href":"https:\/\/www.starsislandlapalma.es\/de\/wp-json\/wp\/v2\/pages\/"}],"about":[{"href":"https:\/\/www.starsislandlapalma.es\/de\/wp-json\/wp\/v2\/types\/page\/"}],"author":[{"embeddable":true,"href":"https:\/\/www.starsislandlapalma.es\/de\/wp-json\/wp\/v2\/users\/1\/"}],"replies":[{"embeddable":true,"href":"https:\/\/www.starsislandlapalma.es\/de\/wp-json\/wp\/v2\/comments\/?post=20943"}],"version-history":[{"count":3,"href":"https:\/\/www.starsislandlapalma.es\/de\/wp-json\/wp\/v2\/pages\/20943\/revisions\/"}],"predecessor-version":[{"id":26306,"href":"https:\/\/www.starsislandlapalma.es\/de\/wp-json\/wp\/v2\/pages\/20943\/revisions\/26306\/"}],"up":[{"embeddable":true,"href":"https:\/\/www.starsislandlapalma.es\/de\/wp-json\/wp\/v2\/pages\/18166\/"}],"wp:attachment":[{"href":"https:\/\/www.starsislandlapalma.es\/de\/wp-json\/wp\/v2\/media\/?parent=20943"}],"curies":[{"name":"wp","href":"https:\/\/api.w.org\/{rel}","templated":true}]}}