{"id":18108,"date":"2015-03-23T10:25:40","date_gmt":"2015-03-23T10:25:40","guid":{"rendered":"http:\/\/www.starsislandlapalma.es\/?page_id=18108"},"modified":"2015-05-13T12:00:18","modified_gmt":"2015-05-13T12:00:18","slug":"hotel-arminda","status":"publish","type":"page","link":"https:\/\/www.starsislandlapalma.es\/en\/starsislands-companies\/accommodations\/hotel-arminda\/","title":{"rendered":"Hotel Arminda"},"content":{"rendered":"<p>[vc_row row_type=&#8221;row&#8221; type=&#8221;grid&#8221; text_align=&#8221;left&#8221; padding_top=&#8221;87&#8243; padding_bottom=&#8221;0&#8243; background_image_as_pattern=&#8221;without_pattern&#8221;][vc_column width=&#8221;1\/1&#8243;][vc_column_text]<\/p>\n<h2 style=\"text-align: center;\">HOTEL DO\u00d1A ARMINDA<\/h2>\n<p>[\/vc_column_text][vc_separator type=&#8221;small&#8221; position=&#8221;center&#8221; down=&#8221;20&#8243; up=&#8221;7&#8243;][\/vc_column][\/vc_row][vc_row row_type=&#8221;row&#8221; type=&#8221;grid&#8221; text_align=&#8221;left&#8221; padding_top=&#8221;37&#8243; background_image_as_pattern=&#8221;without_pattern&#8221;][vc_column width=&#8221;1\/2&#8243;][vc_row_inner row_type=&#8221;row&#8221; type=&#8221;full_width&#8221; text_align=&#8221;center&#8221;][vc_column_inner width=&#8221;1\/1&#8243;][vc_column_text]<\/p>\n<h4 style=\"text-align: justify;\"><\/h4>\n<div id=\"PAGES_CONTAINERbg\" class=\"s6bg\" style=\"text-align: justify;\" data-reactid=\".0.$SITE_ROOT.$SITE_STRUCTURE.$PAGES_CONTAINER.1.0\">El Hoyo de Mazo disfruta de uno de los microclimas m\u00e1s privilegiados de La Palma. Protegido de los alisios de forma natural, esta peque\u00f1a hondonada abierta al Este disfruta de gloriosos amaneceres y temperaturas apacibles. No por casualidad, sigue siendo una de las zonas agr\u00edcolas m\u00e1s importantes de la comarca, especialmente para el cultivo de la vid.<\/div>\n<div class=\"s6bg\" style=\"text-align: justify;\" data-reactid=\".0.$SITE_ROOT.$SITE_STRUCTURE.$PAGES_CONTAINER.1.0\">[vc_separator type=&#8217;transparent&#8217; position=&#8217;center&#8217; color=&#8221; thickness=&#8221; up=&#8217;5&#8242; down=&#8217;5&#8242;]<\/div>\n<div id=\"PAGES_CONTAINERinlineContent\" class=\"s6inlineContent\" data-reactid=\".0.$SITE_ROOT.$SITE_STRUCTURE.$PAGES_CONTAINER.1.1\">\n<div id=\"SITE_PAGES\" class=\"s7\" data-reactid=\".0.$SITE_ROOT.$SITE_STRUCTURE.$PAGES_CONTAINER.1.1.$SITE_PAGES\">\n<div id=\"c1ouj\" class=\"s11\" data-reactid=\".0.$SITE_ROOT.$SITE_STRUCTURE.$PAGES_CONTAINER.1.1.$SITE_PAGES.$c1ouj\">\n<div id=\"c1oujinlineContent\" class=\"s11inlineContent\" data-reactid=\".0.$SITE_ROOT.$SITE_STRUCTURE.$PAGES_CONTAINER.1.1.$SITE_PAGES.$c1ouj.1\">\n<div id=\"WRchTxt2n\" class=\"s10\" data-reactid=\".0.$SITE_ROOT.$SITE_STRUCTURE.$PAGES_CONTAINER.1.1.$SITE_PAGES.$c1ouj.1.$WRchTxt2n\">\n<p class=\"font_8\" style=\"text-align: justify;\"><span class=\"color_11\">Disfrutar de los primeros rayos de la ma\u00f1ana bajo el voladizo de Finca Arminda y dejarse reconfortar por su generoso desayuno, es una inmejorable forma de comenzar el d\u00eda. <strong>El centenario edificio se mantiene en un estado impecable<\/strong> y atesora una impresionante colecci\u00f3n de muebles y objetos de \u00e9poca, traspasados de generaci\u00f3n en generaci\u00f3n. Su estructura pivota en torno a un patio central, alrededor del cual se disponen las habitaciones.<\/span><\/p>\n<p class=\"font_8\" style=\"text-align: justify;\">[vc_separator type=&#8217;transparent&#8217; position=&#8217;center&#8217; color=&#8221; thickness=&#8221; up=&#8217;5&#8242; down=&#8217;5&#8242;]<\/p>\n<p class=\"font_8\" style=\"text-align: justify;\"><span class=\"color_11\">La propiedad se expande hacia unos frondosos jardines cuajados de flores, que incluyen dos piscinas (una para los adultos y otra para los m\u00e1s peque\u00f1os), adem\u00e1s de un estilizado reloj solar.\u00a0 Y el conjunto est\u00e1 a su vez envuelto por una finca de pl\u00e1tanos que certifica, por as\u00ed decirlo, la subtropicalidad del entorno.<\/span><\/p>\n<p class=\"font_8\" style=\"text-align: justify;\">[vc_separator type=&#8217;transparent&#8217; position=&#8217;center&#8217; color=&#8221; thickness=&#8221; up=&#8217;5&#8242; down=&#8217;5&#8242;]<\/p>\n<p class=\"font_8\" style=\"text-align: justify;\"><span class=\"color_11\"><strong>Al caer la noche, llega el momento de disfrutar del cielo.<\/strong> En la zona de la piscina, <strong>un mural nos orienta sobre las constelaciones visibles en cada \u00e9poca del a\u00f1o.<\/strong> En el interior nos espera un rinc\u00f3n con libros, planisferios y <strong>documentaci\u00f3n astron\u00f3mica<\/strong> en general. Y adem\u00e1s podremos solicitar el acceso a una tableta iPad, que incluye aplicaciones para interpretar el lienzo de estrellas que encontraremos desplegado sobre el horizonte.<\/span><\/p>\n<p>[vc_separator type=&#8217;transparent&#8217; position=&#8217;center&#8217; color=&#8221; thickness=&#8221; up=&#8217;8&#8242; down=&#8217;8&#8242;]<\/p>\n<h4 style=\"text-align: left;\">Equipamiento:<\/h4>\n<p>[vc_separator type=&#8217;small&#8217; position=&#8217;left&#8217; color=&#8221; thickness=&#8221; up=&#8217;5&#8242; down=&#8217;5&#8242;] <strong>Prism\u00e1ticos Vixen Ascot 10&#215;50 con tr\u00edpode, reloj solar, libros, planisferios, Ipad 2 16Gb, tumbonas e ilustraciones.<\/strong><\/p>\n<\/div>\n<\/div>\n<\/div>\n<\/div>\n<\/div>\n<p>[\/vc_column_text][\/vc_column_inner][\/vc_row_inner][vc_separator type=&#8221;transparent&#8221; position=&#8221;center&#8221; up=&#8221;80&#8243; down=&#8221;0&#8243;][vc_row_inner][vc_column_inner width=&#8221;1\/3&#8243;]<a  itemprop=\"url\" href=\"\" target=\"_self\"  class=\"qbutton  default\" style=\"\">+34 922 44 04 11<i class=\"qode_icon_font_awesome fa fa-phone qode_button_icon_element\" style=\"\" ><\/i><\/a>[\/vc_column_inner][vc_column_inner width=&#8221;1\/3&#8243;]<a  itemprop=\"url\" href=\"mailto:info@fincaarminda.es\" target=\"_self\"  class=\"qbutton  default\" style=\"\">Email<i class=\"qode_icon_font_awesome fa fa-envelope qode_button_icon_element\" style=\"\" ><\/i><\/a>[\/vc_column_inner][vc_column_inner width=&#8221;1\/3&#8243;]<a  itemprop=\"url\" href=\"http:\/\/fincaarminda.es\/welcome\/\" target=\"_blank\"  class=\"qbutton  default\" style=\"\">Web<\/a>[\/vc_column_inner][\/vc_row_inner][\/vc_column][vc_column width=&#8221;1\/2&#8243;][vc_gallery type=&#8221;image_grid&#8221; interval=&#8221;3&#8243; images=&#8221;18805,18804,19330,19329,19328,19327,19326,19325&#8243; onclick=&#8221;link_image&#8221; custom_links_target=&#8221;_self&#8221; column_number=&#8221;2&#8243; grayscale=&#8221;no&#8221; choose_frame=&#8221;default&#8221; img_size=&#8221;300&#215;300&#8243;][vc_separator type=&#8221;transparent&#8221; position=&#8221;center&#8221; up=&#8221;80&#8243; down=&#8221;8&#8243;][\/vc_column][\/vc_row][vc_row row_type=&#8221;row&#8221; type=&#8221;grid&#8221; text_align=&#8221;left&#8221; background_image_as_pattern=&#8221;without_pattern&#8221;][vc_column width=&#8221;1\/1&#8243;][vc_separator type=&#8221;transparent&#8221; position=&#8221;center&#8221; up=&#8221;12&#8243; down=&#8221;0&#8243;]<a  itemprop=\"url\" href=\"http:\/\/www.starsislandlapalma.es\/en\/walk-and-watch\/\" target=\"_self\"  class=\"qbutton  default\" style=\"\">RETURN<\/a>[vc_separator type=&#8221;transparent&#8221; position=&#8221;center&#8221; up=&#8221;59&#8243; down=&#8221;0&#8243;][\/vc_column][\/vc_row][vc_row row_type=&#8221;row&#8221; type=&#8221;full_width&#8221; text_align=&#8221;center&#8221; background_image=&#8221;15408&#8243; section_height=&#8221;500&#8243; background_image_as_pattern=&#8221;without_pattern&#8221;][vc_column width=&#8221;1\/1&#8243;][vc_separator type=&#8221;transparent&#8221; position=&#8221;center&#8221; up=&#8221;45&#8243; down=&#8221;0&#8243;][vc_column_text]<\/p>\n<h2 style=\"text-align: center;\"><span style=\"color: #ffffff;\">VISIT THE OBSERVATORY<\/span><\/h2>\n<p>[\/vc_column_text][vc_separator type=&#8221;small&#8221; position=&#8221;center&#8221; down=&#8221;29&#8243; up=&#8221;24&#8243; color=&#8221;#ffffff&#8221;][vc_column_text]<\/p>\n<h6 style=\"text-align: center;\"><span style=\"color: #ffffff;\">The Roque de los Muchachos Observatory is open to visitors. <\/span><\/h6>\n<h6 style=\"text-align: center;\"><span style=\"color: #ffffff;\">Take this chance and enjoy the stars from one of the most privileged sites on the planet for astronomic observations.<\/span><\/h6>\n<p>[\/vc_column_text][vc_separator type=&#8221;transparent&#8221; position=&#8221;center&#8221; up=&#8221;31&#8243; down=&#8221;0&#8243;][vc_row_inner row_type=&#8221;row&#8221; type=&#8221;full_width&#8221; text_align=&#8221;center&#8221;][vc_column_inner width=&#8221;1\/3&#8243;]<a  itemprop=\"url\" href=\"http:\/\/www.starsislandlapalma.es\/observatorio-astrofisico\/visitas-guiadas\/reserva-particulares\/index_en.html\" target=\"_blank\" data-hover-background-color=#005769 data-hover-border-color=#005769 data-hover-color=#ffffff class=\"qbutton  small center default\" style=\"color: #000000; border-color: #ffffff; background-color: #ffffff;\">PRIVATE BOOKING<\/a>[\/vc_column_inner][vc_column_inner width=&#8221;1\/3&#8243;]<a  itemprop=\"url\" href=\"https:\/\/www.iac.es\/es\/observatorios-de-canarias\/observatorio-del-roque-de-los-muchachos\/visitas?lang=en\" target=\"_blank\" data-hover-background-color=#005769 data-hover-border-color=#005769 data-hover-color=#ffffff class=\"qbutton  small center default\" style=\"color: #000000; border-color: #ffffff; background-color: #ffffff;\">BOOKING FOR EDUCATIONAL GROUPS<\/a>[\/vc_column_inner][vc_column_inner width=&#8221;1\/3&#8243;]<a  itemprop=\"url\" href=\"http:\/\/www.iac.es\/eno.php?op1=2&amp;op2=420&amp;op3=57&amp;lang=en\" target=\"_blank\" data-hover-background-color=#005769 data-hover-border-color=#005769 data-hover-color=#ffffff class=\"qbutton  small center default\" style=\"color: #000000; border-color: #ffffff; background-color: #ffffff;\">BOOKING FOR MEDIA<\/a>[\/vc_column_inner][\/vc_row_inner][vc_separator type=&#8221;transparent&#8221; position=&#8221;center&#8221; up=&#8221;121&#8243; down=&#8221;0&#8243;][\/vc_column][\/vc_row]<\/p>\n","protected":false},"excerpt":{"rendered":"<p>[vc_row row_type=&#8221;row&#8221; type=&#8221;grid&#8221; text_align=&#8221;left&#8221; padding_top=&#8221;87&#8243; padding_bottom=&#8221;0&#8243; background_image_as_pattern=&#8221;without_pattern&#8221;][vc_column width=&#8221;1\/1&#8243;][vc_column_text] HOTEL DO\u00d1A ARMINDA [\/vc_column_text][vc_separator type=&#8221;small&#8221; position=&#8221;center&#8221; down=&#8221;20&#8243; up=&#8221;7&#8243;][\/vc_column][\/vc_row][vc_row row_type=&#8221;row&#8221; type=&#8221;grid&#8221; text_align=&#8221;left&#8221; padding_top=&#8221;37&#8243; background_image_as_pattern=&#8221;without_pattern&#8221;][vc_column width=&#8221;1\/2&#8243;][vc_row_inner row_type=&#8221;row&#8221; type=&#8221;full_width&#8221; text_align=&#8221;center&#8221;][vc_column_inner width=&#8221;1\/1&#8243;][vc_column_text] El Hoyo de Mazo disfruta de uno de los microclimas m\u00e1s privilegiados de La Palma. Protegido de los alisios&#8230;<\/p>\n","protected":false},"author":1,"featured_media":0,"parent":17259,"menu_order":0,"comment_status":"open","ping_status":"closed","template":"full_width.php","meta":{"footnotes":""},"yoast_head":"<!-- This site is optimized with the Yoast SEO plugin v24.5 - https:\/\/yoast.com\/wordpress\/plugins\/seo\/ -->\n<title>Hotel Arminda &#8902; Stars Island La Palma<\/title>\n<meta name=\"robots\" content=\"index, follow, max-snippet:-1, max-image-preview:large, max-video-preview:-1\" \/>\n<link rel=\"canonical\" href=\"https:\/\/www.starsislandlapalma.es\/en\/starsislands-companies\/accommodations\/hotel-arminda\/\" \/>\n<meta property=\"og:locale\" content=\"en_US\" \/>\n<meta property=\"og:type\" content=\"article\" \/>\n<meta property=\"og:title\" content=\"Hotel Arminda &#8902; Stars Island La Palma\" \/>\n<meta property=\"og:description\" content=\"[vc_row row_type=&#8221;row&#8221; type=&#8221;grid&#8221; text_align=&#8221;left&#8221; padding_top=&#8221;87&#8243; padding_bottom=&#8221;0&#8243; background_image_as_pattern=&#8221;without_pattern&#8221;][vc_column width=&#8221;1\/1&#8243;][vc_column_text] HOTEL DO\u00d1A ARMINDA [\/vc_column_text][vc_separator type=&#8221;small&#8221; position=&#8221;center&#8221; down=&#8221;20&#8243; up=&#8221;7&#8243;][\/vc_column][\/vc_row][vc_row row_type=&#8221;row&#8221; type=&#8221;grid&#8221; text_align=&#8221;left&#8221; padding_top=&#8221;37&#8243; background_image_as_pattern=&#8221;without_pattern&#8221;][vc_column width=&#8221;1\/2&#8243;][vc_row_inner row_type=&#8221;row&#8221; type=&#8221;full_width&#8221; text_align=&#8221;center&#8221;][vc_column_inner width=&#8221;1\/1&#8243;][vc_column_text] El Hoyo de Mazo disfruta de uno de los microclimas m\u00e1s privilegiados de La Palma. Protegido de los alisios...\" \/>\n<meta property=\"og:url\" content=\"https:\/\/www.starsislandlapalma.es\/en\/starsislands-companies\/accommodations\/hotel-arminda\/\" \/>\n<meta property=\"og:site_name\" content=\"Stars Island La Palma\" \/>\n<meta property=\"article:publisher\" content=\"https:\/\/www.facebook.com\/pages\/Starsisland-La-Palma\/210888162375006?ref=hl\" \/>\n<meta property=\"article:modified_time\" content=\"2015-05-13T12:00:18+00:00\" \/>\n<meta name=\"twitter:label1\" content=\"Est. reading time\" \/>\n\t<meta name=\"twitter:data1\" content=\"4 minutes\" \/>\n<script type=\"application\/ld+json\" class=\"yoast-schema-graph\">{\"@context\":\"https:\/\/schema.org\",\"@graph\":[{\"@type\":\"WebPage\",\"@id\":\"https:\/\/www.starsislandlapalma.es\/en\/starsislands-companies\/accommodations\/hotel-arminda\/\",\"url\":\"https:\/\/www.starsislandlapalma.es\/en\/starsislands-companies\/accommodations\/hotel-arminda\/\",\"name\":\"Hotel Arminda &#8902; Stars Island La Palma\",\"isPartOf\":{\"@id\":\"https:\/\/www.starsislandlapalma.es\/#website\"},\"datePublished\":\"2015-03-23T10:25:40+00:00\",\"dateModified\":\"2015-05-13T12:00:18+00:00\",\"breadcrumb\":{\"@id\":\"https:\/\/www.starsislandlapalma.es\/en\/starsislands-companies\/accommodations\/hotel-arminda\/#breadcrumb\"},\"inLanguage\":\"en-US\",\"potentialAction\":[{\"@type\":\"ReadAction\",\"target\":[\"https:\/\/www.starsislandlapalma.es\/en\/starsislands-companies\/accommodations\/hotel-arminda\/\"]}]},{\"@type\":\"BreadcrumbList\",\"@id\":\"https:\/\/www.starsislandlapalma.es\/en\/starsislands-companies\/accommodations\/hotel-arminda\/#breadcrumb\",\"itemListElement\":[{\"@type\":\"ListItem\",\"position\":1,\"name\":\"Portada\",\"item\":\"https:\/\/www.starsislandlapalma.es\/en\/\"},{\"@type\":\"ListItem\",\"position\":2,\"name\":\"Starsislands companies\",\"item\":\"https:\/\/www.starsislandlapalma.es\/en\/starsislands-companies\/\"},{\"@type\":\"ListItem\",\"position\":3,\"name\":\"Accommodations\",\"item\":\"https:\/\/www.starsislandlapalma.es\/en\/starsislands-companies\/accommodations\/\"},{\"@type\":\"ListItem\",\"position\":4,\"name\":\"Hotel Arminda\"}]},{\"@type\":\"WebSite\",\"@id\":\"https:\/\/www.starsislandlapalma.es\/#website\",\"url\":\"https:\/\/www.starsislandlapalma.es\/\",\"name\":\"Stars Island La Palma\",\"description\":\"La Palma, el lugar perfecto para disfrutar del universo. Primera Reserva Starlight del mundo, en 2012 se reconoce como Destino Tur\u00edstico Starlight\",\"publisher\":{\"@id\":\"https:\/\/www.starsislandlapalma.es\/#organization\"},\"potentialAction\":[{\"@type\":\"SearchAction\",\"target\":{\"@type\":\"EntryPoint\",\"urlTemplate\":\"https:\/\/www.starsislandlapalma.es\/?s={search_term_string}\"},\"query-input\":{\"@type\":\"PropertyValueSpecification\",\"valueRequired\":true,\"valueName\":\"search_term_string\"}}],\"inLanguage\":\"en-US\"},{\"@type\":\"Organization\",\"@id\":\"https:\/\/www.starsislandlapalma.es\/#organization\",\"name\":\"Star Island La Palma\",\"url\":\"https:\/\/www.starsislandlapalma.es\/\",\"logo\":{\"@type\":\"ImageObject\",\"inLanguage\":\"en-US\",\"@id\":\"https:\/\/www.starsislandlapalma.es\/#\/schema\/logo\/image\/\",\"url\":\"https:\/\/www.starsislandlapalma.es\/wp-content\/uploads\/2022\/01\/logo_starisland.png\",\"contentUrl\":\"https:\/\/www.starsislandlapalma.es\/wp-content\/uploads\/2022\/01\/logo_starisland.png\",\"width\":172,\"height\":139,\"caption\":\"Star Island La Palma\"},\"image\":{\"@id\":\"https:\/\/www.starsislandlapalma.es\/#\/schema\/logo\/image\/\"},\"sameAs\":[\"https:\/\/www.facebook.com\/pages\/Starsisland-La-Palma\/210888162375006?ref=hl\",\"https:\/\/x.com\/starsislandlapa\",\"https:\/\/www.pinterest.com\/astroturismo\/\",\"https:\/\/www.youtube.com\/channel\/UCV7sju1ggcBpJG39HQCBtsA\"]}]}<\/script>\n<!-- \/ Yoast SEO plugin. -->","yoast_head_json":{"title":"Hotel Arminda &#8902; Stars Island La Palma","robots":{"index":"index","follow":"follow","max-snippet":"max-snippet:-1","max-image-preview":"max-image-preview:large","max-video-preview":"max-video-preview:-1"},"canonical":"https:\/\/www.starsislandlapalma.es\/en\/starsislands-companies\/accommodations\/hotel-arminda\/","og_locale":"en_US","og_type":"article","og_title":"Hotel Arminda &#8902; Stars Island La Palma","og_description":"[vc_row row_type=&#8221;row&#8221; type=&#8221;grid&#8221; text_align=&#8221;left&#8221; padding_top=&#8221;87&#8243; padding_bottom=&#8221;0&#8243; background_image_as_pattern=&#8221;without_pattern&#8221;][vc_column width=&#8221;1\/1&#8243;][vc_column_text] HOTEL DO\u00d1A ARMINDA [\/vc_column_text][vc_separator type=&#8221;small&#8221; position=&#8221;center&#8221; down=&#8221;20&#8243; up=&#8221;7&#8243;][\/vc_column][\/vc_row][vc_row row_type=&#8221;row&#8221; type=&#8221;grid&#8221; text_align=&#8221;left&#8221; padding_top=&#8221;37&#8243; background_image_as_pattern=&#8221;without_pattern&#8221;][vc_column width=&#8221;1\/2&#8243;][vc_row_inner row_type=&#8221;row&#8221; type=&#8221;full_width&#8221; text_align=&#8221;center&#8221;][vc_column_inner width=&#8221;1\/1&#8243;][vc_column_text] El Hoyo de Mazo disfruta de uno de los microclimas m\u00e1s privilegiados de La Palma. Protegido de los alisios...","og_url":"https:\/\/www.starsislandlapalma.es\/en\/starsislands-companies\/accommodations\/hotel-arminda\/","og_site_name":"Stars Island La Palma","article_publisher":"https:\/\/www.facebook.com\/pages\/Starsisland-La-Palma\/210888162375006?ref=hl","article_modified_time":"2015-05-13T12:00:18+00:00","twitter_misc":{"Est. reading time":"4 minutes"},"schema":{"@context":"https:\/\/schema.org","@graph":[{"@type":"WebPage","@id":"https:\/\/www.starsislandlapalma.es\/en\/starsislands-companies\/accommodations\/hotel-arminda\/","url":"https:\/\/www.starsislandlapalma.es\/en\/starsislands-companies\/accommodations\/hotel-arminda\/","name":"Hotel Arminda &#8902; Stars Island La Palma","isPartOf":{"@id":"https:\/\/www.starsislandlapalma.es\/#website"},"datePublished":"2015-03-23T10:25:40+00:00","dateModified":"2015-05-13T12:00:18+00:00","breadcrumb":{"@id":"https:\/\/www.starsislandlapalma.es\/en\/starsislands-companies\/accommodations\/hotel-arminda\/#breadcrumb"},"inLanguage":"en-US","potentialAction":[{"@type":"ReadAction","target":["https:\/\/www.starsislandlapalma.es\/en\/starsislands-companies\/accommodations\/hotel-arminda\/"]}]},{"@type":"BreadcrumbList","@id":"https:\/\/www.starsislandlapalma.es\/en\/starsislands-companies\/accommodations\/hotel-arminda\/#breadcrumb","itemListElement":[{"@type":"ListItem","position":1,"name":"Portada","item":"https:\/\/www.starsislandlapalma.es\/en\/"},{"@type":"ListItem","position":2,"name":"Starsislands companies","item":"https:\/\/www.starsislandlapalma.es\/en\/starsislands-companies\/"},{"@type":"ListItem","position":3,"name":"Accommodations","item":"https:\/\/www.starsislandlapalma.es\/en\/starsislands-companies\/accommodations\/"},{"@type":"ListItem","position":4,"name":"Hotel Arminda"}]},{"@type":"WebSite","@id":"https:\/\/www.starsislandlapalma.es\/#website","url":"https:\/\/www.starsislandlapalma.es\/","name":"Stars Island La Palma","description":"La Palma, el lugar perfecto para disfrutar del universo. Primera Reserva Starlight del mundo, en 2012 se reconoce como Destino Tur\u00edstico Starlight","publisher":{"@id":"https:\/\/www.starsislandlapalma.es\/#organization"},"potentialAction":[{"@type":"SearchAction","target":{"@type":"EntryPoint","urlTemplate":"https:\/\/www.starsislandlapalma.es\/?s={search_term_string}"},"query-input":{"@type":"PropertyValueSpecification","valueRequired":true,"valueName":"search_term_string"}}],"inLanguage":"en-US"},{"@type":"Organization","@id":"https:\/\/www.starsislandlapalma.es\/#organization","name":"Star Island La Palma","url":"https:\/\/www.starsislandlapalma.es\/","logo":{"@type":"ImageObject","inLanguage":"en-US","@id":"https:\/\/www.starsislandlapalma.es\/#\/schema\/logo\/image\/","url":"https:\/\/www.starsislandlapalma.es\/wp-content\/uploads\/2022\/01\/logo_starisland.png","contentUrl":"https:\/\/www.starsislandlapalma.es\/wp-content\/uploads\/2022\/01\/logo_starisland.png","width":172,"height":139,"caption":"Star Island La Palma"},"image":{"@id":"https:\/\/www.starsislandlapalma.es\/#\/schema\/logo\/image\/"},"sameAs":["https:\/\/www.facebook.com\/pages\/Starsisland-La-Palma\/210888162375006?ref=hl","https:\/\/x.com\/starsislandlapa","https:\/\/www.pinterest.com\/astroturismo\/","https:\/\/www.youtube.com\/channel\/UCV7sju1ggcBpJG39HQCBtsA"]}]}},"_links":{"self":[{"href":"https:\/\/www.starsislandlapalma.es\/en\/wp-json\/wp\/v2\/pages\/18108\/"}],"collection":[{"href":"https:\/\/www.starsislandlapalma.es\/en\/wp-json\/wp\/v2\/pages\/"}],"about":[{"href":"https:\/\/www.starsislandlapalma.es\/en\/wp-json\/wp\/v2\/types\/page\/"}],"author":[{"embeddable":true,"href":"https:\/\/www.starsislandlapalma.es\/en\/wp-json\/wp\/v2\/users\/1\/"}],"replies":[{"embeddable":true,"href":"https:\/\/www.starsislandlapalma.es\/en\/wp-json\/wp\/v2\/comments\/?post=18108"}],"version-history":[{"count":0,"href":"https:\/\/www.starsislandlapalma.es\/en\/wp-json\/wp\/v2\/pages\/18108\/revisions\/"}],"up":[{"embeddable":true,"href":"https:\/\/www.starsislandlapalma.es\/en\/wp-json\/wp\/v2\/pages\/17259\/"}],"wp:attachment":[{"href":"https:\/\/www.starsislandlapalma.es\/en\/wp-json\/wp\/v2\/media\/?parent=18108"}],"curies":[{"name":"wp","href":"https:\/\/api.w.org\/{rel}","templated":true}]}}