{"id":18170,"date":"2015-03-23T11:01:57","date_gmt":"2015-03-23T11:01:57","guid":{"rendered":"http:\/\/www.starsislandlapalma.es\/?page_id=18170"},"modified":"2015-03-23T11:01:57","modified_gmt":"2015-03-23T11:01:57","slug":"asociacion-de-turismo-rural","status":"publish","type":"page","link":"https:\/\/www.starsislandlapalma.es\/en\/starsislands-companies\/accommodations\/asociacion-de-turismo-rural\/","title":{"rendered":"Asociaci\u00f3n de Turismo Rural"},"content":{"rendered":"<p>[vc_row row_type=&#8221;row&#8221; type=&#8221;grid&#8221; text_align=&#8221;left&#8221; padding_top=&#8221;87&#8243; padding_bottom=&#8221;0&#8243; background_image_as_pattern=&#8221;without_pattern&#8221;][vc_column width=&#8221;1\/1&#8243;][vc_column_text]<\/p>\n<h2 style=\"text-align: center;\">ASOCIACI\u00d3N DE TURISMO RURAL<\/h2>\n<p>[\/vc_column_text][vc_separator type=&#8221;small&#8221; position=&#8221;center&#8221; down=&#8221;20&#8243; up=&#8221;7&#8243;][\/vc_column][\/vc_row][vc_row row_type=&#8221;row&#8221; type=&#8221;grid&#8221; text_align=&#8221;left&#8221; padding_top=&#8221;37&#8243; background_image_as_pattern=&#8221;without_pattern&#8221;][vc_column width=&#8221;1\/1&#8243;][vc_column_text]<\/p>\n<p class=\"font_8\" style=\"text-align: justify;\">Desde 1992 la Asociaci\u00f3n insular de Turismo Rural Isla Bonita ha venido participando en el impulso del turismo rural y otros nuevos productos tur\u00edsticos en la Isla de La Palma. Como asociaci\u00f3n plural agrupa a cerca de un centenar de titulares de casas rurales y tambi\u00e9n otras peque\u00f1as asociaciones y empresas y profesionales del turismo y el desarrollo rural.<\/p>\n<p class=\"font_8\" style=\"text-align: justify;\">[vc_separator type=&#8217;transparent&#8217; position=&#8217;center&#8217; color=&#8221; thickness=&#8221; up=&#8217;5&#8242; down=&#8217;5&#8242;]<\/p>\n<p class=\"font_8\" style=\"text-align: justify;\"><span class=\"color_11\">Una gran variedad de proyectos e iniciativas han sido promovidos en estos veinte a\u00f1os, en aspectos como la promoci\u00f3n de los alojamientos rurales y otros recursos tur\u00edsticos, formaci\u00f3n para la gesti\u00f3n de los alojamientos, gesti\u00f3n de museos y lugares de inter\u00e9s tur\u00edstico, implantaci\u00f3n de sistemas de calidad (Q de calidad o Biosphere House), dinamizaci\u00f3n de nuevos productos (enoturismo o astroturismo), estudios de mercado, proyectos de cooperaci\u00f3n en turismo y desarrollo con otros territorios, entre otros. Todo un despliegue animado por una vocaci\u00f3n sin fin de lucro, orientada a la promoci\u00f3n de los valores naturales y culturales de la isla de La Palma, a la prestaci\u00f3n de servicios a los socios y que busca la satisfacci\u00f3n de quienes visitan nuestra isla, se hospedan en los alojamientos de nuestra red, comparten actividades o visitan nuestros museos.<\/span><\/p>\n<p class=\"font_8\" style=\"text-align: justify;\">[vc_separator type=&#8217;transparent&#8217; position=&#8217;center&#8217; color=&#8221; thickness=&#8221; up=&#8217;5&#8242; down=&#8217;5&#8242;]<\/p>\n<p class=\"font_8\" style=\"text-align: justify;\"><span class=\"color_11\">As\u00ed, la asociaci\u00f3n comparte como principios la preservaci\u00f3n de los valores ambientales y la gesti\u00f3n responsable de los recursos naturales, animar la creaci\u00f3n de iniciativas tur\u00edsticas viables y socialmente \u00fatiles y contribuir a una mayor cohesi\u00f3n territorial y solidaridad entre la poblaci\u00f3n de la isla.<\/span><\/p>\n<p class=\"font_8\" style=\"text-align: justify;\">[vc_separator type=&#8217;transparent&#8217; position=&#8217;center&#8217; color=&#8221; thickness=&#8221; up=&#8217;5&#8242; down=&#8217;5&#8242;]<\/p>\n<p class=\"font_8\" style=\"text-align: justify;\"><span class=\"color_11\"><em>Bajo la denominaci\u00f3n &#8220;Turismo Rural Isla Bonita&#8221;<\/em> <strong>disponemos de una oferta de casas rurales<\/strong>, inmersas plenamente en la naturaleza o en un entorno paisaj\u00edstico rural. No solo contemplar la naturaleza y el paisaje sino disfrutar de \u00e9l con peque\u00f1os paseos, haciendo senderismo, en bici u otras maneras est\u00e1 al alcance de la mano. La ubicaci\u00f3n en lugares tranquilos y con ausencia de ruidos, en casas antiguas, restauradas, bien conservadas y acondicionadas para una estancia c\u00f3moda y confortable; as\u00ed como garantizar la privacidad es el criterio de selecci\u00f3n de los alojamientos de nuestra oferta.<\/span><\/p>\n<p class=\"font_8\" style=\"text-align: justify;\">[vc_separator type=&#8217;transparent&#8217; position=&#8217;center&#8217; color=&#8221; thickness=&#8221; up=&#8217;5&#8242; down=&#8217;5&#8242;]<\/p>\n<p class=\"font_8\" style=\"text-align: justify;\"><span class=\"color_11\">La Asociaci\u00f3n cuenta con una central de reservas propia que se encarga de coordinar que clientes y propietarios tengan la informaci\u00f3n necesaria de cada reserva y de garantizar que los responsables del alojamiento respondan r\u00e1pidamente ante cualquier circunstancia que se pueda generar. Es aqu\u00ed en la central de reservas, d\u00f3nde Laura y Ana, pueden asesorarle en la b\u00fasqueda de la casa rural ideal para sus vacaciones. S\u00f3lo debe pensar inicialmente en aquellas caracter\u00edsticas y requisitos que desea de la casa, las fechas en las que se desea viajar y el n\u00famero de personas. Desde aqu\u00ed podremos asesorarle sobre las casas, las zonas y las caracter\u00edsticas m\u00e1s espec\u00edficas no recogidas en la web. \u00a1Estaremos encantadas de poder atenderle!<\/span><\/p>\n<p>[\/vc_column_text][vc_separator type=&#8221;transparent&#8221; position=&#8221;center&#8221; up=&#8221;20&#8243; down=&#8221;10&#8243;][vc_row_inner][vc_column_inner width=&#8221;1\/2&#8243;]<a  itemprop=\"url\" href=\"#\" target=\"_self\"  class=\"qbutton  default\" style=\"\">+34 922 430 625<i class=\"qode_icon_font_awesome fa fa-phone qode_button_icon_element\" style=\"\" ><\/i><\/a>[\/vc_column_inner][vc_column_inner width=&#8221;1\/2&#8243;]<a  itemprop=\"url\" href=\"mailto:reservas@islabonita.es\" target=\"_blank\"  class=\"qbutton  default\" style=\"\">Visite su web<i class=\"qode_icon_font_awesome fa fa-envelope qode_button_icon_element\" style=\"\" ><\/i><\/a>[\/vc_column_inner][\/vc_row_inner][vc_separator type=&#8221;transparent&#8221; position=&#8221;center&#8221; up=&#8221;80&#8243; down=&#8221;0&#8243;][\/vc_column][\/vc_row][vc_row row_type=&#8221;row&#8221; type=&#8221;grid&#8221; text_align=&#8221;left&#8221; background_image_as_pattern=&#8221;without_pattern&#8221;][vc_column width=&#8221;1\/1&#8243;][vc_separator type=&#8221;transparent&#8221; position=&#8221;center&#8221; up=&#8221;12&#8243; down=&#8221;0&#8243;]<a  itemprop=\"url\" href=\"http:\/\/www.starsislandlapalma.es\/en\/walk-and-watch\/\" target=\"_self\"  class=\"qbutton  default\" style=\"\">RETURN<\/a>[vc_separator type=&#8221;transparent&#8221; position=&#8221;center&#8221; up=&#8221;59&#8243; down=&#8221;0&#8243;][\/vc_column][\/vc_row][vc_row row_type=&#8221;row&#8221; type=&#8221;full_width&#8221; text_align=&#8221;center&#8221; background_image=&#8221;15408&#8243; section_height=&#8221;500&#8243; background_image_as_pattern=&#8221;without_pattern&#8221;][vc_column width=&#8221;1\/1&#8243;][vc_separator type=&#8221;transparent&#8221; position=&#8221;center&#8221; up=&#8221;45&#8243; down=&#8221;0&#8243;][vc_column_text]<\/p>\n<h2 style=\"text-align: center;\"><span style=\"color: #ffffff;\">VISIT THE OBSERVATORY<\/span><\/h2>\n<p>[\/vc_column_text][vc_separator type=&#8221;small&#8221; position=&#8221;center&#8221; down=&#8221;29&#8243; up=&#8221;24&#8243; color=&#8221;#ffffff&#8221;][vc_column_text]<\/p>\n<h6 style=\"text-align: center;\"><span style=\"color: #ffffff;\">The Roque de los Muchachos Observatory is open to visitors. <\/span><\/h6>\n<h6 style=\"text-align: center;\"><span style=\"color: #ffffff;\">Take this chance and enjoy the stars from one of the most privileged sites on the planet for astronomic observations.<\/span><\/h6>\n<p>[\/vc_column_text][vc_separator type=&#8221;transparent&#8221; position=&#8221;center&#8221; up=&#8221;31&#8243; down=&#8221;0&#8243;][vc_row_inner row_type=&#8221;row&#8221; type=&#8221;full_width&#8221; text_align=&#8221;center&#8221;][vc_column_inner width=&#8221;1\/3&#8243;]<a  itemprop=\"url\" href=\"http:\/\/www.starsislandlapalma.es\/observatorio-astrofisico\/visitas-guiadas\/reserva-particulares\/index_en.html\" target=\"_blank\" data-hover-background-color=#005769 data-hover-border-color=#005769 data-hover-color=#ffffff class=\"qbutton  small center default\" style=\"color: #000000; border-color: #ffffff; background-color: #ffffff;\">PRIVATE BOOKING<\/a>[\/vc_column_inner][vc_column_inner width=&#8221;1\/3&#8243;]<a  itemprop=\"url\" href=\"https:\/\/www.iac.es\/es\/observatorios-de-canarias\/observatorio-del-roque-de-los-muchachos\/visitas?lang=en\" target=\"_blank\" data-hover-background-color=#005769 data-hover-border-color=#005769 data-hover-color=#ffffff class=\"qbutton  small center default\" style=\"color: #000000; border-color: #ffffff; background-color: #ffffff;\">BOOKING FOR EDUCATIONAL GROUPS<\/a>[\/vc_column_inner][vc_column_inner width=&#8221;1\/3&#8243;]<a  itemprop=\"url\" href=\"http:\/\/www.iac.es\/eno.php?op1=2&amp;op2=420&amp;op3=57&amp;lang=en\" target=\"_blank\" data-hover-background-color=#005769 data-hover-border-color=#005769 data-hover-color=#ffffff class=\"qbutton  small center default\" style=\"color: #000000; border-color: #ffffff; background-color: #ffffff;\">BOOKING FOR MEDIA<\/a>[\/vc_column_inner][\/vc_row_inner][vc_separator type=&#8221;transparent&#8221; position=&#8221;center&#8221; up=&#8221;121&#8243; down=&#8221;0&#8243;][\/vc_column][\/vc_row]<\/p>\n","protected":false},"excerpt":{"rendered":"<p>[vc_row row_type=&#8221;row&#8221; type=&#8221;grid&#8221; text_align=&#8221;left&#8221; padding_top=&#8221;87&#8243; padding_bottom=&#8221;0&#8243; background_image_as_pattern=&#8221;without_pattern&#8221;][vc_column width=&#8221;1\/1&#8243;][vc_column_text] ASOCIACI\u00d3N DE TURISMO RURAL [\/vc_column_text][vc_separator type=&#8221;small&#8221; position=&#8221;center&#8221; down=&#8221;20&#8243; up=&#8221;7&#8243;][\/vc_column][\/vc_row][vc_row row_type=&#8221;row&#8221; type=&#8221;grid&#8221; text_align=&#8221;left&#8221; padding_top=&#8221;37&#8243; background_image_as_pattern=&#8221;without_pattern&#8221;][vc_column width=&#8221;1\/1&#8243;][vc_column_text] Desde 1992 la Asociaci\u00f3n insular de Turismo Rural Isla Bonita ha venido participando en el impulso del turismo rural y otros nuevos&#8230;<\/p>\n","protected":false},"author":1,"featured_media":0,"parent":17259,"menu_order":0,"comment_status":"open","ping_status":"open","template":"full_width.php","meta":{"footnotes":""},"yoast_head":"<!-- This site is optimized with the Yoast SEO plugin v24.5 - https:\/\/yoast.com\/wordpress\/plugins\/seo\/ -->\n<title>Asociaci\u00f3n de Turismo Rural &#8902; Stars Island La Palma<\/title>\n<meta name=\"robots\" content=\"index, follow, max-snippet:-1, max-image-preview:large, max-video-preview:-1\" \/>\n<link rel=\"canonical\" href=\"https:\/\/www.starsislandlapalma.es\/en\/starsislands-companies\/accommodations\/asociacion-de-turismo-rural\/\" \/>\n<meta property=\"og:locale\" content=\"en_US\" \/>\n<meta property=\"og:type\" content=\"article\" \/>\n<meta property=\"og:title\" content=\"Asociaci\u00f3n de Turismo Rural &#8902; Stars Island La Palma\" \/>\n<meta property=\"og:description\" content=\"[vc_row row_type=&#8221;row&#8221; type=&#8221;grid&#8221; text_align=&#8221;left&#8221; padding_top=&#8221;87&#8243; padding_bottom=&#8221;0&#8243; background_image_as_pattern=&#8221;without_pattern&#8221;][vc_column width=&#8221;1\/1&#8243;][vc_column_text] ASOCIACI\u00d3N DE TURISMO RURAL [\/vc_column_text][vc_separator type=&#8221;small&#8221; position=&#8221;center&#8221; down=&#8221;20&#8243; up=&#8221;7&#8243;][\/vc_column][\/vc_row][vc_row row_type=&#8221;row&#8221; type=&#8221;grid&#8221; text_align=&#8221;left&#8221; padding_top=&#8221;37&#8243; background_image_as_pattern=&#8221;without_pattern&#8221;][vc_column width=&#8221;1\/1&#8243;][vc_column_text] Desde 1992 la Asociaci\u00f3n insular de Turismo Rural Isla Bonita ha venido participando en el impulso del turismo rural y otros nuevos...\" \/>\n<meta property=\"og:url\" content=\"https:\/\/www.starsislandlapalma.es\/en\/starsislands-companies\/accommodations\/asociacion-de-turismo-rural\/\" \/>\n<meta property=\"og:site_name\" content=\"Stars Island La Palma\" \/>\n<meta property=\"article:publisher\" content=\"https:\/\/www.facebook.com\/pages\/Starsisland-La-Palma\/210888162375006?ref=hl\" \/>\n<meta name=\"twitter:label1\" content=\"Est. reading time\" \/>\n\t<meta name=\"twitter:data1\" content=\"5 minutes\" \/>\n<script type=\"application\/ld+json\" class=\"yoast-schema-graph\">{\"@context\":\"https:\/\/schema.org\",\"@graph\":[{\"@type\":\"WebPage\",\"@id\":\"https:\/\/www.starsislandlapalma.es\/en\/starsislands-companies\/accommodations\/asociacion-de-turismo-rural\/\",\"url\":\"https:\/\/www.starsislandlapalma.es\/en\/starsislands-companies\/accommodations\/asociacion-de-turismo-rural\/\",\"name\":\"Asociaci\u00f3n de Turismo Rural &#8902; Stars Island La Palma\",\"isPartOf\":{\"@id\":\"https:\/\/www.starsislandlapalma.es\/#website\"},\"datePublished\":\"2015-03-23T11:01:57+00:00\",\"breadcrumb\":{\"@id\":\"https:\/\/www.starsislandlapalma.es\/en\/starsislands-companies\/accommodations\/asociacion-de-turismo-rural\/#breadcrumb\"},\"inLanguage\":\"en-US\",\"potentialAction\":[{\"@type\":\"ReadAction\",\"target\":[\"https:\/\/www.starsislandlapalma.es\/en\/starsislands-companies\/accommodations\/asociacion-de-turismo-rural\/\"]}]},{\"@type\":\"BreadcrumbList\",\"@id\":\"https:\/\/www.starsislandlapalma.es\/en\/starsislands-companies\/accommodations\/asociacion-de-turismo-rural\/#breadcrumb\",\"itemListElement\":[{\"@type\":\"ListItem\",\"position\":1,\"name\":\"Portada\",\"item\":\"https:\/\/www.starsislandlapalma.es\/en\/\"},{\"@type\":\"ListItem\",\"position\":2,\"name\":\"Starsislands companies\",\"item\":\"https:\/\/www.starsislandlapalma.es\/en\/starsislands-companies\/\"},{\"@type\":\"ListItem\",\"position\":3,\"name\":\"Accommodations\",\"item\":\"https:\/\/www.starsislandlapalma.es\/en\/starsislands-companies\/accommodations\/\"},{\"@type\":\"ListItem\",\"position\":4,\"name\":\"Asociaci\u00f3n de Turismo Rural\"}]},{\"@type\":\"WebSite\",\"@id\":\"https:\/\/www.starsislandlapalma.es\/#website\",\"url\":\"https:\/\/www.starsislandlapalma.es\/\",\"name\":\"Stars Island La Palma\",\"description\":\"La Palma, el lugar perfecto para disfrutar del universo. Primera Reserva Starlight del mundo, en 2012 se reconoce como Destino Tur\u00edstico Starlight\",\"publisher\":{\"@id\":\"https:\/\/www.starsislandlapalma.es\/#organization\"},\"potentialAction\":[{\"@type\":\"SearchAction\",\"target\":{\"@type\":\"EntryPoint\",\"urlTemplate\":\"https:\/\/www.starsislandlapalma.es\/?s={search_term_string}\"},\"query-input\":{\"@type\":\"PropertyValueSpecification\",\"valueRequired\":true,\"valueName\":\"search_term_string\"}}],\"inLanguage\":\"en-US\"},{\"@type\":\"Organization\",\"@id\":\"https:\/\/www.starsislandlapalma.es\/#organization\",\"name\":\"Star Island La Palma\",\"url\":\"https:\/\/www.starsislandlapalma.es\/\",\"logo\":{\"@type\":\"ImageObject\",\"inLanguage\":\"en-US\",\"@id\":\"https:\/\/www.starsislandlapalma.es\/#\/schema\/logo\/image\/\",\"url\":\"https:\/\/www.starsislandlapalma.es\/wp-content\/uploads\/2022\/01\/logo_starisland.png\",\"contentUrl\":\"https:\/\/www.starsislandlapalma.es\/wp-content\/uploads\/2022\/01\/logo_starisland.png\",\"width\":172,\"height\":139,\"caption\":\"Star Island La Palma\"},\"image\":{\"@id\":\"https:\/\/www.starsislandlapalma.es\/#\/schema\/logo\/image\/\"},\"sameAs\":[\"https:\/\/www.facebook.com\/pages\/Starsisland-La-Palma\/210888162375006?ref=hl\",\"https:\/\/x.com\/starsislandlapa\",\"https:\/\/www.pinterest.com\/astroturismo\/\",\"https:\/\/www.youtube.com\/channel\/UCV7sju1ggcBpJG39HQCBtsA\"]}]}<\/script>\n<!-- \/ Yoast SEO plugin. -->","yoast_head_json":{"title":"Asociaci\u00f3n de Turismo Rural &#8902; Stars Island La Palma","robots":{"index":"index","follow":"follow","max-snippet":"max-snippet:-1","max-image-preview":"max-image-preview:large","max-video-preview":"max-video-preview:-1"},"canonical":"https:\/\/www.starsislandlapalma.es\/en\/starsislands-companies\/accommodations\/asociacion-de-turismo-rural\/","og_locale":"en_US","og_type":"article","og_title":"Asociaci\u00f3n de Turismo Rural &#8902; Stars Island La Palma","og_description":"[vc_row row_type=&#8221;row&#8221; type=&#8221;grid&#8221; text_align=&#8221;left&#8221; padding_top=&#8221;87&#8243; padding_bottom=&#8221;0&#8243; background_image_as_pattern=&#8221;without_pattern&#8221;][vc_column width=&#8221;1\/1&#8243;][vc_column_text] ASOCIACI\u00d3N DE TURISMO RURAL [\/vc_column_text][vc_separator type=&#8221;small&#8221; position=&#8221;center&#8221; down=&#8221;20&#8243; up=&#8221;7&#8243;][\/vc_column][\/vc_row][vc_row row_type=&#8221;row&#8221; type=&#8221;grid&#8221; text_align=&#8221;left&#8221; padding_top=&#8221;37&#8243; background_image_as_pattern=&#8221;without_pattern&#8221;][vc_column width=&#8221;1\/1&#8243;][vc_column_text] Desde 1992 la Asociaci\u00f3n insular de Turismo Rural Isla Bonita ha venido participando en el impulso del turismo rural y otros nuevos...","og_url":"https:\/\/www.starsislandlapalma.es\/en\/starsislands-companies\/accommodations\/asociacion-de-turismo-rural\/","og_site_name":"Stars Island La Palma","article_publisher":"https:\/\/www.facebook.com\/pages\/Starsisland-La-Palma\/210888162375006?ref=hl","twitter_misc":{"Est. reading time":"5 minutes"},"schema":{"@context":"https:\/\/schema.org","@graph":[{"@type":"WebPage","@id":"https:\/\/www.starsislandlapalma.es\/en\/starsislands-companies\/accommodations\/asociacion-de-turismo-rural\/","url":"https:\/\/www.starsislandlapalma.es\/en\/starsislands-companies\/accommodations\/asociacion-de-turismo-rural\/","name":"Asociaci\u00f3n de Turismo Rural &#8902; Stars Island La Palma","isPartOf":{"@id":"https:\/\/www.starsislandlapalma.es\/#website"},"datePublished":"2015-03-23T11:01:57+00:00","breadcrumb":{"@id":"https:\/\/www.starsislandlapalma.es\/en\/starsislands-companies\/accommodations\/asociacion-de-turismo-rural\/#breadcrumb"},"inLanguage":"en-US","potentialAction":[{"@type":"ReadAction","target":["https:\/\/www.starsislandlapalma.es\/en\/starsislands-companies\/accommodations\/asociacion-de-turismo-rural\/"]}]},{"@type":"BreadcrumbList","@id":"https:\/\/www.starsislandlapalma.es\/en\/starsislands-companies\/accommodations\/asociacion-de-turismo-rural\/#breadcrumb","itemListElement":[{"@type":"ListItem","position":1,"name":"Portada","item":"https:\/\/www.starsislandlapalma.es\/en\/"},{"@type":"ListItem","position":2,"name":"Starsislands companies","item":"https:\/\/www.starsislandlapalma.es\/en\/starsislands-companies\/"},{"@type":"ListItem","position":3,"name":"Accommodations","item":"https:\/\/www.starsislandlapalma.es\/en\/starsislands-companies\/accommodations\/"},{"@type":"ListItem","position":4,"name":"Asociaci\u00f3n de Turismo Rural"}]},{"@type":"WebSite","@id":"https:\/\/www.starsislandlapalma.es\/#website","url":"https:\/\/www.starsislandlapalma.es\/","name":"Stars Island La Palma","description":"La Palma, el lugar perfecto para disfrutar del universo. Primera Reserva Starlight del mundo, en 2012 se reconoce como Destino Tur\u00edstico Starlight","publisher":{"@id":"https:\/\/www.starsislandlapalma.es\/#organization"},"potentialAction":[{"@type":"SearchAction","target":{"@type":"EntryPoint","urlTemplate":"https:\/\/www.starsislandlapalma.es\/?s={search_term_string}"},"query-input":{"@type":"PropertyValueSpecification","valueRequired":true,"valueName":"search_term_string"}}],"inLanguage":"en-US"},{"@type":"Organization","@id":"https:\/\/www.starsislandlapalma.es\/#organization","name":"Star Island La Palma","url":"https:\/\/www.starsislandlapalma.es\/","logo":{"@type":"ImageObject","inLanguage":"en-US","@id":"https:\/\/www.starsislandlapalma.es\/#\/schema\/logo\/image\/","url":"https:\/\/www.starsislandlapalma.es\/wp-content\/uploads\/2022\/01\/logo_starisland.png","contentUrl":"https:\/\/www.starsislandlapalma.es\/wp-content\/uploads\/2022\/01\/logo_starisland.png","width":172,"height":139,"caption":"Star Island La Palma"},"image":{"@id":"https:\/\/www.starsislandlapalma.es\/#\/schema\/logo\/image\/"},"sameAs":["https:\/\/www.facebook.com\/pages\/Starsisland-La-Palma\/210888162375006?ref=hl","https:\/\/x.com\/starsislandlapa","https:\/\/www.pinterest.com\/astroturismo\/","https:\/\/www.youtube.com\/channel\/UCV7sju1ggcBpJG39HQCBtsA"]}]}},"_links":{"self":[{"href":"https:\/\/www.starsislandlapalma.es\/en\/wp-json\/wp\/v2\/pages\/18170\/"}],"collection":[{"href":"https:\/\/www.starsislandlapalma.es\/en\/wp-json\/wp\/v2\/pages\/"}],"about":[{"href":"https:\/\/www.starsislandlapalma.es\/en\/wp-json\/wp\/v2\/types\/page\/"}],"author":[{"embeddable":true,"href":"https:\/\/www.starsislandlapalma.es\/en\/wp-json\/wp\/v2\/users\/1\/"}],"replies":[{"embeddable":true,"href":"https:\/\/www.starsislandlapalma.es\/en\/wp-json\/wp\/v2\/comments\/?post=18170"}],"version-history":[{"count":0,"href":"https:\/\/www.starsislandlapalma.es\/en\/wp-json\/wp\/v2\/pages\/18170\/revisions\/"}],"up":[{"embeddable":true,"href":"https:\/\/www.starsislandlapalma.es\/en\/wp-json\/wp\/v2\/pages\/17259\/"}],"wp:attachment":[{"href":"https:\/\/www.starsislandlapalma.es\/en\/wp-json\/wp\/v2\/media\/?parent=18170"}],"curies":[{"name":"wp","href":"https:\/\/api.w.org\/{rel}","templated":true}]}}